{"id":133042,"date":"2023-08-30T08:37:53","date_gmt":"2023-08-30T08:37:53","guid":{"rendered":"https:\/\/lighthouselocarno.ch\/cookie-richtlinie-eu\/"},"modified":"2025-05-28T15:51:14","modified_gmt":"2025-05-28T15:51:14","slug":"cookie-richtlinie-eu","status":"publish","type":"page","link":"https:\/\/lighthouselocarno.ch\/de\/cookie-richtlinie-eu\/","title":{"rendered":"Cookie-Richtlinie (EU)"},"content":{"rendered":"\n<p><strong>Lichthaus Zubeh\u00f6r<\/strong><br\/><em>Zuletzt aktualisiert: 1. Juni 2025<\/em><\/p>\n\n<p>Die Website <strong><a class=\"\" href=\"http:\/\/www.lighthouselocarno.ch\">www.lighthouselocarno.ch<\/a><\/strong> verwendet Cookies und \u00e4hnliche Technologien, um das ordnungsgem\u00e4\u00dfe Funktionieren der Website zu gew\u00e4hrleisten, die Benutzerfreundlichkeit zu verbessern und den Datenverkehr zu analysieren.<\/p>\n\n<p>Diese Cookie-Richtlinie erkl\u00e4rt, was Cookies sind, wie wir sie verwenden und wie Sie sie verwalten k\u00f6nnen.<\/p>\n\n<hr class=\"wp-block-separator has-alpha-channel-opacity\"\/>\n\n<h2 class=\"wp-block-heading\">1. Was sind Cookies?<\/h2>\n\n<p><strong>Cookies<\/strong> sind kleine Textdateien, die eine Website auf Ihrem Ger\u00e4t speichert, wenn Sie sie besuchen. Sie werden verwendet, um Informationen zu speichern, die Ihr Surferlebnis verbessern (z.B. bevorzugte Sprache, Artikel in Ihrem Einkaufswagen). <\/p>\n\n<p>Cookies k\u00f6nnen sein:<\/p>\n\n<ul class=\"wp-block-list\">\n<li><strong>Technisch<\/strong> (notwendig): unerl\u00e4sslich f\u00fcr das Funktionieren der Website<\/li>\n\n\n\n<li><strong>Analytik<\/strong>: Sammeln aggregierter Daten \u00fcber die Nutzung der Website<\/li>\n\n\n\n<li><strong>Marketing\/Profilierung<\/strong>: wird verwendet, um Ihnen Werbung zu zeigen, die Ihren Interessen entspricht<\/li>\n<\/ul>\n\n<hr class=\"wp-block-separator has-alpha-channel-opacity\"\/>\n\n<h2 class=\"wp-block-heading\">2. Verwendete Arten von Cookies<\/h2>\n\n<h3 class=\"wp-block-heading\">\ud83d\udd27 Technische Cookies (notwendig)<\/h3>\n\n<ul class=\"wp-block-list\">\n<li>Grundlegende Website-Funktionen (Einkaufswagen, Anmeldung, Sprachauswahl)<\/li>\n\n\n\n<li>Sie ben\u00f6tigen keine Zustimmung<\/li>\n<\/ul>\n\n<h3 class=\"wp-block-heading\">\ud83d\udcca Analytische Cookies (optional)<\/h3>\n\n<ul class=\"wp-block-list\">\n<li>Sie sammeln anonyme Informationen \u00fcber den Datenverkehr, die besuchten Seiten, das Benutzerverhalten<\/li>\n\n\n\n<li>Beispiele: Google Analytics (mit anonymisierter IP)<\/li>\n\n\n\n<li><strong>Sie bed\u00fcrfen der Zustimmung<\/strong><\/li>\n<\/ul>\n\n<h3 class=\"wp-block-heading\">\ud83d\udce2 Marketing-Cookies (optional)<\/h3>\n\n<ul class=\"wp-block-list\">\n<li>Verwendet von Remarketing-Diensten Dritter (z.B. Google, Meta\/Facebook)<\/li>\n\n\n\n<li>Verfolgung des Benutzers zwischen verschiedenen Websites<\/li>\n\n\n\n<li><strong>Ausdr\u00fcckliche Zustimmung verlangen<\/strong><\/li>\n<\/ul>\n\n<hr class=\"wp-block-separator has-alpha-channel-opacity\"\/>\n\n<h2 class=\"wp-block-heading\">3. Cookies von Dritten<\/h2>\n\n<p>Unsere Website kann integrierte Inhalte von externen Plattformen enthalten (z.B. Google Maps, YouTube, Meta Pixel). Diese Dienste k\u00f6nnen ihre eigenen Cookies installieren. <\/p>\n\n<p>Bitte konsultieren Sie die jeweiligen Datenschutzrichtlinien:<\/p>\n\n<ul class=\"wp-block-list\">\n<li><a>Google<\/a><\/li>\n\n\n\n<li><a class=\"\" href=\"https:\/\/www.facebook.com\/privacy\/policy\">Meta \/ Facebook<\/a><\/li>\n\n\n\n<li><a>YouTube<\/a><\/li>\n<\/ul>\n\n<hr class=\"wp-block-separator has-alpha-channel-opacity\"\/>\n\n<h2 class=\"wp-block-heading\">4. Cookies verwalten<\/h2>\n\n<p>Wenn Sie die Website \u00f6ffnen, wird ein <strong>Einwilligungsbanner<\/strong> angezeigt, \u00fcber das Sie Ihre <strong>Zustimmung<\/strong> geben k\u00f6nnen:<\/p>\n\n<ul class=\"wp-block-list\">\n<li>Alle Cookies akzeptieren<\/li>\n\n\n\n<li>Passen Sie Ihre Einstellungen an<\/li>\n\n\n\n<li>Unn\u00f6tige Cookies ablehnen<\/li>\n<\/ul>\n\n<p>Sie k\u00f6nnen Ihre Einstellungen jederzeit \u00e4ndern, indem Sie unten auf der Website auf <strong>\u201eCookies verwalten\u201c<\/strong> klicken.<\/p>\n\n<p>Dar\u00fcber hinaus k\u00f6nnen Sie Cookies in Ihrem Browser verwalten oder deaktivieren:<\/p>\n\n<ul class=\"wp-block-list\">\n<li><a>Chrom<\/a><\/li>\n\n\n\n<li><a class=\"\" href=\"https:\/\/support.mozilla.org\/it\/kb\/Gestione%20dei%20cookie\">Firefox<\/a><\/li>\n\n\n\n<li><a class=\"\" href=\"https:\/\/support.apple.com\/it-it\/guide\/safari\/sfri11471\/mac\">Safari<\/a><\/li>\n\n\n\n<li><a class=\"\" href=\"https:\/\/support.microsoft.com\/it-it\/help\/4027947\">Rand<\/a><\/li>\n<\/ul>\n\n<hr class=\"wp-block-separator has-alpha-channel-opacity\"\/>\n\n<h2 class=\"wp-block-heading\">5. Dauer der Cookies<\/h2>\n\n<p>Die Dauer der Cookies kann variieren:<\/p>\n\n<ul class=\"wp-block-list\">\n<li><strong>Session-Cookies<\/strong>: Sie werden gel\u00f6scht, wenn Sie den Browser schlie\u00dfen.<\/li>\n\n\n\n<li><strong>Dauerhafte Cookies<\/strong>: bleiben f\u00fcr einen bestimmten Zeitraum gespeichert (z.B. 1 Tag, 6 Monate, 1 Jahr)<\/li>\n<\/ul>\n\n<hr class=\"wp-block-separator has-alpha-channel-opacity\"\/>\n\n<h2 class=\"wp-block-heading\">6. Rechtsgrundlage der Verarbeitung<\/h2>\n\n<ul class=\"wp-block-list\">\n<li>Technische Cookies: <strong>legitimes Interesse<\/strong> (wesentliche Funktionalit\u00e4ten)<\/li>\n\n\n\n<li>Analytische und Marketing-Cookies: <strong>Einwilligung<\/strong> (Art. 6(1)(a) GDPR)<\/li>\n<\/ul>\n\n<hr class=\"wp-block-separator has-alpha-channel-opacity\"\/>\n\n<h2 class=\"wp-block-heading\">7. \u00c4nderungen an dieser Politik<\/h2>\n\n<p>Light House Accessories beh\u00e4lt sich das Recht vor, diese Cookie-Richtlinie zu aktualisieren. Wir empfehlen Ihnen, sie regelm\u00e4\u00dfig zu lesen. \u00c4nderungen werden mit der Ver\u00f6ffentlichung auf der Website wirksam.  <\/p>\n\n<hr class=\"wp-block-separator has-alpha-channel-opacity\"\/>\n\n<h3 class=\"wp-block-heading\">Kontakt<\/h3>\n\n<p>Wenn Sie Fragen zu unserer Cookie-Richtlinie haben oder Ihre Rechte aus\u00fcben m\u00f6chten:<br\/>\ud83d\udce7 <strong><a>info@lighthouselocarno.ch<\/a><\/strong><\/p>\n","protected":false},"excerpt":{"rendered":"<p>Lichthaus Zubeh\u00f6rZuletzt aktualisiert: 1. Juni 2025 Die Website www.lighthouselocarno.ch verwendet Cookies und \u00e4hnliche Technologien, um das ordnungsgem\u00e4\u00dfe Funktionieren der Website zu gew\u00e4hrleisten, die Benutzerfreundlichkeit zu verbessern und den Datenverkehr zu analysieren. Diese Cookie-Richtlinie erkl\u00e4rt, was Cookies sind, wie wir sie verwenden und wie Sie sie verwalten k\u00f6nnen. 1. Was sind Cookies? Cookies sind kleine Textdateien, [&hellip;]<\/p>\n","protected":false},"author":1,"featured_media":0,"parent":0,"menu_order":0,"comment_status":"closed","ping_status":"closed","template":"","meta":{"_seopress_robots_primary_cat":"","_seopress_titles_title":"","_seopress_titles_desc":"","_seopress_robots_index":"","footnotes":""},"class_list":["post-133042","page","type-page","status-publish"],"jetpack_sharing_enabled":true,"_links":{"self":[{"href":"https:\/\/lighthouselocarno.ch\/de\/wp-json\/wp\/v2\/pages\/133042","targetHints":{"allow":["GET"]}}],"collection":[{"href":"https:\/\/lighthouselocarno.ch\/de\/wp-json\/wp\/v2\/pages"}],"about":[{"href":"https:\/\/lighthouselocarno.ch\/de\/wp-json\/wp\/v2\/types\/page"}],"author":[{"embeddable":true,"href":"https:\/\/lighthouselocarno.ch\/de\/wp-json\/wp\/v2\/users\/1"}],"replies":[{"embeddable":true,"href":"https:\/\/lighthouselocarno.ch\/de\/wp-json\/wp\/v2\/comments?post=133042"}],"version-history":[{"count":0,"href":"https:\/\/lighthouselocarno.ch\/de\/wp-json\/wp\/v2\/pages\/133042\/revisions"}],"wp:attachment":[{"href":"https:\/\/lighthouselocarno.ch\/de\/wp-json\/wp\/v2\/media?parent=133042"}],"curies":[{"name":"wp","href":"https:\/\/api.w.org\/{rel}","templated":true}]}}