{"id":155137,"date":"2025-03-04T13:09:37","date_gmt":"2025-03-04T13:09:37","guid":{"rendered":"https:\/\/lighthouselocarno.ch\/haeufig-gestellte-fragen-faq-2\/"},"modified":"2025-03-04T13:34:17","modified_gmt":"2025-03-04T13:34:17","slug":"haeufig-gestellte-fragen-faq-2","status":"publish","type":"page","link":"https:\/\/lighthouselocarno.ch\/de\/haeufig-gestellte-fragen-faq-2\/","title":{"rendered":"H\u00e4ufig gestellte Fragen ( FAQ )"},"content":{"rendered":"\t\t<div data-elementor-type=\"wp-page\" data-elementor-id=\"155137\" class=\"elementor elementor-155137 elementor-155119\" data-elementor-post-type=\"page\">\n\t\t\t\t\t\t<section class=\"elementor-section elementor-top-section elementor-element elementor-element-4ea0921 elementor-section-boxed elementor-section-height-default elementor-section-height-default\" data-id=\"4ea0921\" data-element_type=\"section\" data-e-type=\"section\" data-settings=\"{&quot;background_background&quot;:&quot;classic&quot;}\">\n\t\t\t\t\t\t<div class=\"elementor-container elementor-column-gap-default\">\n\t\t\t\t\t<div class=\"elementor-column elementor-col-100 elementor-top-column elementor-element elementor-element-fbc3240\" data-id=\"fbc3240\" data-element_type=\"column\" data-e-type=\"column\" data-settings=\"{&quot;background_background&quot;:&quot;classic&quot;}\">\n\t\t\t<div class=\"elementor-widget-wrap elementor-element-populated\">\n\t\t\t\t\t\t<section class=\"elementor-section elementor-inner-section elementor-element elementor-element-95f253a elementor-section-boxed elementor-section-height-default elementor-section-height-default\" data-id=\"95f253a\" data-element_type=\"section\" data-e-type=\"section\">\n\t\t\t\t\t\t<div class=\"elementor-container elementor-column-gap-default\">\n\t\t\t\t\t<div class=\"elementor-column elementor-col-100 elementor-inner-column elementor-element elementor-element-73bdfeb\" data-id=\"73bdfeb\" data-element_type=\"column\" data-e-type=\"column\">\n\t\t\t<div class=\"elementor-widget-wrap elementor-element-populated\">\n\t\t\t\t\t\t<div class=\"elementor-element elementor-element-baf4ed4 elementor-widget elementor-widget-text-editor\" data-id=\"baf4ed4\" data-element_type=\"widget\" data-e-type=\"widget\" data-widget_type=\"text-editor.default\">\n\t\t\t\t\t\t\t\t\t<nav  aria-label=\"Brotkrumen\"><ol class=\"breadcrumb\"><li class=\"breadcrumb-item active\" aria-current=\"page\"><span>Startseite<\/span><\/li><\/ol><\/nav>\t\t\t\t\t\t\t\t<\/div>\n\t\t\t\t\t<\/div>\n\t\t<\/div>\n\t\t\t\t\t<\/div>\n\t\t<\/section>\n\t\t\t\t\t<\/div>\n\t\t<\/div>\n\t\t\t\t\t<\/div>\n\t\t<\/section>\n\t\t\t\t<section class=\"elementor-section elementor-top-section elementor-element elementor-element-b7eb8a3 elementor-section-boxed elementor-section-height-default elementor-section-height-default\" data-id=\"b7eb8a3\" data-element_type=\"section\" data-e-type=\"section\">\n\t\t\t\t\t\t<div class=\"elementor-container elementor-column-gap-default\">\n\t\t\t\t\t<div class=\"elementor-column elementor-col-33 elementor-top-column elementor-element elementor-element-ce7b2b3 elementor-invisible\" data-id=\"ce7b2b3\" data-element_type=\"column\" data-e-type=\"column\" data-settings=\"{&quot;animation&quot;:&quot;fadeInLeft&quot;}\">\n\t\t\t<div class=\"elementor-widget-wrap elementor-element-populated\">\n\t\t\t\t\t\t<div class=\"elementor-element elementor-element-776d881 elementor-widget elementor-widget-heading\" data-id=\"776d881\" data-element_type=\"widget\" data-e-type=\"widget\" data-widget_type=\"heading.default\">\n\t\t\t\t\t<h6 class=\"elementor-heading-title elementor-size-default\">FAQ<\/h6>\t\t\t\t<\/div>\n\t\t\t\t<div class=\"elementor-element elementor-element-2177ff3 elementor-widget elementor-widget-heading\" data-id=\"2177ff3\" data-element_type=\"widget\" data-e-type=\"widget\" data-widget_type=\"heading.default\">\n\t\t\t\t\t<h2 class=\"elementor-heading-title elementor-size-default\">Fragen und Antworten<\/h2>\t\t\t\t<\/div>\n\t\t\t\t<div class=\"elementor-element elementor-element-5d1556a elementor-widget elementor-widget-text-editor\" data-id=\"5d1556a\" data-element_type=\"widget\" data-e-type=\"widget\" data-widget_type=\"text-editor.default\">\n\t\t\t\t\t\t\t\t\t<p data-start=\"203\" data-end=\"480\">Willkommen in der Rubrik <strong data-start=\"227\" data-end=\"248\">H\u00e4ufig gestellte Fragen<\/strong> von <strong data-start=\"252\" data-end=\"294\">Light House - Home and Life Philosophy<\/strong>. Hier finden Sie Antworten auf die am h\u00e4ufigsten gestellten Fragen zu unseren Produkten, Kaufmethoden und Versand. Wenn Sie weitere Informationen ben\u00f6tigen, z\u00f6gern Sie bitte nicht, uns zu kontaktieren.  <\/p>\t\t\t\t\t\t\t\t<\/div>\n\t\t\t\t\t<\/div>\n\t\t<\/div>\n\t\t\t\t<div class=\"elementor-column elementor-col-66 elementor-top-column elementor-element elementor-element-09adfb0 elementor-invisible\" data-id=\"09adfb0\" data-element_type=\"column\" data-e-type=\"column\" data-settings=\"{&quot;animation&quot;:&quot;fadeInRight&quot;}\">\n\t\t\t<div class=\"elementor-widget-wrap elementor-element-populated\">\n\t\t\t\t\t\t<div class=\"elementor-element elementor-element-73df4e4 elementor-widget elementor-widget-elementskit-accordion\" data-id=\"73df4e4\" data-element_type=\"widget\" data-e-type=\"widget\" data-widget_type=\"elementskit-accordion.default\">\n\t\t\t\t\t<div class=\"ekit-wid-con\" >\n        <div class=\"elementskit-accordion accoedion-primary\" id=\"accordion-69e96986d256b\">\n\n            \n                <div class=\"elementskit-card active\">\n                    <div class=\"elementskit-card-header\" id=\"primaryHeading-0-73df4e4\">\n                        <a href=\"#collapse-cd2e1f369e96986d256b\" class=\"ekit-accordion--toggler elementskit-btn-link collapsed\" data-ekit-toggle=\"collapse\" data-target=\"#Collapse-cd2e1f369e96986d256b\" aria-expanded=\"true\" aria-controls=\"Collapse-cd2e1f369e96986d256b\">\n                            \n                            <span class=\"ekit-accordion-title\">Wo befindet sich der Light House Shop?<\/span>\n\n                            \n                                <div class=\"ekit_accordion_icon_group\">\n                                    <div class=\"ekit_accordion_normal_icon\">\n                                        <!-- Normal Icon -->\n\t\t\t\t\t\t\t\t\t\t<i class=\"icon icon-down-arrow1\"><\/i>                                    <\/div>\n\n                                    <div class=\"ekit_accordion_active_icon\">\n                                        <!-- Active Icon -->\n\t\t\t\t\t\t\t\t\t\t<i class=\"icon icon-up-arrow\"><\/i>                                    <\/div>\n                                <\/div>\n\n                            \n                                                    <\/a>\n                    <\/div>\n\n                    <div id=\"Collapse-cd2e1f369e96986d256b\" class=\" show collapse\" aria-labelledby=\"primaryHeading-0-73df4e4\" data-parent=\"#accordion-69e96986d256b\">\n\n                        <div class=\"elementskit-card-body ekit-accordion--content\">\n                            <p>Light House befindet sich im Herzen der <strong>Altstadt von Locarno<\/strong>, Schweiz, in einem der sch\u00f6nsten historischen Geb\u00e4ude mit Blick auf den <strong>Lago Maggiore<\/strong>. Wir haben uns auf <strong>Innenarchitektur, Wohnkultur und feine Textilien<\/strong> spezialisiert. <\/p>\n                        <\/div>\n\n                    <\/div>\n\n                <\/div><!-- .elementskit-card END -->\n\n                \n                <div class=\"elementskit-card \">\n                    <div class=\"elementskit-card-header\" id=\"primaryHeading-1-73df4e4\">\n                        <a href=\"#collapse-9b8161169e96986d256b\" class=\"ekit-accordion--toggler elementskit-btn-link collapsed\" data-ekit-toggle=\"collapse\" data-target=\"#Collapse-9b8161169e96986d256b\" aria-expanded=\"false\" aria-controls=\"Collapse-9b8161169e96986d256b\">\n                            \n                            <span class=\"ekit-accordion-title\">Kann ich Light House Produkte online kaufen?<\/span>\n\n                            \n                                <div class=\"ekit_accordion_icon_group\">\n                                    <div class=\"ekit_accordion_normal_icon\">\n                                        <!-- Normal Icon -->\n\t\t\t\t\t\t\t\t\t\t<i class=\"icon icon-down-arrow1\"><\/i>                                    <\/div>\n\n                                    <div class=\"ekit_accordion_active_icon\">\n                                        <!-- Active Icon -->\n\t\t\t\t\t\t\t\t\t\t<i class=\"icon icon-up-arrow\"><\/i>                                    <\/div>\n                                <\/div>\n\n                            \n                                                    <\/a>\n                    <\/div>\n\n                    <div id=\"Collapse-9b8161169e96986d256b\" class=\" collapse\" aria-labelledby=\"primaryHeading-1-73df4e4\" data-parent=\"#accordion-69e96986d256b\">\n\n                        <div class=\"elementskit-card-body ekit-accordion--content\">\n                            <p>Ja, Sie k\u00f6nnen unsere Produkte bequem in unserem <strong>Online-Shop<\/strong> <a href=\"https:\/\/www.lighthouselocarno.ch\" target=\"_new\" rel=\"noopener\">www.lighthouselocarno.ch<\/a> kaufen und sie direkt zu Ihnen nach Hause, in die <strong>Schweiz und ins Ausland<\/strong> liefern lassen.<\/p>\n                        <\/div>\n\n                    <\/div>\n\n                <\/div><!-- .elementskit-card END -->\n\n                \n                <div class=\"elementskit-card \">\n                    <div class=\"elementskit-card-header\" id=\"primaryHeading-2-73df4e4\">\n                        <a href=\"#collapse-80311da69e96986d256b\" class=\"ekit-accordion--toggler elementskit-btn-link collapsed\" data-ekit-toggle=\"collapse\" data-target=\"#Collapse-80311da69e96986d256b\" aria-expanded=\"false\" aria-controls=\"Collapse-80311da69e96986d256b\">\n                            \n                            <span class=\"ekit-accordion-title\">Welche Materialien verwenden Sie f\u00fcr Ihre Textilien?<\/span>\n\n                            \n                                <div class=\"ekit_accordion_icon_group\">\n                                    <div class=\"ekit_accordion_normal_icon\">\n                                        <!-- Normal Icon -->\n\t\t\t\t\t\t\t\t\t\t<i class=\"icon icon-down-arrow1\"><\/i>                                    <\/div>\n\n                                    <div class=\"ekit_accordion_active_icon\">\n                                        <!-- Active Icon -->\n\t\t\t\t\t\t\t\t\t\t<i class=\"icon icon-up-arrow\"><\/i>                                    <\/div>\n                                <\/div>\n\n                            \n                                                    <\/a>\n                    <\/div>\n\n                    <div id=\"Collapse-80311da69e96986d256b\" class=\" collapse\" aria-labelledby=\"primaryHeading-2-73df4e4\" data-parent=\"#accordion-69e96986d256b\">\n\n                        <div class=\"elementskit-card-body ekit-accordion--content\">\n                            <p>Unsere Textilien werden aus <strong>nat\u00fcrlichen und nachhaltigen<\/strong> Materialien hergestellt, darunter <strong>Leinen, Baumwolle und Seide<\/strong>. Vor allem <strong>Leinen<\/strong> ist hypoallergen, atmungsaktiv und verleiht R\u00e4umen eine elegante und raffinierte Note. <\/p>\n<p>\n                        <\/div>\n\n                    <\/div>\n\n                <\/div><!-- .elementskit-card END -->\n\n                \n                <div class=\"elementskit-card \">\n                    <div class=\"elementskit-card-header\" id=\"primaryHeading-3-73df4e4\">\n                        <a href=\"#collapse-6bd8ab169e96986d256b\" class=\"ekit-accordion--toggler elementskit-btn-link collapsed\" data-ekit-toggle=\"collapse\" data-target=\"#Collapse-6bd8ab169e96986d256b\" aria-expanded=\"false\" aria-controls=\"Collapse-6bd8ab169e96986d256b\">\n                            \n                            <span class=\"ekit-accordion-title\">Wie kann ich die Leinenprodukte pflegen?<\/span>\n\n                            \n                                <div class=\"ekit_accordion_icon_group\">\n                                    <div class=\"ekit_accordion_normal_icon\">\n                                        <!-- Normal Icon -->\n\t\t\t\t\t\t\t\t\t\t<i class=\"icon icon-down-arrow1\"><\/i>                                    <\/div>\n\n                                    <div class=\"ekit_accordion_active_icon\">\n                                        <!-- Active Icon -->\n\t\t\t\t\t\t\t\t\t\t<i class=\"icon icon-up-arrow\"><\/i>                                    <\/div>\n                                <\/div>\n\n                            \n                                                    <\/a>\n                    <\/div>\n\n                    <div id=\"Collapse-6bd8ab169e96986d256b\" class=\" collapse\" aria-labelledby=\"primaryHeading-3-73df4e4\" data-parent=\"#accordion-69e96986d256b\">\n\n                        <div class=\"elementskit-card-body ekit-accordion--content\">\n                            <p>Wir empfehlen, die <strong>Leinenprodukte<\/strong> bei <strong>30-40\u00b0C mit einem neutralen Waschmittel<\/strong> zu waschen und auf Weichsp\u00fcler und Bleichmittel zu verzichten. F\u00fcr Vintage-Farben empfehlen wir, <strong>bei den ersten W\u00e4schen 1 kg Meersalz<\/strong> hinzuzuf\u00fcgen, um die Farben zu fixieren. <\/p>\n                        <\/div>\n\n                    <\/div>\n\n                <\/div><!-- .elementskit-card END -->\n\n                \n                <div class=\"elementskit-card \">\n                    <div class=\"elementskit-card-header\" id=\"primaryHeading-4-73df4e4\">\n                        <a href=\"#collapse-18a8c6769e96986d256b\" class=\"ekit-accordion--toggler elementskit-btn-link collapsed\" data-ekit-toggle=\"collapse\" data-target=\"#Collapse-18a8c6769e96986d256b\" aria-expanded=\"false\" aria-controls=\"Collapse-18a8c6769e96986d256b\">\n                            \n                            <span class=\"ekit-accordion-title\">In welche L\u00e4nder liefern Sie Ihre Produkte?<\/span>\n\n                            \n                                <div class=\"ekit_accordion_icon_group\">\n                                    <div class=\"ekit_accordion_normal_icon\">\n                                        <!-- Normal Icon -->\n\t\t\t\t\t\t\t\t\t\t<i class=\"icon icon-down-arrow1\"><\/i>                                    <\/div>\n\n                                    <div class=\"ekit_accordion_active_icon\">\n                                        <!-- Active Icon -->\n\t\t\t\t\t\t\t\t\t\t<i class=\"icon icon-up-arrow\"><\/i>                                    <\/div>\n                                <\/div>\n\n                            \n                                                    <\/a>\n                    <\/div>\n\n                    <div id=\"Collapse-18a8c6769e96986d256b\" class=\" collapse\" aria-labelledby=\"primaryHeading-4-73df4e4\" data-parent=\"#accordion-69e96986d256b\">\n\n                        <div class=\"elementskit-card-body ekit-accordion--content\">\n                            <p>Wir liefern in die gesamte <strong>Schweiz<\/strong> und in verschiedene <strong>europ\u00e4ische L\u00e4nder<\/strong>. Informationen zu Kosten und Lieferzeiten finden Sie in der Rubrik <strong>Versand<\/strong> oder kontaktieren Sie uns. <\/p>\n                        <\/div>\n\n                    <\/div>\n\n                <\/div><!-- .elementskit-card END -->\n\n                \n                <div class=\"elementskit-card \">\n                    <div class=\"elementskit-card-header\" id=\"primaryHeading-5-73df4e4\">\n                        <a href=\"#collapse-05281cf69e96986d256b\" class=\"ekit-accordion--toggler elementskit-btn-link collapsed\" data-ekit-toggle=\"collapse\" data-target=\"#Collapse-05281cf69e96986d256b\" aria-expanded=\"false\" aria-controls=\"Collapse-05281cf69e96986d256b\">\n                            \n                            <span class=\"ekit-accordion-title\">Bieten Sie eine individuelle Einrichtungsberatung an?<\/span>\n\n                            \n                                <div class=\"ekit_accordion_icon_group\">\n                                    <div class=\"ekit_accordion_normal_icon\">\n                                        <!-- Normal Icon -->\n\t\t\t\t\t\t\t\t\t\t<i class=\"icon icon-down-arrow1\"><\/i>                                    <\/div>\n\n                                    <div class=\"ekit_accordion_active_icon\">\n                                        <!-- Active Icon -->\n\t\t\t\t\t\t\t\t\t\t<i class=\"icon icon-up-arrow\"><\/i>                                    <\/div>\n                                <\/div>\n\n                            \n                                                    <\/a>\n                    <\/div>\n\n                    <div id=\"Collapse-05281cf69e96986d256b\" class=\" collapse\" aria-labelledby=\"primaryHeading-5-73df4e4\" data-parent=\"#accordion-69e96986d256b\">\n\n                        <div class=\"elementskit-card-body ekit-accordion--content\">\n                            <p>Ja! Light House bietet einen <strong>pers\u00f6nlichen Beratungsservice<\/strong>, um Ihnen bei der Auswahl der besten M\u00f6bel und Textilien f\u00fcr Ihr Zuhause zu helfen. <a href=\"https:\/\/lighthouselocarno.ch\/de\/kontakt\/\">Kontaktieren Sie uns<\/a>, um einen Termin zu vereinbaren. <\/p>\n                        <\/div>\n\n                    <\/div>\n\n                <\/div><!-- .elementskit-card END -->\n\n                \n                <div class=\"elementskit-card \">\n                    <div class=\"elementskit-card-header\" id=\"primaryHeading-6-73df4e4\">\n                        <a href=\"#collapse-85eee6569e96986d256b\" class=\"ekit-accordion--toggler elementskit-btn-link collapsed\" data-ekit-toggle=\"collapse\" data-target=\"#Collapse-85eee6569e96986d256b\" aria-expanded=\"false\" aria-controls=\"Collapse-85eee6569e96986d256b\">\n                            \n                            <span class=\"ekit-accordion-title\">Ist es m\u00f6glich, ein Produkt zur\u00fcckzugeben oder umzutauschen?<\/span>\n\n                            \n                                <div class=\"ekit_accordion_icon_group\">\n                                    <div class=\"ekit_accordion_normal_icon\">\n                                        <!-- Normal Icon -->\n\t\t\t\t\t\t\t\t\t\t<i class=\"icon icon-down-arrow1\"><\/i>                                    <\/div>\n\n                                    <div class=\"ekit_accordion_active_icon\">\n                                        <!-- Active Icon -->\n\t\t\t\t\t\t\t\t\t\t<i class=\"icon icon-up-arrow\"><\/i>                                    <\/div>\n                                <\/div>\n\n                            \n                                                    <\/a>\n                    <\/div>\n\n                    <div id=\"Collapse-85eee6569e96986d256b\" class=\" collapse\" aria-labelledby=\"primaryHeading-6-73df4e4\" data-parent=\"#accordion-69e96986d256b\">\n\n                        <div class=\"elementskit-card-body ekit-accordion--content\">\n                            <p>Wir akzeptieren R\u00fccksendungen innerhalb von <strong>14 Tagen nach der Lieferung<\/strong>, sofern das Produkt <strong>unbesch\u00e4digt und in der Originalverpackung<\/strong> ist <strong>.<\/strong> Weitere Einzelheiten finden Sie in unseren <strong>R\u00fcckgabebedingungen<\/strong>. <\/p>\n<p>\n                        <\/div>\n\n                    <\/div>\n\n                <\/div><!-- .elementskit-card END -->\n\n                \n                <div class=\"elementskit-card \">\n                    <div class=\"elementskit-card-header\" id=\"primaryHeading-7-73df4e4\">\n                        <a href=\"#collapse-e0b392b69e96986d256b\" class=\"ekit-accordion--toggler elementskit-btn-link collapsed\" data-ekit-toggle=\"collapse\" data-target=\"#Collapse-e0b392b69e96986d256b\" aria-expanded=\"false\" aria-controls=\"Collapse-e0b392b69e96986d256b\">\n                            \n                            <span class=\"ekit-accordion-title\">Wie kann ich Light House kontaktieren, um Hilfe zu erhalten?<\/span>\n\n                            \n                                <div class=\"ekit_accordion_icon_group\">\n                                    <div class=\"ekit_accordion_normal_icon\">\n                                        <!-- Normal Icon -->\n\t\t\t\t\t\t\t\t\t\t<i class=\"icon icon-down-arrow1\"><\/i>                                    <\/div>\n\n                                    <div class=\"ekit_accordion_active_icon\">\n                                        <!-- Active Icon -->\n\t\t\t\t\t\t\t\t\t\t<i class=\"icon icon-up-arrow\"><\/i>                                    <\/div>\n                                <\/div>\n\n                            \n                                                    <\/a>\n                    <\/div>\n\n                    <div id=\"Collapse-e0b392b69e96986d256b\" class=\" collapse\" aria-labelledby=\"primaryHeading-7-73df4e4\" data-parent=\"#accordion-69e96986d256b\">\n\n                        <div class=\"elementskit-card-body ekit-accordion--content\">\n                            <p>Sie k\u00f6nnen uns kontaktieren \u00fcber:<br>\ud83d\udce7 <strong>E-Mail<\/strong>: <a href=\"mailto:info@lighthouselocarno.ch\" rel=\"noopener\">info@lighthouselocarno.ch<\/a><br>\ud83d\udcde <strong>Telefon<\/strong>: <a href=\"tel:+41%2079%20371%2007%2059\">+41 79 371 07 59<\/a><br>Oder besuchen Sie uns in unserem <strong>Gesch\u00e4ft in Locarno<\/strong>!<\/p>\n<p>\n                        <\/div>\n\n                    <\/div>\n\n                <\/div><!-- .elementskit-card END -->\n\n                                                        <script type=\"application\/ld+json\">{\"@context\":\"https:\/\/schema.org\",\"@type\":\"FAQPage\",\"mainEntity\":[{\"@type\":\"Question\",\"name\":\"Wo befindet sich der Light House Shop?\",\"acceptedAnswer\":{\"@type\":\"Answer\",\"text\":\"<p>Light House befindet sich im Herzen der <strong>Altstadt von Locarno<\/strong>, Schweiz, in einem der sch\u00f6nsten historischen Geb\u00e4ude mit Blick auf den <strong>Lago Maggiore<\/strong>. Wir haben uns auf <strong>Innenarchitektur, Wohnkultur und feine Textilien<\/strong> spezialisiert. <\/p>\\n\"}},{\"@type\":\"Question\",\"name\":\"Kann ich Light House Produkte online kaufen?\",\"acceptedAnswer\":{\"@type\":\"Answer\",\"text\":\"<p>Ja, Sie k\u00f6nnen unsere Produkte bequem in unserem <strong>Online-Shop<\/strong> <a href=\\\"https:\/\/www.lighthouselocarno.ch\\\" target=\\\"_new\\\" rel=\\\"noopener\\\">www.lighthouselocarno.ch<\/a> kaufen und sie direkt zu Ihnen nach Hause, in die <strong>Schweiz und ins Ausland<\/strong> liefern lassen.<\/p>\\n\"}},{\"@type\":\"Question\",\"name\":\"Welche Materialien verwenden Sie f\u00fcr Ihre Textilien?\",\"acceptedAnswer\":{\"@type\":\"Answer\",\"text\":\"<p>Unsere Textilien werden aus <strong>nat\u00fcrlichen und nachhaltigen<\/strong> Materialien hergestellt, darunter <strong>Leinen, Baumwolle und Seide<\/strong>. Vor allem <strong>Leinen<\/strong> ist hypoallergen, atmungsaktiv und verleiht R\u00e4umen eine elegante und raffinierte Note. <\/p>\\n<p>\\n\"}},{\"@type\":\"Question\",\"name\":\"Wie kann ich die Leinenprodukte pflegen?\",\"acceptedAnswer\":{\"@type\":\"Answer\",\"text\":\"<p>Wir empfehlen, die <strong>Leinenprodukte<\/strong> bei <strong>30-40\u00b0C mit einem neutralen Waschmittel<\/strong> zu waschen und auf Weichsp\u00fcler und Bleichmittel zu verzichten. F\u00fcr Vintage-Farben empfehlen wir, <strong>bei den ersten W\u00e4schen 1 kg Meersalz<\/strong> hinzuzuf\u00fcgen, um die Farben zu fixieren. <\/p>\\n\"}},{\"@type\":\"Question\",\"name\":\"In welche L\u00e4nder liefern Sie Ihre Produkte?\",\"acceptedAnswer\":{\"@type\":\"Answer\",\"text\":\"<p>Wir liefern in die gesamte <strong>Schweiz<\/strong> und in verschiedene <strong>europ\u00e4ische L\u00e4nder<\/strong>. Informationen zu Kosten und Lieferzeiten finden Sie in der Rubrik <strong>Versand<\/strong> oder kontaktieren Sie uns. <\/p>\\n\"}},{\"@type\":\"Question\",\"name\":\"Bieten Sie eine individuelle Einrichtungsberatung an?\",\"acceptedAnswer\":{\"@type\":\"Answer\",\"text\":\"<p>Ja! Light House bietet einen <strong>pers\u00f6nlichen Beratungsservice<\/strong>, um Ihnen bei der Auswahl der besten M\u00f6bel und Textilien f\u00fcr Ihr Zuhause zu helfen. <a href=\\\"https:\/\/lighthouselocarno.ch\/de\/kontakt\/\\\">Kontaktieren Sie uns<\/a>, um einen Termin zu vereinbaren. <\/p>\\n\"}},{\"@type\":\"Question\",\"name\":\"Ist es m\u00f6glich, ein Produkt zur\u00fcckzugeben oder umzutauschen?\",\"acceptedAnswer\":{\"@type\":\"Answer\",\"text\":\"<p>Wir akzeptieren R\u00fccksendungen innerhalb von <strong>14 Tagen nach der Lieferung<\/strong>, sofern das Produkt <strong>unbesch\u00e4digt und in der Originalverpackung<\/strong> ist <strong>.<\/strong> Weitere Einzelheiten finden Sie in unseren <strong>R\u00fcckgabebedingungen<\/strong>. <\/p>\\n<p>\\n\"}},{\"@type\":\"Question\",\"name\":\"Wie kann ich Light House kontaktieren, um Hilfe zu erhalten?\",\"acceptedAnswer\":{\"@type\":\"Answer\",\"text\":\"<p>Sie k\u00f6nnen uns kontaktieren \u00fcber:<br>\ud83d\udce7 <strong>E-Mail<\/strong>: <a href=\\\"mailto:info@lighthouselocarno.ch\\\" rel=\\\"noopener\\\">info@lighthouselocarno.ch<\/a><br>\ud83d\udcde <strong>Telefon<\/strong>: <a href=\\\"tel:+41%2079%20371%2007%2059\\\">+41 79 371 07 59<\/a><br>Oder besuchen Sie uns in unserem <strong>Gesch\u00e4ft in Locarno<\/strong>!<\/p>\\n<p>\\n\"}}]}<\/script>\n                                <\/div>\n    <\/div>\t\t\t\t<\/div>\n\t\t\t\t\t<\/div>\n\t\t<\/div>\n\t\t\t\t\t<\/div>\n\t\t<\/section>\n\t\t\t\t<\/div>\n\t\t","protected":false},"excerpt":{"rendered":"<p>FAQ Fragen und Antworten Willkommen in der Rubrik H\u00e4ufig gestellte Fragen von Light House - Home and Life Philosophy. Hier finden Sie Antworten auf die am h\u00e4ufigsten gestellten Fragen zu unseren Produkten, Kaufmethoden und Versand. Wenn Sie weitere Informationen ben\u00f6tigen, z\u00f6gern Sie bitte nicht, uns zu kontaktieren. Wo befindet sich der Light House Shop? Light [&hellip;]<\/p>\n","protected":false},"author":1,"featured_media":0,"parent":0,"menu_order":0,"comment_status":"closed","ping_status":"closed","template":"elementor_header_footer","meta":{"_seopress_robots_primary_cat":"","_seopress_titles_title":"","_seopress_titles_desc":"","_seopress_robots_index":"","footnotes":""},"class_list":["post-155137","page","type-page","status-publish"],"jetpack_sharing_enabled":true,"_links":{"self":[{"href":"https:\/\/lighthouselocarno.ch\/de\/wp-json\/wp\/v2\/pages\/155137","targetHints":{"allow":["GET"]}}],"collection":[{"href":"https:\/\/lighthouselocarno.ch\/de\/wp-json\/wp\/v2\/pages"}],"about":[{"href":"https:\/\/lighthouselocarno.ch\/de\/wp-json\/wp\/v2\/types\/page"}],"author":[{"embeddable":true,"href":"https:\/\/lighthouselocarno.ch\/de\/wp-json\/wp\/v2\/users\/1"}],"replies":[{"embeddable":true,"href":"https:\/\/lighthouselocarno.ch\/de\/wp-json\/wp\/v2\/comments?post=155137"}],"version-history":[{"count":0,"href":"https:\/\/lighthouselocarno.ch\/de\/wp-json\/wp\/v2\/pages\/155137\/revisions"}],"wp:attachment":[{"href":"https:\/\/lighthouselocarno.ch\/de\/wp-json\/wp\/v2\/media?parent=155137"}],"curies":[{"name":"wp","href":"https:\/\/api.w.org\/{rel}","templated":true}]}}