{"id":118769,"date":"2020-03-21T10:41:11","date_gmt":"2020-03-21T10:41:11","guid":{"rendered":"https:\/\/lighthouselocarno.ch\/prodotti\/langer-kaftan-aus-leinen\/"},"modified":"2025-06-12T15:28:27","modified_gmt":"2025-06-12T15:28:27","slug":"kaftan-lang-kunst-pur","status":"publish","type":"product","link":"https:\/\/lighthouselocarno.ch\/de\/produkt\/kaftan-lang-kunst-pur\/","title":{"rendered":"Langer Kaftan aus Leinen"},"content":{"rendered":"<p>SCH\u00d6NHEITSTIPPS<\/p>\n<p>WASCHEN<br \/>\nMaschinenwaschbar bei 30-40 Grad Celsius.<br \/>\nAlle Kleidungsst\u00fccke von Arte Pura sind mit nat\u00fcrlichen Farben handgef\u00e4rbt.<br \/>\nEs ist m\u00f6glich, dass sie bei den ersten W\u00e4schen etwas Farbe verlieren, was einen Vintage-Ton ergibt, der einzigartig f\u00fcr diese Marke ist.<br \/>\nWenn Sie Kleidungsst\u00fccke mit alten Farben waschen, empfehle ich dringend, bei den ersten 3-4 W\u00e4schen 1 kg Meersalz in die Waschmaschine zu geben, um die Farben gut zu fixieren.<\/p>\n<p>Die zum F\u00e4rben verwendeten Pigmente sind alle nat\u00fcrlichen mineralischen Ursprungs.<br \/>\nDie Farben werden in speziellen B\u00e4dern gemischt, in denen die Kleidungsst\u00fccke nacheinander gef\u00e4rbt werden.<\/p>\n<p>&nbsp;<\/p>\n","protected":false},"excerpt":{"rendered":"<p>Sch\u00f6ner Kaftan aus schwerem reinem Leinen, lange ausgestellte \u00c4rmel, Flash-Kollektion von Arte Pura.<\/p>\n<p>Verziert mit einem langen Spitzenband mittig auf der Vorderseite und<\/p>\n<p>Herzen aus Perlen und Steinen auf dem linken \u00c4rmel. Breite Vorder-, R\u00fccken- und R\u00fcckenschlitze.<\/p>\n<p>Farben:<\/p>\n<p>- wei\u00df mit silber-wei\u00dfem \u00c4rmelschmuck.<\/p>\n<p>- Mineral\/Sand mit Goldh\u00fclsenverzierung - Kristalle sw<\/p>\n<p>Stoff: 100 % schweres Leinen.<\/p>\n<p>Waschen: Neutralseife, 30-40 Grad Handw\u00e4sche oder Feinwaschprogramm mit niedrigem Schleudergang in der Maschine.<\/p>\n<p>Erh\u00e4ltlich ab Ende April 2020, solange der Vorrat reicht.<\/p>\n<p>&nbsp;<\/p>\n<p>&nbsp;<\/p>\n","protected":false},"featured_media":100241,"template":"","meta":{"_seopress_robots_primary_cat":"none","_seopress_titles_title":"","_seopress_titles_desc":"","_seopress_robots_index":""},"product_brand":[],"product_cat":[3799,3795,3789],"product_tag":[3844,3824,3807],"class_list":{"0":"post-118769","1":"product","2":"type-product","3":"status-publish","4":"has-post-thumbnail","6":"product_cat-damenmode","7":"product_cat-kleider","8":"product_cat-kleidung","9":"product_tag-kaftan","10":"product_tag-linoleum","11":"product_tag-reine-kunst","12":"pa_colore-retro-900-de","13":"pa_colore-weis-019","14":"pa_taglia-l-de","15":"pa_taglia-m-de","16":"pa_taglia-xl-de","17":"pa_taglia-xxl-de","18":"pa_taglia-xxxl-de","20":"first","21":"instock","22":"shipping-taxable","23":"purchasable","24":"product-type-variable"},"jetpack_sharing_enabled":true,"_links":{"self":[{"href":"https:\/\/lighthouselocarno.ch\/de\/wp-json\/wp\/v2\/product\/118769","targetHints":{"allow":["GET"]}}],"collection":[{"href":"https:\/\/lighthouselocarno.ch\/de\/wp-json\/wp\/v2\/product"}],"about":[{"href":"https:\/\/lighthouselocarno.ch\/de\/wp-json\/wp\/v2\/types\/product"}],"wp:featuredmedia":[{"embeddable":true,"href":"https:\/\/lighthouselocarno.ch\/de\/wp-json\/wp\/v2\/media\/100241"}],"wp:attachment":[{"href":"https:\/\/lighthouselocarno.ch\/de\/wp-json\/wp\/v2\/media?parent=118769"}],"wp:term":[{"taxonomy":"product_brand","embeddable":true,"href":"https:\/\/lighthouselocarno.ch\/de\/wp-json\/wp\/v2\/product_brand?post=118769"},{"taxonomy":"product_cat","embeddable":true,"href":"https:\/\/lighthouselocarno.ch\/de\/wp-json\/wp\/v2\/product_cat?post=118769"},{"taxonomy":"product_tag","embeddable":true,"href":"https:\/\/lighthouselocarno.ch\/de\/wp-json\/wp\/v2\/product_tag?post=118769"}],"curies":[{"name":"wp","href":"https:\/\/api.w.org\/{rel}","templated":true}]}}