{"id":118775,"date":"2020-03-09T15:14:53","date_gmt":"2020-03-09T15:14:53","guid":{"rendered":"https:\/\/lighthouselocarno.ch\/prodotti\/korinthische-spitze-laeufer\/"},"modified":"2023-09-11T12:39:49","modified_gmt":"2023-09-11T12:39:49","slug":"platzhirsch-korinthen-by-chez-moi","status":"publish","type":"product","link":"https:\/\/lighthouselocarno.ch\/de\/produkt\/platzhirsch-korinthen-by-chez-moi\/","title":{"rendered":"Korinthische Spitze L\u00e4ufer"},"content":{"rendered":"<p>L\u00c4UFER IN KORINTISCHER SPITZE, Kollektion CHEZ MOI.<\/p>\n<p>Tischband ganz aus korinthischer Spitze, ideal f\u00fcr die Tischdekoration und zum Auflegen auf die Tischdecken w\u00e4hrend der Mahlzeiten.<br \/>\nAuch in kundenspezifischen Gr\u00f6\u00dfen erh\u00e4ltlich.<br \/>\nF\u00fcr diesen Service kontaktieren Sie mich bitte direkt per E-Mail!<br \/>\nHergestellt in Italien.<\/p>\n<p>Erh\u00e4ltlich in den Farben Wei\u00df, Elfenbein, Ton, Puder, Mint und Beton.<br \/>\nAbmessungen: 60 x 120 cm, 70 x 160 cm<br \/>\nStoff: Spitze 80% Nylon 20% Baumwolle<!--more--><!--more--><br \/>\nLieferfrist: 2-3 Wochen<\/p>\n","protected":false},"excerpt":{"rendered":"<p>CORINZIO RUNNER IN LACE, Kollektion CHEZ MOI.<br \/>\nAbmessungen: 60 x 120, 70 x 160<br \/>\nStoff: Spitze 80%Nylon, 20% Baumwolle<\/p>\n","protected":false},"featured_media":100211,"template":"","meta":{"_seopress_robots_primary_cat":"none","_seopress_titles_title":"","_seopress_titles_desc":"","_seopress_robots_index":""},"product_brand":[],"product_cat":[3755,6288,3748],"product_tag":[3770,3805],"class_list":{"0":"post-118775","1":"product","2":"type-product","3":"status-publish","4":"has-post-thumbnail","6":"product_cat-tisch-zu-behoer","7":"product_cat-tischlaufer","8":"product_cat-wohnaccessoires","9":"product_tag-laufer","10":"product_tag-spitzenstreifen","12":"first","13":"instock","14":"shipping-taxable","15":"purchasable","16":"product-type-variable","17":"has-default-attributes"},"jetpack_sharing_enabled":true,"_links":{"self":[{"href":"https:\/\/lighthouselocarno.ch\/de\/wp-json\/wp\/v2\/product\/118775","targetHints":{"allow":["GET"]}}],"collection":[{"href":"https:\/\/lighthouselocarno.ch\/de\/wp-json\/wp\/v2\/product"}],"about":[{"href":"https:\/\/lighthouselocarno.ch\/de\/wp-json\/wp\/v2\/types\/product"}],"wp:featuredmedia":[{"embeddable":true,"href":"https:\/\/lighthouselocarno.ch\/de\/wp-json\/wp\/v2\/media\/100211"}],"wp:attachment":[{"href":"https:\/\/lighthouselocarno.ch\/de\/wp-json\/wp\/v2\/media?parent=118775"}],"wp:term":[{"taxonomy":"product_brand","embeddable":true,"href":"https:\/\/lighthouselocarno.ch\/de\/wp-json\/wp\/v2\/product_brand?post=118775"},{"taxonomy":"product_cat","embeddable":true,"href":"https:\/\/lighthouselocarno.ch\/de\/wp-json\/wp\/v2\/product_cat?post=118775"},{"taxonomy":"product_tag","embeddable":true,"href":"https:\/\/lighthouselocarno.ch\/de\/wp-json\/wp\/v2\/product_tag?post=118775"}],"curies":[{"name":"wp","href":"https:\/\/api.w.org\/{rel}","templated":true}]}}