{"id":119031,"date":"2020-03-09T15:22:40","date_gmt":"2020-03-09T15:22:40","guid":{"rendered":"https:\/\/lighthouselocarno.ch\/prodotti\/ein-paar-korinthische-badetuecher\/"},"modified":"2023-08-24T10:52:15","modified_gmt":"2023-08-24T10:52:15","slug":"paar-badetucher-korinthen","status":"publish","type":"product","link":"https:\/\/lighthouselocarno.ch\/de\/produkt\/paar-badetucher-korinthen\/","title":{"rendered":"Ein Paar korinthische Badet\u00fccher."},"content":{"rendered":"<p>KORINTHISCHES BADEPAAR<br \/>\nWeicher Frottee und feine Spitze f\u00fcr dieses raffinierte und bequeme Badepaar. Hergestellt in Italien. Erh\u00e4ltlich in Wei\u00df, Ton, Elfenbein, Beton und Vintage-Farben<br \/>\n100% Baumwolle.<br \/>\nMa\u00dfe: Gesichtshandtuch 100 x 60, G\u00e4stehandtuch 40 x 60 cm.<br \/>\nLieferfrist: 2-3 Wochen.<\/p>\n","protected":false},"excerpt":{"rendered":"<p>PAAR KORINTHISCHE BADET\u00dcCHER<br \/>\nWeicher Frottee und feine Spitze.<br \/>\n100% Baumwolle.<\/p>\n","protected":false},"featured_media":100229,"template":"","meta":{"_seopress_robots_primary_cat":"none","_seopress_titles_title":"","_seopress_titles_desc":"","_seopress_robots_index":""},"product_brand":[],"product_cat":[6027,3916,3748],"product_tag":[3974,3868,7361],"class_list":{"0":"post-119031","1":"product","2":"type-product","3":"status-publish","4":"has-post-thumbnail","6":"product_cat-badetucher","7":"product_cat-badezimmer","8":"product_cat-wohnaccessoires","9":"product_tag-ein-paar-handtucher","10":"product_tag-schabig","11":"product_tag-towels-with-lace-de","13":"first","14":"instock","15":"shipping-taxable","16":"purchasable","17":"product-type-variable","18":"has-default-attributes"},"jetpack_sharing_enabled":true,"_links":{"self":[{"href":"https:\/\/lighthouselocarno.ch\/de\/wp-json\/wp\/v2\/product\/119031","targetHints":{"allow":["GET"]}}],"collection":[{"href":"https:\/\/lighthouselocarno.ch\/de\/wp-json\/wp\/v2\/product"}],"about":[{"href":"https:\/\/lighthouselocarno.ch\/de\/wp-json\/wp\/v2\/types\/product"}],"wp:featuredmedia":[{"embeddable":true,"href":"https:\/\/lighthouselocarno.ch\/de\/wp-json\/wp\/v2\/media\/100229"}],"wp:attachment":[{"href":"https:\/\/lighthouselocarno.ch\/de\/wp-json\/wp\/v2\/media?parent=119031"}],"wp:term":[{"taxonomy":"product_brand","embeddable":true,"href":"https:\/\/lighthouselocarno.ch\/de\/wp-json\/wp\/v2\/product_brand?post=119031"},{"taxonomy":"product_cat","embeddable":true,"href":"https:\/\/lighthouselocarno.ch\/de\/wp-json\/wp\/v2\/product_cat?post=119031"},{"taxonomy":"product_tag","embeddable":true,"href":"https:\/\/lighthouselocarno.ch\/de\/wp-json\/wp\/v2\/product_tag?post=119031"}],"curies":[{"name":"wp","href":"https:\/\/api.w.org\/{rel}","templated":true}]}}