{"id":119092,"date":"2020-05-14T07:28:57","date_gmt":"2020-05-14T07:28:57","guid":{"rendered":"https:\/\/lighthouselocarno.ch\/prodotti\/clochette-a-tige-en-levitation\/"},"modified":"2023-08-24T09:02:38","modified_gmt":"2023-08-24T09:02:38","slug":"clochette-a-tige-en-levitation-charlot-cie-copy","status":"publish","type":"product","link":"https:\/\/lighthouselocarno.ch\/de\/produkt\/clochette-a-tige-en-levitation-charlot-cie-copy\/","title":{"rendered":"Clochette \u00e0 tige en L\u00e9vitation"},"content":{"rendered":"<p>Emotionales Trio von Designlampen im Schwebezustand.<br \/>\nSeparat erh\u00e4ltlich.<br \/>\nDas Herzst\u00fcck des blumenf\u00f6rmigen Kleides aus Papier Organique Frois\u00e9 ist eine kleine zentrale Struktur aus wei\u00dfem Metalldraht, die vollst\u00e4ndig von Hand gefertigt wurde.<br \/>\nDie Struktur ist an einem d\u00fcnnen, transparenten Kunststoffdraht aufgeh\u00e4ngt.<br \/>\nFarbe Wei\u00df.<\/p>\n<p>Abmessungen<br \/>\nKlein:70x20cm<br \/>\nMedienT2: 110x30cm<br \/>\nGro\u00df T3: 140x40cm<\/p>\n<p>Drei Farben f\u00fcr das textile Netzkabel:<br \/>\nWei\u00df, Rot, Anthrazitgrau.<\/p>\n<p>Alle Lampen werden zum Zeitpunkt des Kaufs in der Werkstatt des K\u00fcnstlers hergestellt.<br \/>\nLieferzeit: ca. 3-4 Wochen<\/p>\n","protected":false},"excerpt":{"rendered":"<p>Handgefertigte blumenf\u00f6rmige H\u00e4ngelampe.<\/p>\n","protected":false},"featured_media":100433,"template":"","meta":{"_seopress_robots_primary_cat":"none","_seopress_titles_title":"","_seopress_titles_desc":"","_seopress_robots_index":""},"product_brand":[],"product_cat":[7193,3748],"product_tag":[4043,4039,4057,4052],"class_list":{"0":"post-119092","1":"product","2":"type-product","3":"status-publish","4":"has-post-thumbnail","6":"product_cat-lampen","7":"product_cat-wohnaccessoires","8":"product_tag-handgefertigte-lampe","9":"product_tag-lampe","10":"product_tag-levitationslampe","11":"product_tag-papierlampe","13":"first","14":"instock","15":"shipping-taxable","16":"purchasable","17":"product-type-variable","18":"has-default-attributes"},"jetpack_sharing_enabled":true,"_links":{"self":[{"href":"https:\/\/lighthouselocarno.ch\/de\/wp-json\/wp\/v2\/product\/119092","targetHints":{"allow":["GET"]}}],"collection":[{"href":"https:\/\/lighthouselocarno.ch\/de\/wp-json\/wp\/v2\/product"}],"about":[{"href":"https:\/\/lighthouselocarno.ch\/de\/wp-json\/wp\/v2\/types\/product"}],"wp:featuredmedia":[{"embeddable":true,"href":"https:\/\/lighthouselocarno.ch\/de\/wp-json\/wp\/v2\/media\/100433"}],"wp:attachment":[{"href":"https:\/\/lighthouselocarno.ch\/de\/wp-json\/wp\/v2\/media?parent=119092"}],"wp:term":[{"taxonomy":"product_brand","embeddable":true,"href":"https:\/\/lighthouselocarno.ch\/de\/wp-json\/wp\/v2\/product_brand?post=119092"},{"taxonomy":"product_cat","embeddable":true,"href":"https:\/\/lighthouselocarno.ch\/de\/wp-json\/wp\/v2\/product_cat?post=119092"},{"taxonomy":"product_tag","embeddable":true,"href":"https:\/\/lighthouselocarno.ch\/de\/wp-json\/wp\/v2\/product_tag?post=119092"}],"curies":[{"name":"wp","href":"https:\/\/api.w.org\/{rel}","templated":true}]}}