{"id":119119,"date":"2020-05-09T17:43:00","date_gmt":"2020-05-09T17:43:00","guid":{"rendered":"https:\/\/lighthouselocarno.ch\/prodotti\/design-kronleuchter-alleluia\/"},"modified":"2023-07-05T14:49:46","modified_gmt":"2023-07-05T14:49:46","slug":"kronleuchter-entwurf-alleluia","status":"publish","type":"product","link":"https:\/\/lighthouselocarno.ch\/de\/produkt\/kronleuchter-entwurf-alleluia\/","title":{"rendered":"Design-Kronleuchter All\u00e9luia"},"content":{"rendered":"<p>Spektakul\u00e4re H\u00e4ngelampe, vollst\u00e4ndig von Hand gefertigt. Bestehend aus einem feinen Drahtsockel, der mit zylindrischen Krepppapierblumen bedeckt ist, die vollst\u00e4ndig handgefertigt sind.<\/p>\n<p>Abmessungen<br \/>\nGro\u00df: 160&#215;55 cm<br \/>\nKlein: 105&#215;45 cm<\/p>\n<p>Farbe: Wei\u00df<\/p>\n<p>Alle Lampen werden zum Zeitpunkt des Kaufs in der Werkstatt des K\u00fcnstlers hergestellt.<br \/>\nLieferzeit: ca. 3-4 Wochen<\/p>\n","protected":false},"excerpt":{"rendered":"<p>Spektakul\u00e4re handgefertigte Designer-H\u00e4ngelampe.<\/p>\n","protected":false},"featured_media":100352,"template":"","meta":{"_seopress_robots_primary_cat":"","_seopress_titles_title":"","_seopress_titles_desc":"","_seopress_robots_index":""},"product_brand":[],"product_cat":[7193,3748],"product_tag":[4076,4658,4661],"class_list":{"0":"post-119119","1":"product","2":"type-product","3":"status-publish","4":"has-post-thumbnail","6":"product_cat-lampen","7":"product_cat-wohnaccessoires","8":"product_tag-designleuchte","9":"product_tag-lampe-gemacht-liebe","10":"product_tag-papierlampe-de","12":"first","13":"instock","14":"shipping-taxable","15":"purchasable","16":"product-type-variable","17":"has-default-attributes"},"jetpack_sharing_enabled":true,"_links":{"self":[{"href":"https:\/\/lighthouselocarno.ch\/de\/wp-json\/wp\/v2\/product\/119119","targetHints":{"allow":["GET"]}}],"collection":[{"href":"https:\/\/lighthouselocarno.ch\/de\/wp-json\/wp\/v2\/product"}],"about":[{"href":"https:\/\/lighthouselocarno.ch\/de\/wp-json\/wp\/v2\/types\/product"}],"wp:featuredmedia":[{"embeddable":true,"href":"https:\/\/lighthouselocarno.ch\/de\/wp-json\/wp\/v2\/media\/100352"}],"wp:attachment":[{"href":"https:\/\/lighthouselocarno.ch\/de\/wp-json\/wp\/v2\/media?parent=119119"}],"wp:term":[{"taxonomy":"product_brand","embeddable":true,"href":"https:\/\/lighthouselocarno.ch\/de\/wp-json\/wp\/v2\/product_brand?post=119119"},{"taxonomy":"product_cat","embeddable":true,"href":"https:\/\/lighthouselocarno.ch\/de\/wp-json\/wp\/v2\/product_cat?post=119119"},{"taxonomy":"product_tag","embeddable":true,"href":"https:\/\/lighthouselocarno.ch\/de\/wp-json\/wp\/v2\/product_tag?post=119119"}],"curies":[{"name":"wp","href":"https:\/\/api.w.org\/{rel}","templated":true}]}}