{"id":119121,"date":"2020-05-09T19:47:54","date_gmt":"2020-05-09T19:47:54","guid":{"rendered":"https:\/\/lighthouselocarno.ch\/prodotti\/coraline-mehrzweckleuchte\/"},"modified":"2024-06-27T11:08:50","modified_gmt":"2024-06-27T11:08:50","slug":"coraline-lamp-multiuso-charlot-cie","status":"publish","type":"product","link":"https:\/\/lighthouselocarno.ch\/de\/produkt\/coraline-lamp-multiuso-charlot-cie\/","title":{"rendered":"CORALINE - Mehrzweckleuchte"},"content":{"rendered":"<p data-sourcepos=\"5:1-5:4\"><strong>Versatine und originelle Design-Tischlampe<\/strong><\/p>\n<p data-sourcepos=\"5:1-5:4\"><strong>Ein einzigartiges, handgefertigtes Design:<\/strong><\/p>\n<ul data-sourcepos=\"7:1-7:123\">\n<li data-sourcepos=\"7:1-7:123\"><strong>Mit Sorgfalt handgefertigt:<\/strong> Jede Lampe ist ein einzigartiges Kunstwerk, das mit viel Liebe zum Detail handgefertigt wurde. Die Handwerkskunst garantiert ein hochwertiges Produkt und eine raffinierte \u00c4sthetik.<\/li>\n<li data-sourcepos=\"8:1-8:162\"><strong>Blumendesign:<\/strong> Die Blumenform der Lampe ist ein echter Blickfang und schm\u00fcckt jeden Raum auf stilvolle Weise.<\/li>\n<li data-sourcepos=\"9:1-10:0\">Hochwertige <strong>Materialien:<\/strong> Die Wahl von hochwertigem Draht und Krepppapier garantiert St\u00e4rke, Langlebigkeit und eine tadellose \u00c4sthetik.<\/li>\n<\/ul>\n<p data-sourcepos=\"11:1-11:13\"><strong>Vielseitiger Einsatz:<\/strong><\/p>\n<ul data-sourcepos=\"13:1-15:0\">\n<li data-sourcepos=\"13:1-13:321\"><strong>Tischleuchte, Wandleuchte oder Deckenleuchte<\/strong>: Dank ihres vielseitigen Designs kann diese Lampe auf unterschiedliche Weise verwendet werden: als Tischleuchte, um eine dunkle Ecke zu beleuchten, als Wandleuchte, um eine stimmungsvolle Beleuchtung an den W\u00e4nden zu schaffen oder als Deckenleuchte, um einen Raum gleichm\u00e4\u00dfig zu beleuchten.<\/li>\n<li data-sourcepos=\"14:1-15:0\"><strong>Ideal f\u00fcr verschiedene R\u00e4ume:<\/strong> Die Lampe ist perfekt f\u00fcr die Einrichtung jedes Raumes, vom Wohnzimmer bis zum Schlafzimmer, vom Arbeitszimmer bis zur Eingangshalle. Sein sanftes, einladendes Licht schafft in jedem Raum eine entspannende und komfortable Atmosph\u00e4re.<\/li>\n<\/ul>\n<p data-sourcepos=\"16:1-16:34\"><strong>Erh\u00e4ltlich in zwei Gr\u00f6\u00dfen:<\/strong><\/p>\n<ul data-sourcepos=\"18:1-20:0\">\n<li data-sourcepos=\"18:1-18:110\"><strong>Gro\u00df:<\/strong> 70 x 45 cm, ideal, um gro\u00dfe R\u00e4ume zu beleuchten oder einen Blickpunkt in M\u00f6beln zu schaffen.<\/li>\n<li data-sourcepos=\"19:1-20:0\"><strong>Klein:<\/strong> 30 x 20 cm, perfekt f\u00fcr Nachttische, Schreibtische oder Regale.<\/li>\n<\/ul>\n<p data-sourcepos=\"21:1-21:18\"><strong>Wei\u00dfe Farbe:<\/strong><\/p>\n<p data-sourcepos=\"23:1-23:137\">Die neutrale wei\u00dfe Farbe passt perfekt zu jedem Einrichtungsstil, von modern bis klassisch, von minimalistisch bis industriell.<\/p>\n<p data-sourcepos=\"25:1-25:19\"><strong>Perfektes Geschenk<\/strong><\/p>\n<p data-sourcepos=\"27:1-27:190\">Diese Designer-Tischleuchte ist eine perfekte Geschenkidee f\u00fcr Liebhaber von Design, Handwerkskunst und Licht. Ein einzigartiges und raffiniertes Objekt, das Sie sicher zu sch\u00e4tzen wissen.<\/p>\n<p>Alle Lampen werden zum Zeitpunkt des Kaufs in der Werkstatt des K\u00fcnstlers hergestellt.<br \/>\nLieferzeit: ca. 3-4 Wochen<\/p>\n","protected":false},"excerpt":{"rendered":"<p><strong>Design-Tischleuchte.<\/strong> Sie kann auch als <strong>Wand- oder Deckenleuchte <\/strong>verwendet werden. Ihre <strong>blumenartige Form<\/strong>, bestehend aus einem mit <strong>Krepppapier<\/strong> \u00fcberzogenen Drahtsockel mit einem dichten Spiel l\u00e4nglicher Spitzen, verbreitet ein weiches und suggestives Licht, das in jeder Umgebung eine raffinierte und elegante Atmosph\u00e4re schafft. <strong>Handgefertigt.<\/strong><\/p>\n","protected":false},"featured_media":100388,"template":"","meta":{"_seopress_robots_primary_cat":"none","_seopress_titles_title":"","_seopress_titles_desc":"Design-Tischlampe. Kann auch als Wand- oder Deckenleuchte verwendet werden, Blumenform, mit Krepppapier, handgefertigt. Schaffen Sie eine raffinierte Atmosph\u00e4re","_seopress_robots_index":""},"product_brand":[],"product_cat":[7193,3748],"product_tag":[4054,4659,8388,8374,4076,8392],"class_list":{"0":"post-119121","1":"product","2":"type-product","3":"status-publish","4":"has-post-thumbnail","6":"product_cat-lampen","7":"product_cat-wohnaccessoires","8":"product_tag-deckenleuchte-design","9":"product_tag-design-wandleuchter","10":"product_tag-designer-tischlampen-de","11":"product_tag-designer-tischlampen-lampes-de-table-design","12":"product_tag-designleuchte","13":"product_tag-lampes-de-table-design-de","15":"first","16":"instock","17":"shipping-taxable","18":"purchasable","19":"product-type-variable"},"jetpack_sharing_enabled":true,"_links":{"self":[{"href":"https:\/\/lighthouselocarno.ch\/de\/wp-json\/wp\/v2\/product\/119121","targetHints":{"allow":["GET"]}}],"collection":[{"href":"https:\/\/lighthouselocarno.ch\/de\/wp-json\/wp\/v2\/product"}],"about":[{"href":"https:\/\/lighthouselocarno.ch\/de\/wp-json\/wp\/v2\/types\/product"}],"wp:featuredmedia":[{"embeddable":true,"href":"https:\/\/lighthouselocarno.ch\/de\/wp-json\/wp\/v2\/media\/100388"}],"wp:attachment":[{"href":"https:\/\/lighthouselocarno.ch\/de\/wp-json\/wp\/v2\/media?parent=119121"}],"wp:term":[{"taxonomy":"product_brand","embeddable":true,"href":"https:\/\/lighthouselocarno.ch\/de\/wp-json\/wp\/v2\/product_brand?post=119121"},{"taxonomy":"product_cat","embeddable":true,"href":"https:\/\/lighthouselocarno.ch\/de\/wp-json\/wp\/v2\/product_cat?post=119121"},{"taxonomy":"product_tag","embeddable":true,"href":"https:\/\/lighthouselocarno.ch\/de\/wp-json\/wp\/v2\/product_tag?post=119121"}],"curies":[{"name":"wp","href":"https:\/\/api.w.org\/{rel}","templated":true}]}}