{"id":119138,"date":"2020-05-10T08:43:51","date_gmt":"2020-05-10T08:43:51","guid":{"rendered":"https:\/\/lighthouselocarno.ch\/prodotti\/fleur-aquatique-lampe\/"},"modified":"2023-07-05T14:49:57","modified_gmt":"2023-07-05T14:49:57","slug":"fleur-aquatique-charlot-cie","status":"publish","type":"product","link":"https:\/\/lighthouselocarno.ch\/de\/produkt\/fleur-aquatique-charlot-cie\/","title":{"rendered":"FLEUR AQUATIQUE Lampe"},"content":{"rendered":"<p>Hergestellt in Frankreich.<\/p>\n","protected":false},"excerpt":{"rendered":"<p>Pr\u00e4chtige Designerlampe.<br \/>\nSie kann als Tischleuchte, Wandleuchte oder mit einem feinen transparenten Draht aufgeh\u00e4ngt werden.<br \/>\nDie kleine wei\u00dfe Drahtstruktur in der Mitte bildet das Herzst\u00fcck des blumenf\u00f6rmigen Papierkleides und ist vollst\u00e4ndig handgefertigt.<\/p>\n<p>Abmessungen<br \/>\nGro\u00df: 95 x 60 cm<br \/>\nKlein: 55 x 40 cm<\/p>\n<p>Farbe: Wei\u00df<\/p>\n<p>Alle Lampen werden zum Zeitpunkt des Kaufs in der Werkstatt des K\u00fcnstlers hergestellt.<br \/>\nLieferzeit: ca. 3-4 Wochen<\/p>\n","protected":false},"featured_media":100400,"template":"","meta":{"_seopress_robots_primary_cat":"2549","_seopress_titles_title":"","_seopress_titles_desc":"","_seopress_robots_index":""},"product_brand":[],"product_cat":[7193,3748],"product_tag":[4079,4076,4043],"class_list":{"0":"post-119138","1":"product","2":"type-product","3":"status-publish","4":"has-post-thumbnail","6":"product_cat-lampen","7":"product_cat-wohnaccessoires","8":"product_tag-charlotcie-de","9":"product_tag-designleuchte","10":"product_tag-handgefertigte-lampe","12":"first","13":"instock","14":"shipping-taxable","15":"purchasable","16":"product-type-variable","17":"has-default-attributes"},"jetpack_sharing_enabled":true,"_links":{"self":[{"href":"https:\/\/lighthouselocarno.ch\/de\/wp-json\/wp\/v2\/product\/119138","targetHints":{"allow":["GET"]}}],"collection":[{"href":"https:\/\/lighthouselocarno.ch\/de\/wp-json\/wp\/v2\/product"}],"about":[{"href":"https:\/\/lighthouselocarno.ch\/de\/wp-json\/wp\/v2\/types\/product"}],"wp:featuredmedia":[{"embeddable":true,"href":"https:\/\/lighthouselocarno.ch\/de\/wp-json\/wp\/v2\/media\/100400"}],"wp:attachment":[{"href":"https:\/\/lighthouselocarno.ch\/de\/wp-json\/wp\/v2\/media?parent=119138"}],"wp:term":[{"taxonomy":"product_brand","embeddable":true,"href":"https:\/\/lighthouselocarno.ch\/de\/wp-json\/wp\/v2\/product_brand?post=119138"},{"taxonomy":"product_cat","embeddable":true,"href":"https:\/\/lighthouselocarno.ch\/de\/wp-json\/wp\/v2\/product_cat?post=119138"},{"taxonomy":"product_tag","embeddable":true,"href":"https:\/\/lighthouselocarno.ch\/de\/wp-json\/wp\/v2\/product_tag?post=119138"}],"curies":[{"name":"wp","href":"https:\/\/api.w.org\/{rel}","templated":true}]}}