{"id":119139,"date":"2020-05-14T08:10:17","date_gmt":"2020-05-14T08:10:17","guid":{"rendered":"https:\/\/lighthouselocarno.ch\/prodotti\/clochette-ferme-tischlampe\/"},"modified":"2024-06-27T10:44:44","modified_gmt":"2024-06-27T10:44:44","slug":"tischlampe","status":"publish","type":"product","link":"https:\/\/lighthouselocarno.ch\/de\/produkt\/tischlampe\/","title":{"rendered":"Clochette ferm\u00e9 Tischlampe"},"content":{"rendered":"<p><strong>Designer Tischlampen<\/strong><\/p>\n<p data-sourcepos=\"5:1-5:56\"><strong>Warum sollten Sie sich f\u00fcr diese Designer-Tischlampen entscheiden?<\/strong><\/p>\n<ul data-sourcepos=\"7:1-7:41\">\n<li data-sourcepos=\"7:1-7:41\"><strong>Mit Sorgfalt handgefertigt:<\/strong> Jede Lampe wird mit viel Liebe zum Detail handgefertigt, um ein einzigartiges, hochwertiges Produkt zu garantieren.<\/li>\n<li data-sourcepos=\"8:1-8:152\"><strong>Originelles Design:<\/strong> Das geschlossene Blumendesign ist originell und elegant, perfekt, um jedem Raum einen Hauch von Pers\u00f6nlichkeit zu verleihen.<\/li>\n<li data-sourcepos=\"9:1-9:154\"><strong>Weiches, gem\u00fctliches Licht:<\/strong> Papier Organique Frois\u00e9 verbreitet ein weiches und gem\u00fctliches Licht, das eine entspannende und komfortable Atmosph\u00e4re schafft.<\/li>\n<li data-sourcepos=\"10:1-10:117\"><strong>Erh\u00e4ltlich in verschiedenen Gr\u00f6\u00dfen:<\/strong> W\u00e4hlen Sie die perfekte Gr\u00f6\u00dfe f\u00fcr Ihre Bed\u00fcrfnisse, von T1 Small bis T4 Queen.<\/li>\n<li data-sourcepos=\"11:1-11:77\">Ma\u00dfanfertigung<strong>:<\/strong> Jede Lampe wird auf Bestellung in der Werkstatt des K\u00fcnstlers hergestellt, wodurch ein exklusives und individuelles Produkt garantiert wird.<\/li>\n<\/ul>\n<p data-sourcepos=\"13:1-13:21\"><strong>Technische Details:<\/strong><\/p>\n<ul data-sourcepos=\"15:1-24:0\">\n<li data-sourcepos=\"15:1-15:59\">Materialien: Wei\u00dfer Draht, Papier Organique Frois\u00e9<\/li>\n<li data-sourcepos=\"16:1-16:16\">Farbe: Wei\u00df<\/li>\n<li data-sourcepos=\"17:1-21:23\">Abmessungen:\n<ul data-sourcepos=\"18:5-21:23\">\n<li data-sourcepos=\"18:5-18:25\">T1 Klein: 24x12cm<\/li>\n<li data-sourcepos=\"19:5-19:23\">T2 Medium: 30x15cm<\/li>\n<li data-sourcepos=\"20:5-20:24\">T3 Gro\u00df: 40x20cm<\/li>\n<li data-sourcepos=\"21:5-21:23\">T4 K\u00f6nigin: 50x25cm<\/li>\n<\/ul>\n<\/li>\n<li data-sourcepos=\"22:1-22:63\">Transparentes Stromkabel mit Ein\/Aus-Schalter<\/li>\n<li data-sourcepos=\"23:1-24:0\">Lieferzeit: ca. 3-4 Wochen<\/li>\n<\/ul>\n<p>Alle Lampen werden zum Zeitpunkt des Kaufs in der Werkstatt des K\u00fcnstlers hergestellt.<br \/>\nLieferzeit: ca. 3-4 Wochen<\/p>\n","protected":false},"excerpt":{"rendered":"<p><strong>Handgefertigte<\/strong> geschlossene blumenf\u00f6rmige <strong>Tischlampe<\/strong>. Jede Leuchte ist ein Kunstwerk, mit einer zentralen wei\u00dfen Drahtstruktur, die eine zarte &#8218;Blume&#8216; aus Papier Organique Frois\u00e9 tr\u00e4gt. Das Ergebnis ist ein <strong>raffinierter und eleganter Haushaltsgegenstand<\/strong>, der die Blicke auf sich zieht und ein weiches, einladendes Licht verbreitet.<\/p>\n<p>Erh\u00e4ltlich in vier Gr\u00f6\u00dfen.<\/p>\n<p>Wei\u00dfe Farbe.<\/p>\n","protected":false},"featured_media":100448,"template":"","meta":{"_seopress_robots_primary_cat":"none","_seopress_titles_title":"","_seopress_titles_desc":"","_seopress_robots_index":""},"product_brand":[],"product_cat":[7193,3748],"product_tag":[8388,8374,8379,8390,4043,4039,8386,8383,4052,4085,4082],"class_list":{"0":"post-119139","1":"product","2":"type-product","3":"status-publish","4":"has-post-thumbnail","6":"product_cat-lampen","7":"product_cat-wohnaccessoires","8":"product_tag-designer-tischlampen-de","9":"product_tag-designer-tischlampen-lampes-de-table-design","10":"product_tag-faites-a-la-main-de","11":"product_tag-handgefertigt-de","12":"product_tag-handgefertigte-lampe","13":"product_tag-lampe","14":"product_tag-lumiere-douce-de","15":"product_tag-papier-organique-froise-de","16":"product_tag-papierlampe","17":"product_tag-stehlampe","18":"product_tag-tischlampe","20":"first","21":"instock","22":"shipping-taxable","23":"purchasable","24":"product-type-variable","25":"has-default-attributes"},"jetpack_sharing_enabled":true,"_links":{"self":[{"href":"https:\/\/lighthouselocarno.ch\/de\/wp-json\/wp\/v2\/product\/119139","targetHints":{"allow":["GET"]}}],"collection":[{"href":"https:\/\/lighthouselocarno.ch\/de\/wp-json\/wp\/v2\/product"}],"about":[{"href":"https:\/\/lighthouselocarno.ch\/de\/wp-json\/wp\/v2\/types\/product"}],"wp:featuredmedia":[{"embeddable":true,"href":"https:\/\/lighthouselocarno.ch\/de\/wp-json\/wp\/v2\/media\/100448"}],"wp:attachment":[{"href":"https:\/\/lighthouselocarno.ch\/de\/wp-json\/wp\/v2\/media?parent=119139"}],"wp:term":[{"taxonomy":"product_brand","embeddable":true,"href":"https:\/\/lighthouselocarno.ch\/de\/wp-json\/wp\/v2\/product_brand?post=119139"},{"taxonomy":"product_cat","embeddable":true,"href":"https:\/\/lighthouselocarno.ch\/de\/wp-json\/wp\/v2\/product_cat?post=119139"},{"taxonomy":"product_tag","embeddable":true,"href":"https:\/\/lighthouselocarno.ch\/de\/wp-json\/wp\/v2\/product_tag?post=119139"}],"curies":[{"name":"wp","href":"https:\/\/api.w.org\/{rel}","templated":true}]}}