{"id":119202,"date":"2022-05-07T12:45:03","date_gmt":"2022-05-07T12:45:03","guid":{"rendered":"https:\/\/lighthouselocarno.ch\/prodotti\/grosse-weisse-fackelkerze-mit-farnese-spitze\/"},"modified":"2025-05-23T13:44:33","modified_gmt":"2025-05-23T13:44:33","slug":"grose-weise-kerze-mit-lorbeer-farnese","status":"publish","type":"product","link":"https:\/\/lighthouselocarno.ch\/de\/produkt\/grose-weise-kerze-mit-lorbeer-farnese\/","title":{"rendered":"Gro\u00dfe wei\u00dfe Fackelkerze mit Farnese-Spitze"},"content":{"rendered":"","protected":false},"excerpt":{"rendered":"<p>Gro\u00dfe Fackelkerze aus Leinen, verziert mit Farnese-Spitze.<\/p>\n","protected":false},"featured_media":0,"template":"","meta":{"_seopress_robots_primary_cat":"","_seopress_titles_title":"","_seopress_titles_desc":"","_seopress_robots_index":""},"product_brand":[8562],"product_cat":[7127,4244,4203,7317,3748],"product_tag":[],"class_list":{"0":"post-119202","1":"product","2":"type-product","3":"status-publish","5":"product_brand-arte-pura","6":"product_cat-kerzen-de","7":"product_cat-kerzen","8":"product_cat-kerzen-und-parfums","9":"product_cat-parfum-und-seifen","10":"product_cat-wohnaccessoires","12":"first","13":"instock","14":"shipping-taxable","15":"purchasable","16":"product-type-variable"},"jetpack_sharing_enabled":true,"_links":{"self":[{"href":"https:\/\/lighthouselocarno.ch\/de\/wp-json\/wp\/v2\/product\/119202","targetHints":{"allow":["GET"]}}],"collection":[{"href":"https:\/\/lighthouselocarno.ch\/de\/wp-json\/wp\/v2\/product"}],"about":[{"href":"https:\/\/lighthouselocarno.ch\/de\/wp-json\/wp\/v2\/types\/product"}],"wp:attachment":[{"href":"https:\/\/lighthouselocarno.ch\/de\/wp-json\/wp\/v2\/media?parent=119202"}],"wp:term":[{"taxonomy":"product_brand","embeddable":true,"href":"https:\/\/lighthouselocarno.ch\/de\/wp-json\/wp\/v2\/product_brand?post=119202"},{"taxonomy":"product_cat","embeddable":true,"href":"https:\/\/lighthouselocarno.ch\/de\/wp-json\/wp\/v2\/product_cat?post=119202"},{"taxonomy":"product_tag","embeddable":true,"href":"https:\/\/lighthouselocarno.ch\/de\/wp-json\/wp\/v2\/product_tag?post=119202"}],"curies":[{"name":"wp","href":"https:\/\/api.w.org\/{rel}","templated":true}]}}