{"id":119208,"date":"2020-05-14T07:51:48","date_gmt":"2020-05-14T07:51:48","guid":{"rendered":"https:\/\/lighthouselocarno.ch\/prodotti\/clochette-ouverte-tischleuchte\/"},"modified":"2025-12-09T15:44:14","modified_gmt":"2025-12-09T15:44:14","slug":"tisch-lampe-2","status":"publish","type":"product","link":"https:\/\/lighthouselocarno.ch\/de\/produkt\/tisch-lampe-2\/","title":{"rendered":"Clochette Ouverte Tischleuchte"},"content":{"rendered":"<p><strong>Designer Tischlampen<\/strong><\/p>\n<p data-sourcepos=\"5:1-5:56\"><strong>Warum sollten Sie sich f\u00fcr diese Designer-Tischlampen entscheiden?<\/strong><\/p>\n<ul data-sourcepos=\"7:1-7:41\">\n<li data-sourcepos=\"7:1-7:41\"><strong>Mit Sorgfalt handgefertigt:<\/strong> Jede Lampe wird mit viel Liebe zum Detail handgefertigt, um ein einzigartiges, hochwertiges Produkt zu garantieren.<\/li>\n<li data-sourcepos=\"8:1-8:152\"><strong>Originelles Design:<\/strong> Das Design in Form einer ge\u00f6ffneten Bl\u00fcte ist originell und elegant, perfekt um jedem Raum eine pers\u00f6nliche Note zu verleihen.<\/li>\n<li data-sourcepos=\"9:1-9:154\"><strong>Weiches, gem\u00fctliches Licht:<\/strong> Papier Organique Frois\u00e9 verbreitet ein weiches und gem\u00fctliches Licht, das eine entspannende und komfortable Atmosph\u00e4re schafft.<\/li>\n<li data-sourcepos=\"10:1-10:117\"><strong>Erh\u00e4ltlich in verschiedenen Gr\u00f6\u00dfen:<\/strong> W\u00e4hlen Sie die perfekte Gr\u00f6\u00dfe f\u00fcr Ihre Bed\u00fcrfnisse, von T1 Small bis T4 Queen.<\/li>\n<li data-sourcepos=\"11:1-11:77\">Ma\u00dfanfertigung<strong>:<\/strong> Jede Lampe wird auf Bestellung in der Werkstatt des K\u00fcnstlers hergestellt, wodurch ein exklusives und individuelles Produkt garantiert wird.<\/li>\n<\/ul>\n<p data-sourcepos=\"13:1-13:21\"><strong>Technische Details:<\/strong><\/p>\n<ul data-sourcepos=\"15:1-24:0\">\n<li data-sourcepos=\"15:1-15:59\">Materialien: Wei\u00dfer Draht, Papier Organique Frois\u00e9<\/li>\n<li data-sourcepos=\"16:1-16:16\">Farbe: Wei\u00df<\/li>\n<li data-sourcepos=\"17:1-21:23\">Abmessungen:<\/li>\n<li data-sourcepos=\"17:1-21:23\">Klein T1: 20x20cm<\/li>\n<li data-sourcepos=\"17:1-21:23\">Mittel T2: 25x25cm<\/li>\n<li data-sourcepos=\"17:1-21:23\">Gro\u00df T3: 30x30cm<\/li>\n<li data-sourcepos=\"17:1-21:23\">Queen T4: 40x40cm<\/li>\n<\/ul>\n<p>Da sie handgefertigt sind, k\u00f6nnen die Abmessungen um einige Zentimeter von den Angaben im technischen Datenblatt des Produkts abweichen.<\/p>\n<p>Alle Lampen werden zum Zeitpunkt des Kaufs im Atelier des K\u00fcnstlers gefertigt.<br \/>\nLieferzeit: ca. 3-4 Wochen<\/p>\n","protected":false},"excerpt":{"rendered":"<p><strong>Tischlampe<\/strong> in Form einer ge\u00f6ffneten Blume, <strong>handgefertigt<\/strong>. Jede Lampe ist ein Kunstwerk, mit einer zentralen Struktur aus wei\u00dfem Metalldraht, die eine zarte \u201eBlume\u201c aus Papier Organique Frois\u00e9 tr\u00e4gt. Das Ergebnis ist ein <strong>raffiniertes und elegantes Wohnaccessoire<\/strong>, das die Aufmerksamkeit auf sich zieht und ein weiches, einladendes Licht verbreitet.  <\/p>\n<p>Farbe Wei\u00df. Das Netzkabel ist transparent und hat einen Ein\/Aus-Schalter.<\/p>\n<p>Abmessungen<br \/>\nKlein T1: 20x20cm<br \/>\nMittel T2: 25x25cm<br \/>\nGro\u00df T3: 30x30cm<br \/>\nQueen T4: 40x40cm<\/p>\n<p>Da sie handgefertigt sind, k\u00f6nnen die Abmessungen um einige Zentimeter von den Angaben im technischen Datenblatt des Produkts abweichen.<\/p>\n<p>Alle Lampen werden zum Zeitpunkt des Kaufs im Atelier des K\u00fcnstlers gefertigt.<br \/>\nLieferzeit: ca. 3-4 Wochen<\/p>\n","protected":false},"featured_media":100442,"template":"","meta":{"_seopress_robots_primary_cat":"none","_seopress_titles_title":"","_seopress_titles_desc":"","_seopress_robots_index":""},"product_brand":[],"product_cat":[7193,3748],"product_tag":[4100,4043,4039,4052,9361,9362,4098,4085,4082,8229],"class_list":{"0":"post-119208","1":"product","2":"type-product","3":"status-publish","4":"has-post-thumbnail","6":"product_cat-lampen","7":"product_cat-wohnaccessoires","8":"product_tag-abat-jour-de","9":"product_tag-handgefertigte-lampe","10":"product_tag-lampe","11":"product_tag-papierlampe","12":"product_tag-papierlampe-2","13":"product_tag-seidenpapierlampe","14":"product_tag-shoppinglocarno-de","15":"product_tag-stehlampe","16":"product_tag-tischlampe","17":"product_tag-tischlampe-de","19":"first","20":"instock","21":"shipping-taxable","22":"purchasable","23":"product-type-variable"},"jetpack_sharing_enabled":true,"_links":{"self":[{"href":"https:\/\/lighthouselocarno.ch\/de\/wp-json\/wp\/v2\/product\/119208","targetHints":{"allow":["GET"]}}],"collection":[{"href":"https:\/\/lighthouselocarno.ch\/de\/wp-json\/wp\/v2\/product"}],"about":[{"href":"https:\/\/lighthouselocarno.ch\/de\/wp-json\/wp\/v2\/types\/product"}],"wp:featuredmedia":[{"embeddable":true,"href":"https:\/\/lighthouselocarno.ch\/de\/wp-json\/wp\/v2\/media\/100442"}],"wp:attachment":[{"href":"https:\/\/lighthouselocarno.ch\/de\/wp-json\/wp\/v2\/media?parent=119208"}],"wp:term":[{"taxonomy":"product_brand","embeddable":true,"href":"https:\/\/lighthouselocarno.ch\/de\/wp-json\/wp\/v2\/product_brand?post=119208"},{"taxonomy":"product_cat","embeddable":true,"href":"https:\/\/lighthouselocarno.ch\/de\/wp-json\/wp\/v2\/product_cat?post=119208"},{"taxonomy":"product_tag","embeddable":true,"href":"https:\/\/lighthouselocarno.ch\/de\/wp-json\/wp\/v2\/product_tag?post=119208"}],"curies":[{"name":"wp","href":"https:\/\/api.w.org\/{rel}","templated":true}]}}