{"id":119253,"date":"2022-05-07T12:45:47","date_gmt":"2022-05-07T12:45:47","guid":{"rendered":"https:\/\/lighthouselocarno.ch\/prodotti\/frottierhandtuch-gaestehandtuch-weiss-019\/"},"modified":"2023-08-30T16:26:47","modified_gmt":"2023-08-30T16:26:47","slug":"gastehandtuch-im-schwamm-weis-019","status":"publish","type":"product","link":"https:\/\/lighthouselocarno.ch\/de\/produkt\/gastehandtuch-im-schwamm-weis-019\/","title":{"rendered":"Frottierhandtuch G\u00e4stehandtuch - Wei\u00df 019"},"content":{"rendered":"<p>Wei\u00dfes G\u00e4stehandtuch aus Frottee mit Bord\u00fcre aus Leinenmischung. Gr\u00f6\u00dfe 40&#215;60 cm.<\/p>\n","protected":false},"excerpt":{"rendered":"<p>Wei\u00dfes G\u00e4stehandtuch aus Frottee mit Bord\u00fcre aus Leinenmischung. Gr\u00f6\u00dfe 40&#215;60 cm.<\/p>\n","protected":false},"featured_media":106169,"template":"","meta":{"_seopress_robots_primary_cat":"","_seopress_titles_title":"","_seopress_titles_desc":"","_seopress_robots_index":""},"product_brand":[],"product_cat":[6027,3916,3748],"product_tag":[],"class_list":{"0":"post-119253","1":"product","2":"type-product","3":"status-publish","4":"has-post-thumbnail","6":"product_cat-badetucher","7":"product_cat-badezimmer","8":"product_cat-wohnaccessoires","10":"first","11":"instock","12":"shipping-taxable","13":"purchasable","14":"product-type-simple"},"jetpack_sharing_enabled":true,"_links":{"self":[{"href":"https:\/\/lighthouselocarno.ch\/de\/wp-json\/wp\/v2\/product\/119253","targetHints":{"allow":["GET"]}}],"collection":[{"href":"https:\/\/lighthouselocarno.ch\/de\/wp-json\/wp\/v2\/product"}],"about":[{"href":"https:\/\/lighthouselocarno.ch\/de\/wp-json\/wp\/v2\/types\/product"}],"wp:featuredmedia":[{"embeddable":true,"href":"https:\/\/lighthouselocarno.ch\/de\/wp-json\/wp\/v2\/media\/106169"}],"wp:attachment":[{"href":"https:\/\/lighthouselocarno.ch\/de\/wp-json\/wp\/v2\/media?parent=119253"}],"wp:term":[{"taxonomy":"product_brand","embeddable":true,"href":"https:\/\/lighthouselocarno.ch\/de\/wp-json\/wp\/v2\/product_brand?post=119253"},{"taxonomy":"product_cat","embeddable":true,"href":"https:\/\/lighthouselocarno.ch\/de\/wp-json\/wp\/v2\/product_cat?post=119253"},{"taxonomy":"product_tag","embeddable":true,"href":"https:\/\/lighthouselocarno.ch\/de\/wp-json\/wp\/v2\/product_tag?post=119253"}],"curies":[{"name":"wp","href":"https:\/\/api.w.org\/{rel}","templated":true}]}}