{"id":119263,"date":"2022-05-21T10:35:50","date_gmt":"2022-05-21T10:35:50","guid":{"rendered":"https:\/\/lighthouselocarno.ch\/prodotti\/duftkerze-elements\/"},"modified":"2023-07-26T15:50:13","modified_gmt":"2023-07-26T15:50:13","slug":"kerzen-duftende-elemente","status":"publish","type":"product","link":"https:\/\/lighthouselocarno.ch\/de\/produkt\/kerzen-duftende-elemente\/","title":{"rendered":"Duftkerze \u201eElements"},"content":{"rendered":"<p>Entscheiden Sie sich f\u00fcr Eleganz, um <strong>Ihr Zuhause mit Stil<\/strong> und Raffinesse <strong>einzurichten<\/strong>. Die <strong>Geschenkideen<\/strong> und <strong>Wohnaccessoires<\/strong>, die Light House anbietet, sind einzigartige und originelle <strong>handgefertigte Kreationen<\/strong>. <strong>Total white<\/strong> und <strong>shabby chic<\/strong> sind <strong>Designelemente<\/strong>, die die Philosophie und die Werte der Marke <strong>Light House Locarno<\/strong>charakterisieren&#8230; Home &amp; Life Philosophy.<\/p>\n<p>&nbsp;<\/p>\n","protected":false},"excerpt":{"rendered":"<p>Elements&#8216; <b>Duftkerzen <\/b><\/p>\n<p>Romantische 350g-Duftkerzen in einem eleganten Glasgef\u00e4\u00df.<\/p>\n<p>Die Kerzen sind in den folgenden D\u00fcften erh\u00e4ltlich, die speziell f\u00fcr die Kunden von Light House Locarno ausgew\u00e4hlt wurden:<\/p>\n<ul>\n<li style=\"font-weight: 400;\"><b>Feigenbl\u00e4tter &amp; Efeu<\/b><span style=\"font-weight: 400;\">Der harmonische Duft von Feigenblatt mit Tonkabohne und Sandelholz.<\/span><\/li>\n<li style=\"font-weight: 400;\"><span style=\"font-weight: 400;\">: Duft von  <\/span><\/li>\n<li style=\"font-weight: 400;\"><b>Schwarzer Pfeffer &amp; Tonkabohne<\/b><span style=\"font-weight: 400;\">mit schwarzem Pfeffer, Zitronenschalen, Zimt, Amber und H\u00f6lzern. Ein anregender und kantiger Duft.  <\/span><\/li>\n<li style=\"font-weight: 400;\"><b>Bernstein &amp; Holz<\/b><span style=\"font-weight: 400;\">Bernstein und Holz in Kombination mit der Kopfnote von Myrrhe ergeben einen \u00fcberraschenden Duft.<\/span><\/li>\n<li style=\"font-weight: 400;\">\n \t<\/li>\n<li style=\"font-weight: 400;\">\n<\/li>\n<\/ul>\n","protected":false},"featured_media":101849,"template":"","meta":{"_seopress_robots_primary_cat":"79","_seopress_titles_title":"","_seopress_titles_desc":"","_seopress_robots_index":""},"product_brand":[],"product_cat":[7127,4244,4203,3748],"product_tag":[4207,4235,4222,4231],"class_list":{"0":"post-119263","1":"product","2":"type-product","3":"status-publish","4":"has-post-thumbnail","6":"product_cat-kerzen-de","7":"product_cat-kerzen","8":"product_cat-kerzen-und-parfums","9":"product_cat-wohnaccessoires","10":"product_tag-handgemachte-kerze","11":"product_tag-naturkerze","12":"product_tag-parfumierte-kerze","13":"product_tag-rebhuhner","15":"first","16":"instock","17":"shipping-taxable","18":"purchasable","19":"product-type-variable"},"jetpack_sharing_enabled":true,"_links":{"self":[{"href":"https:\/\/lighthouselocarno.ch\/de\/wp-json\/wp\/v2\/product\/119263","targetHints":{"allow":["GET"]}}],"collection":[{"href":"https:\/\/lighthouselocarno.ch\/de\/wp-json\/wp\/v2\/product"}],"about":[{"href":"https:\/\/lighthouselocarno.ch\/de\/wp-json\/wp\/v2\/types\/product"}],"wp:featuredmedia":[{"embeddable":true,"href":"https:\/\/lighthouselocarno.ch\/de\/wp-json\/wp\/v2\/media\/101849"}],"wp:attachment":[{"href":"https:\/\/lighthouselocarno.ch\/de\/wp-json\/wp\/v2\/media?parent=119263"}],"wp:term":[{"taxonomy":"product_brand","embeddable":true,"href":"https:\/\/lighthouselocarno.ch\/de\/wp-json\/wp\/v2\/product_brand?post=119263"},{"taxonomy":"product_cat","embeddable":true,"href":"https:\/\/lighthouselocarno.ch\/de\/wp-json\/wp\/v2\/product_cat?post=119263"},{"taxonomy":"product_tag","embeddable":true,"href":"https:\/\/lighthouselocarno.ch\/de\/wp-json\/wp\/v2\/product_tag?post=119263"}],"curies":[{"name":"wp","href":"https:\/\/api.w.org\/{rel}","templated":true}]}}