{"id":119264,"date":"2021-02-16T12:26:36","date_gmt":"2021-02-16T12:26:36","guid":{"rendered":"https:\/\/lighthouselocarno.ch\/prodotti\/baby-schlafsack\/"},"modified":"2023-08-19T13:26:37","modified_gmt":"2023-08-19T13:26:37","slug":"schlafsack","status":"publish","type":"product","link":"https:\/\/lighthouselocarno.ch\/de\/produkt\/schlafsack\/","title":{"rendered":"Baby-Schlafsack"},"content":{"rendered":"","protected":false},"excerpt":{"rendered":"<p>Babyschlafsack mit Kapuze und L\u00f6chern auf der R\u00fcckseite zur Befestigung an verschiedenen Vorrichtungen wie z. B. einem Autositz.<br \/>\nSch\u00f6n und praktisch. Ideal f\u00fcr die Wiege, den Kinderwagen, f\u00fcr einen Ausflug zu den Gro\u00dfeltern!<br \/>\n100% Baumwollgewebe, synthetische Polsterung, seitliche B\u00e4nder f\u00fcr eine einfache Handhabung.<br \/>\nVollst\u00e4ndig zu \u00f6ffnende Kapuze mit Kn\u00f6pfen.<\/p>\n","protected":false},"featured_media":101711,"template":"","meta":{"_seopress_robots_primary_cat":"79","_seopress_titles_title":"","_seopress_titles_desc":"","_seopress_robots_index":""},"product_brand":[],"product_cat":[5957,6120,3748],"product_tag":[4201,4217],"class_list":{"0":"post-119264","1":"product","2":"type-product","3":"status-publish","4":"has-post-thumbnail","6":"product_cat-bettwaesche","7":"product_cat-decken","8":"product_cat-wohnaccessoires","9":"product_tag-babytasche","10":"product_tag-schlafsack","12":"first","13":"outofstock","14":"shipping-taxable","15":"purchasable","16":"product-type-simple"},"jetpack_sharing_enabled":true,"_links":{"self":[{"href":"https:\/\/lighthouselocarno.ch\/de\/wp-json\/wp\/v2\/product\/119264","targetHints":{"allow":["GET"]}}],"collection":[{"href":"https:\/\/lighthouselocarno.ch\/de\/wp-json\/wp\/v2\/product"}],"about":[{"href":"https:\/\/lighthouselocarno.ch\/de\/wp-json\/wp\/v2\/types\/product"}],"wp:featuredmedia":[{"embeddable":true,"href":"https:\/\/lighthouselocarno.ch\/de\/wp-json\/wp\/v2\/media\/101711"}],"wp:attachment":[{"href":"https:\/\/lighthouselocarno.ch\/de\/wp-json\/wp\/v2\/media?parent=119264"}],"wp:term":[{"taxonomy":"product_brand","embeddable":true,"href":"https:\/\/lighthouselocarno.ch\/de\/wp-json\/wp\/v2\/product_brand?post=119264"},{"taxonomy":"product_cat","embeddable":true,"href":"https:\/\/lighthouselocarno.ch\/de\/wp-json\/wp\/v2\/product_cat?post=119264"},{"taxonomy":"product_tag","embeddable":true,"href":"https:\/\/lighthouselocarno.ch\/de\/wp-json\/wp\/v2\/product_tag?post=119264"}],"curies":[{"name":"wp","href":"https:\/\/api.w.org\/{rel}","templated":true}]}}