{"id":119273,"date":"2021-06-13T10:14:47","date_gmt":"2021-06-13T10:14:47","guid":{"rendered":"https:\/\/lighthouselocarno.ch\/prodotti\/kerzenserie-garden\/"},"modified":"2023-05-19T08:38:50","modified_gmt":"2023-05-19T08:38:50","slug":"kerze-citronella-garten","status":"publish","type":"product","link":"https:\/\/lighthouselocarno.ch\/de\/produkt\/kerze-citronella-garten\/","title":{"rendered":"Kerzenserie &#8218;Garden"},"content":{"rendered":"<p><strong>Kerzen<\/strong> sind ein unverzichtbares <strong>Accessoire<\/strong> f\u00fcr die <strong>Wohnungsdekoration<\/strong>. In jeder Farbe, Form und Gestalt, ausgestattet mit <a href=\"https:\/\/lighthouselocarno.ch\/prodotti\/candelabro-shabby-chic\/\"><br \/>\n  <strong>Kandelaber<\/strong><br \/>\n<\/a>Kerze, Kerzenhalter oder <a href=\"https:\/\/lighthouselocarno.ch\/prodotti\/lanterna-oro-vetro\/\"><br \/>\n  <strong>Windlicht<\/strong><br \/>\n<\/a> sind sie die Stars der <strong><br \/>\n  <em>Kerzenlicht-Designs<\/em><br \/>\n<\/strong> sind ein Muss f\u00fcr jede Feuerstelle, die diesen Namen verdient.<\/p>\n<p style=\"text-align: left;\"><em>Und ein am\u00fcsantes Paradoxon des Designs: N\u00fctzlichkeit erzeugt Sch\u00f6nheit. In der Effizienz liegt die Eleganz. ~ Ben Orlin ~<\/em><\/p>\n<p>&#8230;Erleben Sie eine einzigartige sensorische und emotionale Erfahrung&#8230; betreten Sie LightHouse, Home and Life Philosophy.<br \/>\nLightHouse ist ein kreatives Atelier f\u00fcr<strong>Innenarchitektur<\/strong> und <strong>Wohnkultur<\/strong> im Herzen der Altstadt, in einem der sch\u00f6nsten historischen Geb\u00e4ude von Locarno am Lago Maggiore in der Schweiz.<br \/>\nSowohl im <strong>Online-Shop<\/strong> als auch in der Filiale in Locarno finden Sie einzigartige, originelle und innovative Kreationen f\u00fcr Sie und Ihr <strong>Zuhause<\/strong>, die Ihre Augen und Ihr Herz zum Leuchten bringen.<\/p>\n<p>&nbsp;<\/p>\n<p>&nbsp;<\/p>\n","protected":false},"excerpt":{"rendered":"<p>Garten\u201c<b>-Kerzen<\/b>.<\/p>\n<p>Hergestellt aus <b>nat\u00fcrlichem Wachs<\/b> und 100% reinem Baumwolldocht.<\/p>\n<p>Die Tasche ist aus <b>feuerfestem Papier<\/b> hergestellt.<\/p>\n<p>Jede Kerze h\u00e4lt maximal 55 Stunden.<\/p>\n<p>Erh\u00e4ltlich mit und ohne Citronella.<\/p>\n","protected":false},"featured_media":101777,"template":"","meta":{"_seopress_robots_primary_cat":"79","_seopress_titles_title":"Garden Line Outdoor-Kerzen mit Citronella in nat\u00fcrlichem Wachs","_seopress_titles_desc":"Kerzen sind ein unverzichtbares Accessoire f\u00fcr die Wohnungsdekoration. In allen Farben, Formen und Auspr\u00e4gungen, ausgestattet mit Kandelaber, L\u00fcge oder Laterne, sind die Stars des Kerzenlichts ein Muss f\u00fcr jeden Kamin, der diesen Namen verdient.  ","_seopress_robots_index":""},"product_brand":[],"product_cat":[4030,4244,4203,3748],"product_tag":[4248,4246,4252,4254],"class_list":{"0":"post-119273","1":"product","2":"type-product","3":"status-publish","4":"has-post-thumbnail","6":"product_cat-deko","7":"product_cat-kerzen","8":"product_cat-kerzen-und-parfums","9":"product_cat-wohnaccessoires","10":"product_tag-anti-moskito-kerzen","11":"product_tag-gartenkerze","12":"product_tag-outdoor-kerzen","13":"product_tag-zitronengras","15":"first","16":"instock","17":"shipping-taxable","18":"purchasable","19":"product-type-variable"},"jetpack_sharing_enabled":true,"_links":{"self":[{"href":"https:\/\/lighthouselocarno.ch\/de\/wp-json\/wp\/v2\/product\/119273","targetHints":{"allow":["GET"]}}],"collection":[{"href":"https:\/\/lighthouselocarno.ch\/de\/wp-json\/wp\/v2\/product"}],"about":[{"href":"https:\/\/lighthouselocarno.ch\/de\/wp-json\/wp\/v2\/types\/product"}],"wp:featuredmedia":[{"embeddable":true,"href":"https:\/\/lighthouselocarno.ch\/de\/wp-json\/wp\/v2\/media\/101777"}],"wp:attachment":[{"href":"https:\/\/lighthouselocarno.ch\/de\/wp-json\/wp\/v2\/media?parent=119273"}],"wp:term":[{"taxonomy":"product_brand","embeddable":true,"href":"https:\/\/lighthouselocarno.ch\/de\/wp-json\/wp\/v2\/product_brand?post=119273"},{"taxonomy":"product_cat","embeddable":true,"href":"https:\/\/lighthouselocarno.ch\/de\/wp-json\/wp\/v2\/product_cat?post=119273"},{"taxonomy":"product_tag","embeddable":true,"href":"https:\/\/lighthouselocarno.ch\/de\/wp-json\/wp\/v2\/product_tag?post=119273"}],"curies":[{"name":"wp","href":"https:\/\/api.w.org\/{rel}","templated":true}]}}