{"id":119317,"date":"2021-07-05T12:51:42","date_gmt":"2021-07-05T12:51:42","guid":{"rendered":"https:\/\/lighthouselocarno.ch\/prodotti\/kimono-mit-spitze-als-ueberwurf\/"},"modified":"2023-08-29T16:11:49","modified_gmt":"2023-08-29T16:11:49","slug":"kimono-mit-spitze-als-ueberwurf","status":"publish","type":"product","link":"https:\/\/lighthouselocarno.ch\/de\/produkt\/kimono-mit-spitze-als-ueberwurf\/","title":{"rendered":"Kimono mit Spitze als \u00dcberwurf"},"content":{"rendered":"<p>Langer Kimono mit Schlitzen und Seitentaschen.<\/p>\n<p>Die Leidenschaft f\u00fcr das, was wir tun, ist unser zus\u00e4tzlicher Wert.<\/p>\n<p>Die St\u00e4rke von Amor y Odio liegt in der Auswahl von Originalmaterialien und -zubeh\u00f6r, in der perfekten Passform und in der Qualit\u00e4t des Endprodukts.<\/p>\n<p>IN ITALIEN GEFERTIGT<\/p>\n","protected":false},"excerpt":{"rendered":"<p>Wundersch\u00f6nes <b>Damen-Kimono-Tuch aus Spitze<\/b> mit langen, leicht glockigen \u00c4rmeln.<\/p>\n<p>Ein handgefertigtes Must Have aus meiner pers\u00f6nlichen<b>&#8218;Traumurlaubs&#8216;<\/b>-Auswahl.<\/p>\n<p>Dieser <b>in Italien gefertigte<\/b> \u00dcberwurf kann auch als <b>Abendtuch<\/b> \u00fcber einem kurzen Etuikleid f\u00fcr ein romantisches Abendessen am Meer getragen werden.<\/p>\n<p>Dieser besondere Duster hat zwei <b>breite Seitenschlitze<\/b>, die f\u00fcr hohen Tragekomfort und elegante Bewegung beim Gehen sorgen. Es hat zwei Schlaufen mit einem langen G\u00fcrtel und <b>zwei praktische Taschen<\/b> direkt \u00fcber den Seitenschlitzen.<\/p>\n<p>Farben: WEISS, SCHWARZ<\/p>\n<p>Material: 70% Baumwolle 30% Polyamid<\/p>\n<p>Schonende Handw\u00e4sche, kann bei niedriger Temperatur geb\u00fcgelt werden.<\/p>\n<p>&nbsp;<\/p>\n<p>&nbsp;<\/p>\n","protected":false},"featured_media":102029,"template":"","meta":{"_seopress_robots_primary_cat":"","_seopress_titles_title":"","_seopress_titles_desc":"","_seopress_robots_index":""},"product_brand":[],"product_cat":[7207,3799,7340,7341],"product_tag":[4205,4280,4278],"class_list":{"0":"post-119317","1":"product","2":"type-product","3":"status-publish","4":"has-post-thumbnail","6":"product_cat-bade-mode","7":"product_cat-damenmode","8":"product_cat-kaftane","9":"product_cat-pareo-de","10":"product_tag-ferien","11":"product_tag-spitzenuberwurf","12":"product_tag-strandkollektion","14":"first","15":"instock","16":"shipping-taxable","17":"purchasable","18":"product-type-variable","19":"has-default-attributes"},"jetpack_sharing_enabled":true,"_links":{"self":[{"href":"https:\/\/lighthouselocarno.ch\/de\/wp-json\/wp\/v2\/product\/119317","targetHints":{"allow":["GET"]}}],"collection":[{"href":"https:\/\/lighthouselocarno.ch\/de\/wp-json\/wp\/v2\/product"}],"about":[{"href":"https:\/\/lighthouselocarno.ch\/de\/wp-json\/wp\/v2\/types\/product"}],"wp:featuredmedia":[{"embeddable":true,"href":"https:\/\/lighthouselocarno.ch\/de\/wp-json\/wp\/v2\/media\/102029"}],"wp:attachment":[{"href":"https:\/\/lighthouselocarno.ch\/de\/wp-json\/wp\/v2\/media?parent=119317"}],"wp:term":[{"taxonomy":"product_brand","embeddable":true,"href":"https:\/\/lighthouselocarno.ch\/de\/wp-json\/wp\/v2\/product_brand?post=119317"},{"taxonomy":"product_cat","embeddable":true,"href":"https:\/\/lighthouselocarno.ch\/de\/wp-json\/wp\/v2\/product_cat?post=119317"},{"taxonomy":"product_tag","embeddable":true,"href":"https:\/\/lighthouselocarno.ch\/de\/wp-json\/wp\/v2\/product_tag?post=119317"}],"curies":[{"name":"wp","href":"https:\/\/api.w.org\/{rel}","templated":true}]}}