{"id":119356,"date":"2021-08-09T18:00:29","date_gmt":"2021-08-09T18:00:29","guid":{"rendered":"https:\/\/lighthouselocarno.ch\/prodotti\/schwarzes-minikleid-aus-spitze\/"},"modified":"2023-05-12T14:48:15","modified_gmt":"2023-05-12T14:48:15","slug":"mini-einwohner-in-schwarz-pho-florence","status":"publish","type":"product","link":"https:\/\/lighthouselocarno.ch\/de\/produkt\/mini-einwohner-in-schwarz-pho-florence\/","title":{"rendered":"Schwarzes Minikleid aus Spitze"},"content":{"rendered":"","protected":false},"excerpt":{"rendered":"<p>Schwarzes Minikleid aus Spitze mit goldenen Verzierungen.<\/p>\n<p>Schwarzes Spitzenkleid auch ideal als schwarzer \u00dcberwurf f\u00fcr den Sommer.<\/p>\n<p>Dank der Dreiviertel\u00e4rmel eignet es sich auch perfekt f\u00fcr Fr\u00fchlingsabende, kombiniert mit schmalen Hosen oder als Minikleid mit Leggings.<\/p>\n","protected":false},"featured_media":102086,"template":"","meta":{"_seopress_robots_primary_cat":"61","_seopress_titles_title":"","_seopress_titles_desc":"","_seopress_robots_index":""},"product_brand":[],"product_cat":[3891],"product_tag":[4296,4280],"class_list":{"0":"post-119356","1":"product","2":"type-product","3":"status-publish","4":"has-post-thumbnail","6":"product_cat-vertrieb","7":"product_tag-minikleid","8":"product_tag-spitzenuberwurf","10":"first","11":"outofstock","12":"sale","13":"shipping-taxable","14":"purchasable","15":"product-type-variable"},"jetpack_sharing_enabled":true,"_links":{"self":[{"href":"https:\/\/lighthouselocarno.ch\/de\/wp-json\/wp\/v2\/product\/119356","targetHints":{"allow":["GET"]}}],"collection":[{"href":"https:\/\/lighthouselocarno.ch\/de\/wp-json\/wp\/v2\/product"}],"about":[{"href":"https:\/\/lighthouselocarno.ch\/de\/wp-json\/wp\/v2\/types\/product"}],"wp:featuredmedia":[{"embeddable":true,"href":"https:\/\/lighthouselocarno.ch\/de\/wp-json\/wp\/v2\/media\/102086"}],"wp:attachment":[{"href":"https:\/\/lighthouselocarno.ch\/de\/wp-json\/wp\/v2\/media?parent=119356"}],"wp:term":[{"taxonomy":"product_brand","embeddable":true,"href":"https:\/\/lighthouselocarno.ch\/de\/wp-json\/wp\/v2\/product_brand?post=119356"},{"taxonomy":"product_cat","embeddable":true,"href":"https:\/\/lighthouselocarno.ch\/de\/wp-json\/wp\/v2\/product_cat?post=119356"},{"taxonomy":"product_tag","embeddable":true,"href":"https:\/\/lighthouselocarno.ch\/de\/wp-json\/wp\/v2\/product_tag?post=119356"}],"curies":[{"name":"wp","href":"https:\/\/api.w.org\/{rel}","templated":true}]}}