{"id":119473,"date":"2021-08-24T12:18:24","date_gmt":"2021-08-24T12:18:24","guid":{"rendered":"https:\/\/lighthouselocarno.ch\/prodotti\/handgemachte-kerze-mit-gehaekelter-spitze\/"},"modified":"2023-08-30T14:27:01","modified_gmt":"2023-08-30T14:27:01","slug":"handgemachte-kerzen-mit-kette-unzirkuliert","status":"publish","type":"product","link":"https:\/\/lighthouselocarno.ch\/de\/produkt\/handgemachte-kerzen-mit-kette-unzirkuliert\/","title":{"rendered":"Handgemachte Kerze mit geh\u00e4kelter Spitze"},"content":{"rendered":"","protected":false},"excerpt":{"rendered":"<p>K\u00f6stliche handgefertigte Spitzenh\u00e4kelkerzen aus der Linie Arte Pura von Daniela Dallavalle.<\/p>\n<p>Eine romantische Tischdekoration f\u00fcr ein Abendessen bei Kerzenschein.<\/p>\n<p>Perfekt f\u00fcr die Beleuchtung von Lounges, Wohnzimmern und geselligen R\u00e4umen.<\/p>\n<p>Erh\u00e4ltlich im Shop in den Farben Veronica, Peony, Powder.<\/p>\n<p>Auf Bestellung in 4-6 Wochen in allen anderen Farben erh\u00e4ltlich<\/p>\n<p>Gr\u00f6\u00dfe: 1,3 kg Kerze<\/p>\n<p>&nbsp;<\/p>\n","protected":false},"featured_media":102146,"template":"","meta":{"_seopress_robots_primary_cat":"79","_seopress_titles_title":"","_seopress_titles_desc":"","_seopress_robots_index":""},"product_brand":[],"product_cat":[7127,4244,4203,3748],"product_tag":[4320,4207,4321,4222],"class_list":{"0":"post-119473","1":"product","2":"type-product","3":"status-publish","4":"has-post-thumbnail","6":"product_cat-kerzen-de","7":"product_cat-kerzen","8":"product_cat-kerzen-und-parfums","9":"product_cat-wohnaccessoires","10":"product_tag-handgemachte-kerze-de","11":"product_tag-handgemachte-kerze","12":"product_tag-kerzen-hergestellt-in-italien","13":"product_tag-parfumierte-kerze","14":"pa_colore-alter-gedanke-441","15":"pa_colore-convivio-438-de","16":"pa_colore-essenza-alt-409","17":"pa_colore-fee-alt-405","18":"pa_colore-granit-alt-427","19":"pa_colore-lebenslauf-alt-433","20":"pa_colore-liebenswerte-alte-437","21":"pa_colore-retro-900-de","22":"pa_colore-see-old-440","23":"pa_colore-veronika-alt-416","25":"first","26":"instock","27":"shipping-taxable","28":"product-type-variable"},"jetpack_sharing_enabled":true,"_links":{"self":[{"href":"https:\/\/lighthouselocarno.ch\/de\/wp-json\/wp\/v2\/product\/119473","targetHints":{"allow":["GET"]}}],"collection":[{"href":"https:\/\/lighthouselocarno.ch\/de\/wp-json\/wp\/v2\/product"}],"about":[{"href":"https:\/\/lighthouselocarno.ch\/de\/wp-json\/wp\/v2\/types\/product"}],"wp:featuredmedia":[{"embeddable":true,"href":"https:\/\/lighthouselocarno.ch\/de\/wp-json\/wp\/v2\/media\/102146"}],"wp:attachment":[{"href":"https:\/\/lighthouselocarno.ch\/de\/wp-json\/wp\/v2\/media?parent=119473"}],"wp:term":[{"taxonomy":"product_brand","embeddable":true,"href":"https:\/\/lighthouselocarno.ch\/de\/wp-json\/wp\/v2\/product_brand?post=119473"},{"taxonomy":"product_cat","embeddable":true,"href":"https:\/\/lighthouselocarno.ch\/de\/wp-json\/wp\/v2\/product_cat?post=119473"},{"taxonomy":"product_tag","embeddable":true,"href":"https:\/\/lighthouselocarno.ch\/de\/wp-json\/wp\/v2\/product_tag?post=119473"}],"curies":[{"name":"wp","href":"https:\/\/api.w.org\/{rel}","templated":true}]}}