{"id":119486,"date":"2022-05-07T12:42:32","date_gmt":"2022-05-07T12:42:32","guid":{"rendered":"https:\/\/lighthouselocarno.ch\/prodotti\/set-mit-6-servietten-weiss-019\/"},"modified":"2023-08-30T16:03:39","modified_gmt":"2023-08-30T16:03:39","slug":"box-set-6-romane-weis-019","status":"publish","type":"product","link":"https:\/\/lighthouselocarno.ch\/de\/produkt\/box-set-6-romane-weis-019\/","title":{"rendered":"Set mit 6 Servietten - Wei\u00df 019"},"content":{"rendered":"<p>Set mit 6 wei\u00dfen Servietten aus schwerem Leinen mit gesticktem Arte Pura Dekor-Logo. Kante mit Falz. Gr\u00f6\u00dfe 40&#215;40 cm.<\/p>\n","protected":false},"excerpt":{"rendered":"<p>Set mit 6 wei\u00dfen Servietten aus schwerem Leinen mit gesticktem Arte Pura Dekor-Logo. Kante mit Falz. Gr\u00f6\u00dfe 40&#215;40 cm.<\/p>\n","protected":false},"featured_media":106151,"template":"","meta":{"_seopress_robots_primary_cat":"","_seopress_titles_title":"","_seopress_titles_desc":"","_seopress_robots_index":""},"product_brand":[],"product_cat":[5718,3755,3748],"product_tag":[],"class_list":{"0":"post-119486","1":"product","2":"type-product","3":"status-publish","4":"has-post-thumbnail","6":"product_cat-servietten-und-ringe","7":"product_cat-tisch-zu-behoer","8":"product_cat-wohnaccessoires","10":"first","11":"instock","12":"shipping-taxable","13":"purchasable","14":"product-type-simple"},"jetpack_sharing_enabled":true,"_links":{"self":[{"href":"https:\/\/lighthouselocarno.ch\/de\/wp-json\/wp\/v2\/product\/119486","targetHints":{"allow":["GET"]}}],"collection":[{"href":"https:\/\/lighthouselocarno.ch\/de\/wp-json\/wp\/v2\/product"}],"about":[{"href":"https:\/\/lighthouselocarno.ch\/de\/wp-json\/wp\/v2\/types\/product"}],"wp:featuredmedia":[{"embeddable":true,"href":"https:\/\/lighthouselocarno.ch\/de\/wp-json\/wp\/v2\/media\/106151"}],"wp:attachment":[{"href":"https:\/\/lighthouselocarno.ch\/de\/wp-json\/wp\/v2\/media?parent=119486"}],"wp:term":[{"taxonomy":"product_brand","embeddable":true,"href":"https:\/\/lighthouselocarno.ch\/de\/wp-json\/wp\/v2\/product_brand?post=119486"},{"taxonomy":"product_cat","embeddable":true,"href":"https:\/\/lighthouselocarno.ch\/de\/wp-json\/wp\/v2\/product_cat?post=119486"},{"taxonomy":"product_tag","embeddable":true,"href":"https:\/\/lighthouselocarno.ch\/de\/wp-json\/wp\/v2\/product_tag?post=119486"}],"curies":[{"name":"wp","href":"https:\/\/api.w.org\/{rel}","templated":true}]}}