{"id":119504,"date":"2021-08-09T19:00:10","date_gmt":"2021-08-09T19:00:10","guid":{"rendered":"https:\/\/lighthouselocarno.ch\/prodotti\/naturfarbene-ledersandale\/"},"modified":"2021-08-09T19:00:10","modified_gmt":"2021-08-09T19:00:10","slug":"naturleder","status":"publish","type":"product","link":"https:\/\/lighthouselocarno.ch\/de\/produkt\/naturleder\/","title":{"rendered":"Naturfarbene Ledersandale"},"content":{"rendered":"<p>Sandale aus echtem Leder.<\/p>\n","protected":false},"excerpt":{"rendered":"<p>Minimale und sehr einfache Sandale, die zu jedem Outfit passt. Erh\u00e4ltlich in der Schl\u00fcsselfarbe Camel f\u00fcr den perfekten Look. Wundersch\u00f6n mit wei\u00dfen Kleidern getragen!<br \/>\nDIE SANDALEN SIND KLEIN, z\u00f6gern Sie nicht, eine Nummer gr\u00f6\u00dfer als Ihre zu kaufen!<\/p>\n<p>100% Leder.<br \/>\nAbsatz 1 cm.<\/p>\n","protected":false},"featured_media":99587,"template":"","meta":{"_seopress_robots_primary_cat":"61","_seopress_titles_title":"","_seopress_titles_desc":"","_seopress_robots_index":""},"product_brand":[],"product_cat":[3891],"product_tag":[4366,4354,4348,4360],"class_list":{"0":"post-119504","1":"product","2":"type-product","3":"status-publish","4":"has-post-thumbnail","6":"product_cat-vertrieb","7":"product_tag-sandalen","8":"product_tag-sande","9":"product_tag-sandelholz","10":"product_tag-whit-my-sands-de","12":"first","13":"instock","14":"sale","15":"shipping-taxable","16":"purchasable","17":"product-type-variable"},"jetpack_sharing_enabled":true,"_links":{"self":[{"href":"https:\/\/lighthouselocarno.ch\/de\/wp-json\/wp\/v2\/product\/119504","targetHints":{"allow":["GET"]}}],"collection":[{"href":"https:\/\/lighthouselocarno.ch\/de\/wp-json\/wp\/v2\/product"}],"about":[{"href":"https:\/\/lighthouselocarno.ch\/de\/wp-json\/wp\/v2\/types\/product"}],"wp:featuredmedia":[{"embeddable":true,"href":"https:\/\/lighthouselocarno.ch\/de\/wp-json\/wp\/v2\/media\/99587"}],"wp:attachment":[{"href":"https:\/\/lighthouselocarno.ch\/de\/wp-json\/wp\/v2\/media?parent=119504"}],"wp:term":[{"taxonomy":"product_brand","embeddable":true,"href":"https:\/\/lighthouselocarno.ch\/de\/wp-json\/wp\/v2\/product_brand?post=119504"},{"taxonomy":"product_cat","embeddable":true,"href":"https:\/\/lighthouselocarno.ch\/de\/wp-json\/wp\/v2\/product_cat?post=119504"},{"taxonomy":"product_tag","embeddable":true,"href":"https:\/\/lighthouselocarno.ch\/de\/wp-json\/wp\/v2\/product_tag?post=119504"}],"curies":[{"name":"wp","href":"https:\/\/api.w.org\/{rel}","templated":true}]}}