{"id":119526,"date":"2021-08-09T19:00:15","date_gmt":"2021-08-09T19:00:15","guid":{"rendered":"https:\/\/lighthouselocarno.ch\/prodotti\/silberne-metallic-sandale\/"},"modified":"2023-08-04T15:20:54","modified_gmt":"2023-08-04T15:20:54","slug":"sandale-metallic-silber","status":"publish","type":"product","link":"https:\/\/lighthouselocarno.ch\/de\/produkt\/sandale-metallic-silber\/","title":{"rendered":"Silberne Metallic-Sandale"},"content":{"rendered":"<p>Sandale aus echtem Leder.<\/p>\n","protected":false},"excerpt":{"rendered":"<p>Metallic Collection ist eine minimalistische und extrem schlichte Kollektion, die zu jedem Outfit getragen werden kann. Erh\u00e4ltlich in den wichtigsten Farben f\u00fcr einen perfekten Look. Wundersch\u00f6n mit wei\u00dfen Kleidern getragen!<br \/>\nDIE SANDALEN SIND KLEIN, z\u00f6gern Sie nicht, eine Nummer gr\u00f6\u00dfer als Ihre zu kaufen!<\/p>\n","protected":false},"featured_media":99569,"template":"","meta":{"_seopress_robots_primary_cat":"none","_seopress_titles_title":"","_seopress_titles_desc":"","_seopress_robots_index":""},"product_brand":[],"product_cat":[3891],"product_tag":[4366,4354,4348,4360],"class_list":{"0":"post-119526","1":"product","2":"type-product","3":"status-publish","4":"has-post-thumbnail","6":"product_cat-vertrieb","7":"product_tag-sandalen","8":"product_tag-sande","9":"product_tag-sandelholz","10":"product_tag-whit-my-sands-de","12":"first","13":"instock","14":"sale","15":"shipping-taxable","16":"purchasable","17":"product-type-variable","18":"has-default-attributes"},"jetpack_sharing_enabled":true,"_links":{"self":[{"href":"https:\/\/lighthouselocarno.ch\/de\/wp-json\/wp\/v2\/product\/119526","targetHints":{"allow":["GET"]}}],"collection":[{"href":"https:\/\/lighthouselocarno.ch\/de\/wp-json\/wp\/v2\/product"}],"about":[{"href":"https:\/\/lighthouselocarno.ch\/de\/wp-json\/wp\/v2\/types\/product"}],"wp:featuredmedia":[{"embeddable":true,"href":"https:\/\/lighthouselocarno.ch\/de\/wp-json\/wp\/v2\/media\/99569"}],"wp:attachment":[{"href":"https:\/\/lighthouselocarno.ch\/de\/wp-json\/wp\/v2\/media?parent=119526"}],"wp:term":[{"taxonomy":"product_brand","embeddable":true,"href":"https:\/\/lighthouselocarno.ch\/de\/wp-json\/wp\/v2\/product_brand?post=119526"},{"taxonomy":"product_cat","embeddable":true,"href":"https:\/\/lighthouselocarno.ch\/de\/wp-json\/wp\/v2\/product_cat?post=119526"},{"taxonomy":"product_tag","embeddable":true,"href":"https:\/\/lighthouselocarno.ch\/de\/wp-json\/wp\/v2\/product_tag?post=119526"}],"curies":[{"name":"wp","href":"https:\/\/api.w.org\/{rel}","templated":true}]}}