{"id":119617,"date":"2021-08-24T10:00:08","date_gmt":"2021-08-24T10:00:08","guid":{"rendered":"https:\/\/lighthouselocarno.ch\/prodotti\/star-schwarze-elegante-sandale\/"},"modified":"2021-08-24T10:00:08","modified_gmt":"2021-08-24T10:00:08","slug":"sandale-elegant-schwarz","status":"publish","type":"product","link":"https:\/\/lighthouselocarno.ch\/de\/produkt\/sandale-elegant-schwarz\/","title":{"rendered":"Star Schwarze elegante Sandale"},"content":{"rendered":"<p>Sandale aus echtem Leder, verziert mit Perlen.<\/p>\n","protected":false},"excerpt":{"rendered":"<p>Die Star Collection ist das Flaggschiff der Kollektion.<\/p>\n<p>Der elegante Stil ist sehr feminin und erlaubt es Ihnen, die Sandalen mit Jeans, klassischen Hosen oder einem sch\u00f6nen kleinen schwarzen Kleid zu kombinieren. Helle Farben sind perfekt f\u00fcr Sommertage und Hochzeiten. Die dunklere Palette ist zweifellos f\u00fcr ein abendliches Outfit geeignet!<\/p>\n<p class=\"font_8\"><strong>3 Farben<\/strong>: Star Schwarz - Star Bronze - Star Blau<\/p>\n<p class=\"font_8\">Die Star-Kollektion ist ein Verkaufsschlager, sie gl\u00e4nzt mit Eleganz und ist in sechs Farben erh\u00e4ltlich, die zu jedem Ensemble passen.<\/p>\n<p>Der Stil ist sehr feminin und erlaubt es Ihnen, die Sandalen mit Jeans, Hosen oder dem kleinen Schwarzen zu kombinieren. Die helleren Farben eignen sich perfekt f\u00fcr Sommertage oder sogar Hochzeiten, w\u00e4hrend die dunkleren Farben m\u00fchelos f\u00fcr ein schickes Abendoutfit sorgen.<\/p>\n<p class=\"font_8\"><strong>3Farben<\/strong>: Star Schwarz - Star Bronze - Star Blau<\/p>\n<p><strong>DIE SANDALEN SIND KLEIN<\/strong>, z\u00f6gern Sie nicht, eine Nummer gr\u00f6\u00dfer zu kaufen!<\/p>\n<p class=\"font_8\"><strong>THE SANDS SIZE SEHR KLEIN<\/strong>, z\u00f6gern Sie nicht, eine zus\u00e4tzliche Nummer zu kaufen!<\/p>\n<p>&nbsp;<\/p>\n","protected":false},"featured_media":99704,"template":"","meta":{"_seopress_robots_primary_cat":"61","_seopress_titles_title":"","_seopress_titles_desc":"","_seopress_robots_index":""},"product_brand":[],"product_cat":[3891],"product_tag":[4366,4354,4428,4430,4433],"class_list":{"0":"post-119617","1":"product","2":"type-product","3":"status-publish","4":"has-post-thumbnail","6":"product_cat-vertrieb","7":"product_tag-sandalen","8":"product_tag-sande","9":"product_tag-schuhe","10":"product_tag-schuhe-de","11":"product_tag-sommer","13":"first","14":"instock","15":"sale","16":"shipping-taxable","17":"purchasable","18":"product-type-variable","19":"has-default-attributes"},"jetpack_sharing_enabled":true,"_links":{"self":[{"href":"https:\/\/lighthouselocarno.ch\/de\/wp-json\/wp\/v2\/product\/119617","targetHints":{"allow":["GET"]}}],"collection":[{"href":"https:\/\/lighthouselocarno.ch\/de\/wp-json\/wp\/v2\/product"}],"about":[{"href":"https:\/\/lighthouselocarno.ch\/de\/wp-json\/wp\/v2\/types\/product"}],"wp:featuredmedia":[{"embeddable":true,"href":"https:\/\/lighthouselocarno.ch\/de\/wp-json\/wp\/v2\/media\/99704"}],"wp:attachment":[{"href":"https:\/\/lighthouselocarno.ch\/de\/wp-json\/wp\/v2\/media?parent=119617"}],"wp:term":[{"taxonomy":"product_brand","embeddable":true,"href":"https:\/\/lighthouselocarno.ch\/de\/wp-json\/wp\/v2\/product_brand?post=119617"},{"taxonomy":"product_cat","embeddable":true,"href":"https:\/\/lighthouselocarno.ch\/de\/wp-json\/wp\/v2\/product_cat?post=119617"},{"taxonomy":"product_tag","embeddable":true,"href":"https:\/\/lighthouselocarno.ch\/de\/wp-json\/wp\/v2\/product_tag?post=119617"}],"curies":[{"name":"wp","href":"https:\/\/api.w.org\/{rel}","templated":true}]}}