{"id":119627,"date":"2021-08-09T19:00:09","date_gmt":"2021-08-09T19:00:09","guid":{"rendered":"https:\/\/lighthouselocarno.ch\/prodotti\/dolce-vita-schwarz-nieten-kreuz-sandale\/"},"modified":"2023-08-19T13:59:15","modified_gmt":"2023-08-19T13:59:15","slug":"sandale-sweet-life-schwarz-nieten","status":"publish","type":"product","link":"https:\/\/lighthouselocarno.ch\/de\/produkt\/sandale-sweet-life-schwarz-nieten\/","title":{"rendered":"Dolce Vita Schwarz Nieten Kreuz Sandale"},"content":{"rendered":"<p>Sandalen aus echtem Leder.<\/p>\n","protected":false},"excerpt":{"rendered":"<p>Wecken Sie mit der Dolce Vita-Kollektion die Fashionista in Ihnen. Es ist eine schicke und vielseitige Sandale mit italienischem Flair, die sich gut f\u00fcr die Stadt, den Strand oder den Abend eignet. Erh\u00e4ltlich in drei Modellen zu tragen: Naturleder, Wildleder oder Nieten.<\/p>\n<p>DIE SANDALEN SIND SEHR KLEIN, z\u00f6gern Sie nicht, eine Nummer gr\u00f6\u00dfer zu kaufen!<\/p>\n","protected":false},"featured_media":99764,"template":"","meta":{"_seopress_robots_primary_cat":"61","_seopress_titles_title":"","_seopress_titles_desc":"","_seopress_robots_index":""},"product_brand":[],"product_cat":[3891],"product_tag":[4407,4354,4348,4360],"class_list":{"0":"post-119627","1":"product","2":"type-product","3":"status-publish","4":"has-post-thumbnail","6":"product_cat-vertrieb","7":"product_tag-flip-flops","8":"product_tag-sande","9":"product_tag-sandelholz","10":"product_tag-whit-my-sands-de","12":"first","13":"instock","14":"sale","15":"shipping-taxable","16":"purchasable","17":"product-type-variable"},"jetpack_sharing_enabled":true,"_links":{"self":[{"href":"https:\/\/lighthouselocarno.ch\/de\/wp-json\/wp\/v2\/product\/119627","targetHints":{"allow":["GET"]}}],"collection":[{"href":"https:\/\/lighthouselocarno.ch\/de\/wp-json\/wp\/v2\/product"}],"about":[{"href":"https:\/\/lighthouselocarno.ch\/de\/wp-json\/wp\/v2\/types\/product"}],"wp:featuredmedia":[{"embeddable":true,"href":"https:\/\/lighthouselocarno.ch\/de\/wp-json\/wp\/v2\/media\/99764"}],"wp:attachment":[{"href":"https:\/\/lighthouselocarno.ch\/de\/wp-json\/wp\/v2\/media?parent=119627"}],"wp:term":[{"taxonomy":"product_brand","embeddable":true,"href":"https:\/\/lighthouselocarno.ch\/de\/wp-json\/wp\/v2\/product_brand?post=119627"},{"taxonomy":"product_cat","embeddable":true,"href":"https:\/\/lighthouselocarno.ch\/de\/wp-json\/wp\/v2\/product_cat?post=119627"},{"taxonomy":"product_tag","embeddable":true,"href":"https:\/\/lighthouselocarno.ch\/de\/wp-json\/wp\/v2\/product_tag?post=119627"}],"curies":[{"name":"wp","href":"https:\/\/api.w.org\/{rel}","templated":true}]}}