{"id":119653,"date":"2021-08-09T19:00:26","date_gmt":"2021-08-09T19:00:26","guid":{"rendered":"https:\/\/lighthouselocarno.ch\/prodotti\/nomad-schoko-sandale\/"},"modified":"2025-08-18T11:56:08","modified_gmt":"2025-08-18T11:56:08","slug":"sandale-nomade-choco","status":"publish","type":"product","link":"https:\/\/lighthouselocarno.ch\/de\/produkt\/sandale-nomade-choco\/","title":{"rendered":"Nomad Choco Sandale"},"content":{"rendered":"<p>Sandale aus echtem Leder.<\/p>\n","protected":false},"excerpt":{"rendered":"<p>Erleben Sie ein romantisches und abenteuerliches, aber dennoch modisches Erlebnis,<br \/>\nmit der neuen Nomad Whit My Sands Kollektion.<br \/>\nDie neuen Nomad-Sandalen, die vom Reisen inspiriert sind, haben einen eleganten Doppelriemen, der den Kn\u00f6chel st\u00fctzt, w\u00e4hrend Sie die Welt entdecken.<\/p>\n<p>DIE SANDALEN SIND KLEIN GESCHNITTEN. Z\u00f6gern Sie nicht, eine Nummer mehr als Ihre zu kaufen!<\/p>\n","protected":false},"featured_media":99737,"template":"","meta":{"_seopress_robots_primary_cat":"61","_seopress_titles_title":"","_seopress_titles_desc":"","_seopress_robots_index":""},"product_brand":[],"product_cat":[3891],"product_tag":[],"class_list":{"0":"post-119653","1":"product","2":"type-product","3":"status-publish","4":"has-post-thumbnail","6":"product_cat-vertrieb","8":"first","9":"instock","10":"sale","11":"shipping-taxable","12":"purchasable","13":"product-type-variable","14":"has-default-attributes"},"jetpack_sharing_enabled":true,"_links":{"self":[{"href":"https:\/\/lighthouselocarno.ch\/de\/wp-json\/wp\/v2\/product\/119653","targetHints":{"allow":["GET"]}}],"collection":[{"href":"https:\/\/lighthouselocarno.ch\/de\/wp-json\/wp\/v2\/product"}],"about":[{"href":"https:\/\/lighthouselocarno.ch\/de\/wp-json\/wp\/v2\/types\/product"}],"wp:featuredmedia":[{"embeddable":true,"href":"https:\/\/lighthouselocarno.ch\/de\/wp-json\/wp\/v2\/media\/99737"}],"wp:attachment":[{"href":"https:\/\/lighthouselocarno.ch\/de\/wp-json\/wp\/v2\/media?parent=119653"}],"wp:term":[{"taxonomy":"product_brand","embeddable":true,"href":"https:\/\/lighthouselocarno.ch\/de\/wp-json\/wp\/v2\/product_brand?post=119653"},{"taxonomy":"product_cat","embeddable":true,"href":"https:\/\/lighthouselocarno.ch\/de\/wp-json\/wp\/v2\/product_cat?post=119653"},{"taxonomy":"product_tag","embeddable":true,"href":"https:\/\/lighthouselocarno.ch\/de\/wp-json\/wp\/v2\/product_tag?post=119653"}],"curies":[{"name":"wp","href":"https:\/\/api.w.org\/{rel}","templated":true}]}}