{"id":119724,"date":"2021-08-24T10:00:06","date_gmt":"2021-08-24T10:00:06","guid":{"rendered":"https:\/\/lighthouselocarno.ch\/prodotti\/star-bronze-sandale\/"},"modified":"2021-08-24T10:00:06","modified_gmt":"2021-08-24T10:00:06","slug":"funkelnd-bronze-2","status":"publish","type":"product","link":"https:\/\/lighthouselocarno.ch\/de\/produkt\/funkelnd-bronze-2\/","title":{"rendered":"Star Bronze Sandale"},"content":{"rendered":"<p>Sandale aus echtem Leder, verziert mit Perlen.<\/p>\n","protected":false},"excerpt":{"rendered":"<p>Die Star Collection ist das Flaggschiff der Kollektion. Elegant, in drei modischen Farben erh\u00e4ltlich.<\/p>\n<p>Der Stil ist sehr feminin und erlaubt es Ihnen, die Sandalen mit Jeans, klassischen Hosen oder einem sch\u00f6nen kleinen schwarzen Kleid zu kombinieren. Helle Farben sind perfekt f\u00fcr Sommertage und Hochzeiten. Die dunklere Palette ist zweifellos f\u00fcr ein abendliches Outfit geeignet!<\/p>\n<p> <strong> Farben<\/strong>: Star Black - Star Bronze -<\/p>\n<p><strong>DIE SANDALEN SIND KLEIN<\/strong>, z\u00f6gern Sie nicht, eine Nummer gr\u00f6\u00dfer zu kaufen!<\/p>\n<p class=\"font_8\">\n","protected":false},"featured_media":99695,"template":"","meta":{"_seopress_robots_primary_cat":"","_seopress_titles_title":"","_seopress_titles_desc":"","_seopress_robots_index":""},"product_brand":[],"product_cat":[3891],"product_tag":[4366,4354,4348,4360],"class_list":{"0":"post-119724","1":"product","2":"type-product","3":"status-publish","4":"has-post-thumbnail","6":"product_cat-vertrieb","7":"product_tag-sandalen","8":"product_tag-sande","9":"product_tag-sandelholz","10":"product_tag-whit-my-sands-de","12":"first","13":"instock","14":"sale","15":"shipping-taxable","16":"purchasable","17":"product-type-variable","18":"has-default-attributes"},"jetpack_sharing_enabled":true,"_links":{"self":[{"href":"https:\/\/lighthouselocarno.ch\/de\/wp-json\/wp\/v2\/product\/119724","targetHints":{"allow":["GET"]}}],"collection":[{"href":"https:\/\/lighthouselocarno.ch\/de\/wp-json\/wp\/v2\/product"}],"about":[{"href":"https:\/\/lighthouselocarno.ch\/de\/wp-json\/wp\/v2\/types\/product"}],"wp:featuredmedia":[{"embeddable":true,"href":"https:\/\/lighthouselocarno.ch\/de\/wp-json\/wp\/v2\/media\/99695"}],"wp:attachment":[{"href":"https:\/\/lighthouselocarno.ch\/de\/wp-json\/wp\/v2\/media?parent=119724"}],"wp:term":[{"taxonomy":"product_brand","embeddable":true,"href":"https:\/\/lighthouselocarno.ch\/de\/wp-json\/wp\/v2\/product_brand?post=119724"},{"taxonomy":"product_cat","embeddable":true,"href":"https:\/\/lighthouselocarno.ch\/de\/wp-json\/wp\/v2\/product_cat?post=119724"},{"taxonomy":"product_tag","embeddable":true,"href":"https:\/\/lighthouselocarno.ch\/de\/wp-json\/wp\/v2\/product_tag?post=119724"}],"curies":[{"name":"wp","href":"https:\/\/api.w.org\/{rel}","templated":true}]}}