{"id":119739,"date":"2021-08-09T19:00:15","date_gmt":"2021-08-09T19:00:15","guid":{"rendered":"https:\/\/lighthouselocarno.ch\/prodotti\/nomad-kamel-sandale\/"},"modified":"2021-08-09T19:00:15","modified_gmt":"2021-08-09T19:00:15","slug":"sandale-nomade-kamel","status":"publish","type":"product","link":"https:\/\/lighthouselocarno.ch\/de\/produkt\/sandale-nomade-kamel\/","title":{"rendered":"Nomad Kamel-Sandale"},"content":{"rendered":"<p>Sandalen aus echtem Leder<\/p>\n","protected":false},"excerpt":{"rendered":"<p>Erleben Sie eine romantische, abenteuerliche und doch modische Erfahrung,<br \/>\nmit der New Nomad Whit My Sands Kollektion.<br \/>\nDie neuen Sandalen, die von Nomadenreisen inspiriert sind, haben einen eleganten Doppelriemen, der den Kn\u00f6chel st\u00fctzt, w\u00e4hrend Sie die Welt entdecken.<\/p>\n<p>DIE SANDALEN SIND KLEIN GESCHNITTEN. Z\u00f6gern Sie nicht, eine Nummer mehr als Ihre zu kaufen!<\/p>\n<p>Absatz 1 cm.<\/p>\n<p>&nbsp;<\/p>\n","protected":false},"featured_media":99725,"template":"","meta":{"_seopress_robots_primary_cat":"61","_seopress_titles_title":"","_seopress_titles_desc":"","_seopress_robots_index":""},"product_brand":[],"product_cat":[3891],"product_tag":[],"class_list":{"0":"post-119739","1":"product","2":"type-product","3":"status-publish","4":"has-post-thumbnail","6":"product_cat-vertrieb","8":"first","9":"instock","10":"sale","11":"shipping-taxable","12":"purchasable","13":"product-type-variable","14":"has-default-attributes"},"jetpack_sharing_enabled":true,"_links":{"self":[{"href":"https:\/\/lighthouselocarno.ch\/de\/wp-json\/wp\/v2\/product\/119739","targetHints":{"allow":["GET"]}}],"collection":[{"href":"https:\/\/lighthouselocarno.ch\/de\/wp-json\/wp\/v2\/product"}],"about":[{"href":"https:\/\/lighthouselocarno.ch\/de\/wp-json\/wp\/v2\/types\/product"}],"wp:featuredmedia":[{"embeddable":true,"href":"https:\/\/lighthouselocarno.ch\/de\/wp-json\/wp\/v2\/media\/99725"}],"wp:attachment":[{"href":"https:\/\/lighthouselocarno.ch\/de\/wp-json\/wp\/v2\/media?parent=119739"}],"wp:term":[{"taxonomy":"product_brand","embeddable":true,"href":"https:\/\/lighthouselocarno.ch\/de\/wp-json\/wp\/v2\/product_brand?post=119739"},{"taxonomy":"product_cat","embeddable":true,"href":"https:\/\/lighthouselocarno.ch\/de\/wp-json\/wp\/v2\/product_cat?post=119739"},{"taxonomy":"product_tag","embeddable":true,"href":"https:\/\/lighthouselocarno.ch\/de\/wp-json\/wp\/v2\/product_tag?post=119739"}],"curies":[{"name":"wp","href":"https:\/\/api.w.org\/{rel}","templated":true}]}}