{"id":119769,"date":"2019-11-20T18:26:10","date_gmt":"2019-11-20T18:26:10","guid":{"rendered":"https:\/\/lighthouselocarno.ch\/prodotti\/geometrischer-spitzenhalter-mit-anhaengern\/"},"modified":"2023-07-05T15:08:44","modified_gmt":"2023-07-05T15:08:44","slug":"halter-mit-knick-kunst-pur","status":"publish","type":"product","link":"https:\/\/lighthouselocarno.ch\/de\/produkt\/halter-mit-knick-kunst-pur\/","title":{"rendered":"Geometrischer Spitzenhalter mit Anh\u00e4ngern"},"content":{"rendered":"<p>SCH\u00d6NHEITSTIPPS<\/p>\n<p>WASH<br \/>\nMaschinenwaschbar bei 30-40 Grad.<br \/>\nAlle Kleidungsst\u00fccke von Arte Pura sind mit nat\u00fcrlichen Mineralpigmenten handgef\u00e4rbt.<br \/>\nEs ist m\u00f6glich, dass sie bei den ersten W\u00e4schen etwas an Farbe verlieren, was zu einem Vintage-Ton f\u00fchrt, der einzigartig f\u00fcr diese Marke ist.<br \/>\nBeim Waschen von Kleidung mit alten Farben empfehle ich dringend, bei den ersten 3-4 Waschg\u00e4ngen 1 kg Meersalz in die Waschmaschine zu geben, um die Farben gut zu fixieren.<\/p>\n<p>Die zum Abt\u00f6nen verwendeten Pigmente sind alle nat\u00fcrlichen mineralischen Ursprungs.<br \/>\nDie Farben werden in speziellen B\u00e4dern gemischt, in denen die Kleidungsst\u00fccke St\u00fcck f\u00fcr St\u00fcck gef\u00e4rbt werden.<\/p>\n<p>Nicht b\u00fcgeln<\/p>\n<p>Nicht bleichen<\/p>\n","protected":false},"excerpt":{"rendered":"<p>Wundersch\u00f6ner Brothalter aus bestickter geometrischer Spitze auf Organza, mit romantischem Anh\u00e4ngerschmuck.<br \/>\nVerwenden Sie es, um Brot auf dem Tisch zu halten, kleine Gegenst\u00e4nde oder als praktische Eingangstasche zu leeren.<\/p>\n<p>In zahlreichen Farben im Shop erh\u00e4ltlich.<\/p>\n<p>Auf Bestellung in 4-6 Wochen in allen anderen Farben erh\u00e4ltlich.<\/p>\n<p>&nbsp;<\/p>\n","protected":false},"featured_media":99815,"template":"","meta":{"_seopress_robots_primary_cat":"79","_seopress_titles_title":"","_seopress_titles_desc":"","_seopress_robots_index":""},"product_brand":[],"product_cat":[6035,3865,3748],"product_tag":[4473,4470,3807],"class_list":{"0":"post-119769","1":"product","2":"type-product","3":"status-publish","4":"has-post-thumbnail","6":"product_cat-accessoires-de","7":"product_cat-kuche","8":"product_cat-wohnaccessoires","9":"product_tag-brotkasten","10":"product_tag-halterung","11":"product_tag-reine-kunst","12":"pa_colore-weis-019","14":"first","15":"instock","16":"shipping-taxable","17":"purchasable","18":"product-type-variable"},"jetpack_sharing_enabled":true,"_links":{"self":[{"href":"https:\/\/lighthouselocarno.ch\/de\/wp-json\/wp\/v2\/product\/119769","targetHints":{"allow":["GET"]}}],"collection":[{"href":"https:\/\/lighthouselocarno.ch\/de\/wp-json\/wp\/v2\/product"}],"about":[{"href":"https:\/\/lighthouselocarno.ch\/de\/wp-json\/wp\/v2\/types\/product"}],"wp:featuredmedia":[{"embeddable":true,"href":"https:\/\/lighthouselocarno.ch\/de\/wp-json\/wp\/v2\/media\/99815"}],"wp:attachment":[{"href":"https:\/\/lighthouselocarno.ch\/de\/wp-json\/wp\/v2\/media?parent=119769"}],"wp:term":[{"taxonomy":"product_brand","embeddable":true,"href":"https:\/\/lighthouselocarno.ch\/de\/wp-json\/wp\/v2\/product_brand?post=119769"},{"taxonomy":"product_cat","embeddable":true,"href":"https:\/\/lighthouselocarno.ch\/de\/wp-json\/wp\/v2\/product_cat?post=119769"},{"taxonomy":"product_tag","embeddable":true,"href":"https:\/\/lighthouselocarno.ch\/de\/wp-json\/wp\/v2\/product_tag?post=119769"}],"curies":[{"name":"wp","href":"https:\/\/api.w.org\/{rel}","templated":true}]}}