{"id":119847,"date":"2020-01-05T12:04:01","date_gmt":"2020-01-05T12:04:01","guid":{"rendered":"https:\/\/lighthouselocarno.ch\/prodotti\/anrichte-pisanello\/"},"modified":"2023-08-24T10:50:22","modified_gmt":"2023-08-24T10:50:22","slug":"anrichte-pisanello-kunst-pura","status":"publish","type":"product","link":"https:\/\/lighthouselocarno.ch\/de\/produkt\/anrichte-pisanello-kunst-pura\/","title":{"rendered":"Anrichte Pisanello"},"content":{"rendered":"<p>Handgefertigtes Sideboard im Shabby-Stil mit Spritzschutz.<br \/>\nFein verziert mit Arte Pura Metallkn\u00f6pfen.<\/p>\n<p>Ausgestattet mit 4 R\u00e4dern, 2 T\u00fcren, 2 Einlegeb\u00f6den, 3 Schubladen, 1 Seitengitter.<\/p>\n<p>Wird montiert geliefert.<br \/>\nAbmessungen 65x40x170 cm.<br \/>\nFarbe antikwei\u00df, Acryl.<\/p>\n<p>Lieferfrist: ca. 3 Wochen.<\/p>\n","protected":false},"excerpt":{"rendered":"<p>Handgefertigtes Sideboard mit Spritzschutz im Shabby-Stil aus der Kollektion Arte Pura.<br \/>\nFein verarbeitet mit Arte Pura Metallkn\u00f6pfen.<br \/>\nAusgestattet mit 4 R\u00e4dern.<br \/>\nFarbe antikwei\u00df, Acryl.<\/p>\n","protected":false},"featured_media":99956,"template":"","meta":{"_seopress_robots_primary_cat":"","_seopress_titles_title":"","_seopress_titles_desc":"","_seopress_robots_index":""},"product_brand":[],"product_cat":[4073,3748],"product_tag":[4499,3807,4495,4474,4489],"class_list":{"0":"post-119847","1":"product","2":"type-product","3":"status-publish","4":"has-post-thumbnail","6":"product_cat-mobel","7":"product_cat-wohnaccessoires","8":"product_tag-anrichte","9":"product_tag-reine-kunst","10":"product_tag-schlechte-kunst","11":"product_tag-shabbychic-de","12":"product_tag-weinlese","14":"first","15":"instock","16":"shipping-taxable","17":"purchasable","18":"product-type-variable"},"jetpack_sharing_enabled":true,"_links":{"self":[{"href":"https:\/\/lighthouselocarno.ch\/de\/wp-json\/wp\/v2\/product\/119847","targetHints":{"allow":["GET"]}}],"collection":[{"href":"https:\/\/lighthouselocarno.ch\/de\/wp-json\/wp\/v2\/product"}],"about":[{"href":"https:\/\/lighthouselocarno.ch\/de\/wp-json\/wp\/v2\/types\/product"}],"wp:featuredmedia":[{"embeddable":true,"href":"https:\/\/lighthouselocarno.ch\/de\/wp-json\/wp\/v2\/media\/99956"}],"wp:attachment":[{"href":"https:\/\/lighthouselocarno.ch\/de\/wp-json\/wp\/v2\/media?parent=119847"}],"wp:term":[{"taxonomy":"product_brand","embeddable":true,"href":"https:\/\/lighthouselocarno.ch\/de\/wp-json\/wp\/v2\/product_brand?post=119847"},{"taxonomy":"product_cat","embeddable":true,"href":"https:\/\/lighthouselocarno.ch\/de\/wp-json\/wp\/v2\/product_cat?post=119847"},{"taxonomy":"product_tag","embeddable":true,"href":"https:\/\/lighthouselocarno.ch\/de\/wp-json\/wp\/v2\/product_tag?post=119847"}],"curies":[{"name":"wp","href":"https:\/\/api.w.org\/{rel}","templated":true}]}}