{"id":119860,"date":"2020-01-04T11:25:34","date_gmt":"2020-01-04T11:25:34","guid":{"rendered":"https:\/\/lighthouselocarno.ch\/prodotti\/guttuso-tisch\/"},"modified":"2024-12-16T09:47:23","modified_gmt":"2024-12-16T09:47:23","slug":"tisch-kunst-pur","status":"publish","type":"product","link":"https:\/\/lighthouselocarno.ch\/de\/produkt\/tisch-kunst-pur\/","title":{"rendered":"Guttuso Tisch"},"content":{"rendered":"<p>Handgefertigter Tisch aus der Kollektion Dress Your Space - Arte Pura. Zentraler Fu\u00df, klappbare Platte. Dieser Tisch ist ideal f\u00fcr die Verwendung allein oder in Kombination mit zwei St\u00fchlen. Vollst\u00e4ndig handgefertigt.<\/p>\n<p>Farbe: mattes Acryl, antikwei\u00df lackiert, Material: massives Pappelholz und Sperrholz, Ma\u00dfe: 70 x 70 x 72, Gewicht: 7 kg, Lieferung nur auf Bestellung, Wartezeit: ca. 3 Wochen.<\/p>\n","protected":false},"excerpt":{"rendered":"<p>Tisch mit verstellbarer Platte - Arte Pura. Die Platte ist klappbar. Handbemaltes, mattes antikwei\u00dfes Acryl.<\/p>\n","protected":false},"featured_media":99929,"template":"","meta":{"_seopress_robots_primary_cat":"none","_seopress_titles_title":"","_seopress_titles_desc":"","_seopress_robots_index":""},"product_brand":[],"product_cat":[4073,3748],"product_tag":[3807,3868,4512,4515,4489],"class_list":{"0":"post-119860","1":"product","2":"type-product","3":"status-publish","4":"has-post-thumbnail","6":"product_cat-mobel","7":"product_cat-wohnaccessoires","8":"product_tag-reine-kunst","9":"product_tag-schabig","10":"product_tag-tabelle","11":"product_tag-tabelle-de","12":"product_tag-weinlese","14":"first","15":"instock","16":"shipping-taxable","17":"purchasable","18":"product-type-variable"},"jetpack_sharing_enabled":true,"_links":{"self":[{"href":"https:\/\/lighthouselocarno.ch\/de\/wp-json\/wp\/v2\/product\/119860","targetHints":{"allow":["GET"]}}],"collection":[{"href":"https:\/\/lighthouselocarno.ch\/de\/wp-json\/wp\/v2\/product"}],"about":[{"href":"https:\/\/lighthouselocarno.ch\/de\/wp-json\/wp\/v2\/types\/product"}],"wp:featuredmedia":[{"embeddable":true,"href":"https:\/\/lighthouselocarno.ch\/de\/wp-json\/wp\/v2\/media\/99929"}],"wp:attachment":[{"href":"https:\/\/lighthouselocarno.ch\/de\/wp-json\/wp\/v2\/media?parent=119860"}],"wp:term":[{"taxonomy":"product_brand","embeddable":true,"href":"https:\/\/lighthouselocarno.ch\/de\/wp-json\/wp\/v2\/product_brand?post=119860"},{"taxonomy":"product_cat","embeddable":true,"href":"https:\/\/lighthouselocarno.ch\/de\/wp-json\/wp\/v2\/product_cat?post=119860"},{"taxonomy":"product_tag","embeddable":true,"href":"https:\/\/lighthouselocarno.ch\/de\/wp-json\/wp\/v2\/product_tag?post=119860"}],"curies":[{"name":"wp","href":"https:\/\/api.w.org\/{rel}","templated":true}]}}