{"id":119866,"date":"2020-06-02T10:10:27","date_gmt":"2020-06-02T10:10:27","guid":{"rendered":"https:\/\/lighthouselocarno.ch\/prodotti\/glitzernde-goldene-sandale\/"},"modified":"2023-08-24T10:11:08","modified_gmt":"2023-08-24T10:11:08","slug":"sandale-glitzernd-gold","status":"publish","type":"product","link":"https:\/\/lighthouselocarno.ch\/de\/produkt\/sandale-glitzernd-gold\/","title":{"rendered":"Glitzernde goldene Sandale"},"content":{"rendered":"<p>Die Sparkly Collection ist das Flaggschiff der Kollektion. Elegant, in drei modischen Farben erh\u00e4ltlich.<\/p>\n<p>Der Stil ist sehr feminin und erlaubt es Ihnen, die Sandalen mit Jeans, klassischen Hosen oder einem sch\u00f6nen kleinen schwarzen Kleid zu kombinieren. Helle Farben sind perfekt f\u00fcr Sommertage und Hochzeiten. Die dunklere Palette ist zweifellos f\u00fcr ein abendliches Outfit geeignet!<\/p>\n<p class=\"font_8\"><strong>3 Farben<\/strong>: Sparkly Nude - Sparkly Bronze - Sparkly Blue<\/p>\n<p class=\"font_8\">Die glitzernde Kollektion ist ein Verkaufsschlager, sie funkelt elegant und ist in sechs Farben erh\u00e4ltlich, die zu jedem Ensemble passen.<\/p>\n<p>Der Stil ist sehr feminin und erlaubt es Ihnen, die Sandalen mit Jeans, Hosen oder dem kleinen Schwarzen zu kombinieren. Die helleren Farben eignen sich perfekt f\u00fcr Sommertage oder sogar Hochzeiten, w\u00e4hrend die dunkleren Farben m\u00fchelos f\u00fcr ein schickes Abendoutfit sorgen.<\/p>\n<p class=\"font_8\"><strong>3Farben<\/strong>: Funkelnd Champagner - Funkelnd Bronze - Funkelnd Blau<\/p>\n<p><strong>DIE SANDALEN SIND KLEIN<\/strong>, z\u00f6gern Sie nicht, eine Nummer gr\u00f6\u00dfer zu kaufen!<\/p>\n<p class=\"font_8\"><strong>THE SANDS SIZE SEHR KLEIN<\/strong>, z\u00f6gern Sie nicht, eine zus\u00e4tzliche Nummer zu kaufen!<\/p>\n","protected":false},"excerpt":{"rendered":"<p>Bequeme und elegante Sandale.<br \/>\n100% echtes Leder und Strasssteine. Absatz 1 cm.<br \/>\nDIE SANDALEN SIND KLEIN, z\u00f6gern Sie nicht, eine Nummer gr\u00f6\u00dfer zu kaufen!<\/p>\n","protected":false},"featured_media":99899,"template":"","meta":{"_seopress_robots_primary_cat":"","_seopress_titles_title":"","_seopress_titles_desc":"","_seopress_robots_index":""},"product_brand":[],"product_cat":[3799,4345,3880,3891],"product_tag":[4518,4522,4348],"class_list":{"0":"post-119866","1":"product","2":"type-product","3":"status-publish","4":"has-post-thumbnail","6":"product_cat-damenmode","7":"product_cat-schuhe","8":"product_cat-schuhe-und-accessoires","9":"product_cat-vertrieb","10":"product_tag-elegante-sandalen","11":"product_tag-goldfarbene-strasssandalen","12":"product_tag-sandelholz","14":"first","15":"instock","16":"sale","17":"shipping-taxable","18":"purchasable","19":"product-type-variable","20":"has-default-attributes"},"jetpack_sharing_enabled":true,"_links":{"self":[{"href":"https:\/\/lighthouselocarno.ch\/de\/wp-json\/wp\/v2\/product\/119866","targetHints":{"allow":["GET"]}}],"collection":[{"href":"https:\/\/lighthouselocarno.ch\/de\/wp-json\/wp\/v2\/product"}],"about":[{"href":"https:\/\/lighthouselocarno.ch\/de\/wp-json\/wp\/v2\/types\/product"}],"wp:featuredmedia":[{"embeddable":true,"href":"https:\/\/lighthouselocarno.ch\/de\/wp-json\/wp\/v2\/media\/99899"}],"wp:attachment":[{"href":"https:\/\/lighthouselocarno.ch\/de\/wp-json\/wp\/v2\/media?parent=119866"}],"wp:term":[{"taxonomy":"product_brand","embeddable":true,"href":"https:\/\/lighthouselocarno.ch\/de\/wp-json\/wp\/v2\/product_brand?post=119866"},{"taxonomy":"product_cat","embeddable":true,"href":"https:\/\/lighthouselocarno.ch\/de\/wp-json\/wp\/v2\/product_cat?post=119866"},{"taxonomy":"product_tag","embeddable":true,"href":"https:\/\/lighthouselocarno.ch\/de\/wp-json\/wp\/v2\/product_tag?post=119866"}],"curies":[{"name":"wp","href":"https:\/\/api.w.org\/{rel}","templated":true}]}}