{"id":119867,"date":"2020-01-04T21:27:33","date_gmt":"2020-01-04T21:27:33","guid":{"rendered":"https:\/\/lighthouselocarno.ch\/prodotti\/secretaire-donatello-buchhandlung\/"},"modified":"2023-08-24T10:38:58","modified_gmt":"2023-08-24T10:38:58","slug":"buchhandlung-secretaire-donatello-arte-pura","status":"publish","type":"product","link":"https:\/\/lighthouselocarno.ch\/de\/produkt\/buchhandlung-secretaire-donatello-arte-pura\/","title":{"rendered":"Secr\u00e9taire Donatello Buchhandlung"},"content":{"rendered":"<p>B\u00fccherregal Secr\u00e9taire im Stil der Arte Povera.<br \/>\nAusgestattet mit 4 R\u00e4dern, 2 Regalen, Klapptisch und 2 Schubladen.<br \/>\nMa\u00dfe 88x46x190 cm.<br \/>\nGewicht 60 kg<br \/>\nMassivholz und Mehrschichtholz aus Fichte und Pappel.<br \/>\nFarbe matt antikwei\u00df, Acryl.<br \/>\nWird montiert geliefert.<br \/>\nLieferfrist: ca. 3 Wochen.<\/p>\n","protected":false},"excerpt":{"rendered":"<p>B\u00fccherregal Secr\u00e9taire, Kollektion Arte Pura.<br \/>\nAusgestattet mit 4 R\u00e4dern, 2 Regalen, Klapptisch und 2 Schubladen.<br \/>\nFarbe matt antikwei\u00df, Acryl.<\/p>\n","protected":false},"featured_media":99947,"template":"","meta":{"_seopress_robots_primary_cat":"none","_seopress_titles_title":"","_seopress_titles_desc":"","_seopress_robots_index":""},"product_brand":[],"product_cat":[4073,3748],"product_tag":[4521,3807,4528,4530,4525],"class_list":{"0":"post-119867","1":"product","2":"type-product","3":"status-publish","4":"has-post-thumbnail","6":"product_cat-mobel","7":"product_cat-wohnaccessoires","8":"product_tag-buchhandlung","9":"product_tag-reine-kunst","10":"product_tag-schreibtisch","11":"product_tag-secretaire-de","12":"product_tag-shabby-bucherregal","14":"first","15":"instock","16":"shipping-taxable","17":"purchasable","18":"product-type-variable"},"jetpack_sharing_enabled":true,"_links":{"self":[{"href":"https:\/\/lighthouselocarno.ch\/de\/wp-json\/wp\/v2\/product\/119867","targetHints":{"allow":["GET"]}}],"collection":[{"href":"https:\/\/lighthouselocarno.ch\/de\/wp-json\/wp\/v2\/product"}],"about":[{"href":"https:\/\/lighthouselocarno.ch\/de\/wp-json\/wp\/v2\/types\/product"}],"wp:featuredmedia":[{"embeddable":true,"href":"https:\/\/lighthouselocarno.ch\/de\/wp-json\/wp\/v2\/media\/99947"}],"wp:attachment":[{"href":"https:\/\/lighthouselocarno.ch\/de\/wp-json\/wp\/v2\/media?parent=119867"}],"wp:term":[{"taxonomy":"product_brand","embeddable":true,"href":"https:\/\/lighthouselocarno.ch\/de\/wp-json\/wp\/v2\/product_brand?post=119867"},{"taxonomy":"product_cat","embeddable":true,"href":"https:\/\/lighthouselocarno.ch\/de\/wp-json\/wp\/v2\/product_cat?post=119867"},{"taxonomy":"product_tag","embeddable":true,"href":"https:\/\/lighthouselocarno.ch\/de\/wp-json\/wp\/v2\/product_tag?post=119867"}],"curies":[{"name":"wp","href":"https:\/\/api.w.org\/{rel}","templated":true}]}}