{"id":119879,"date":"2022-02-13T16:00:38","date_gmt":"2022-02-13T16:00:38","guid":{"rendered":"https:\/\/lighthouselocarno.ch\/prodotti\/silberne-ballerinas\/"},"modified":"2023-08-24T13:14:34","modified_gmt":"2023-08-24T13:14:34","slug":"ballerinas-silbern","status":"publish","type":"product","link":"https:\/\/lighthouselocarno.ch\/de\/produkt\/ballerinas-silbern\/","title":{"rendered":"Silberne Ballerinas"},"content":{"rendered":"<p><b>Ballettschuhe aus 100% echtem Silberleder.<\/b><br \/>\n<b>Handgefertigt<\/b>. <b>Hergestellt in Frankreich.<\/b><br \/>\nFaltbare Sohle aus 100% Leder. 5 mm Absatzh\u00f6he. Die direkt in Paris zu bestellenden Nummern sind in 2 Wochen verf\u00fcgbar!<\/p>\n","protected":false},"excerpt":{"rendered":"<p><strong>Ballettschuhe aus echtem Lammfell<\/strong>. <strong>Handgefertigte<\/strong>, einzigartige und originelle <strong>Bagllerina Paris<\/strong> <strong>faltbare Ledersohle<\/strong>.<\/p>\n<p><b>Silberne Metallic-Farbe<\/b>. <b>Ideales Modell f\u00fcr Hochzeiten und elegante Zeremonien. <\/b>5 mm Absatzh\u00f6he.<\/p>\n<p>Durch Festziehen des Knotens an der Zehe k\u00f6nnen Sie Ihren Ballerina um eine halbe Gr\u00f6\u00dfe verkleinern. Ideal f\u00fcr alle, die Probleme mit halben Sachen haben! Zu Ihren Ballerinas finden Sie eine <strong>elegante Clutch<\/strong> aus demselben Leder, um sie in Ihrer Tasche zu verstauen.<\/p>\n","protected":false},"featured_media":99905,"template":"","meta":{"_seopress_robots_primary_cat":"","_seopress_titles_title":"","_seopress_titles_desc":"","_seopress_robots_index":""},"product_brand":[],"product_cat":[3799,4345,3880],"product_tag":[4532,4534,4411],"class_list":{"0":"post-119879","1":"product","2":"type-product","3":"status-publish","4":"has-post-thumbnail","6":"product_cat-damenmode","7":"product_cat-schuhe","8":"product_cat-schuhe-und-accessoires","9":"product_tag-bagllerina-de","10":"product_tag-tanzerin","11":"product_tag-tanzerinnen-und-tanzer","13":"first","14":"instock","15":"shipping-taxable","16":"purchasable","17":"product-type-variable"},"jetpack_sharing_enabled":true,"_links":{"self":[{"href":"https:\/\/lighthouselocarno.ch\/de\/wp-json\/wp\/v2\/product\/119879","targetHints":{"allow":["GET"]}}],"collection":[{"href":"https:\/\/lighthouselocarno.ch\/de\/wp-json\/wp\/v2\/product"}],"about":[{"href":"https:\/\/lighthouselocarno.ch\/de\/wp-json\/wp\/v2\/types\/product"}],"wp:featuredmedia":[{"embeddable":true,"href":"https:\/\/lighthouselocarno.ch\/de\/wp-json\/wp\/v2\/media\/99905"}],"wp:attachment":[{"href":"https:\/\/lighthouselocarno.ch\/de\/wp-json\/wp\/v2\/media?parent=119879"}],"wp:term":[{"taxonomy":"product_brand","embeddable":true,"href":"https:\/\/lighthouselocarno.ch\/de\/wp-json\/wp\/v2\/product_brand?post=119879"},{"taxonomy":"product_cat","embeddable":true,"href":"https:\/\/lighthouselocarno.ch\/de\/wp-json\/wp\/v2\/product_cat?post=119879"},{"taxonomy":"product_tag","embeddable":true,"href":"https:\/\/lighthouselocarno.ch\/de\/wp-json\/wp\/v2\/product_tag?post=119879"}],"curies":[{"name":"wp","href":"https:\/\/api.w.org\/{rel}","templated":true}]}}