{"id":119883,"date":"2020-01-05T12:17:24","date_gmt":"2020-01-05T12:17:24","guid":{"rendered":"https:\/\/lighthouselocarno.ch\/prodotti\/michelangelo-150-kleiderschrank\/"},"modified":"2023-08-24T10:50:26","modified_gmt":"2023-08-24T10:50:26","slug":"kabinett-michelangelo-150-pur-art","status":"publish","type":"product","link":"https:\/\/lighthouselocarno.ch\/de\/produkt\/kabinett-michelangelo-150-pur-art\/","title":{"rendered":"Michelangelo 150 Kleiderschrank"},"content":{"rendered":"<p>Pure Art Shabby-Stil Kleiderschrank.<br \/>\nFarbe antikwei\u00df, Acryl.<br \/>\nWird bereits montiert geliefert.<br \/>\nAusgestattet mit 4 R\u00e4dern, 4 handgefertigten Einlegeb\u00f6den und 2 Kleiderstangen.<br \/>\nRahmen aus Nussbaum Tanganjika, teils massiv, teils furniert.<br \/>\nAbmessungen 145x40x185 cm<br \/>\nGewicht 60kg<br \/>\nLieferfrist: ca. 3 Wochen.<\/p>\n","protected":false},"excerpt":{"rendered":"<p>Der Stil der Garderobe aus der Kollektion Dress our Spade von Arte Pura ist sch\u00f6n und unverwechselbar.<br \/>\nV\u00f6llig offen, auf R\u00e4dern montiert, die es Ihnen erm\u00f6glichen, ihn zu bewegen, wohin Sie wollen, auch wenn er voll ist!<br \/>\nDer Kleiderschrank besteht aus zwei separaten F\u00e4chern, vier Einlegeb\u00f6den, die nach Belieben verschoben werden k\u00f6nnen, und einer Kleiderstange.<br \/>\nFarbe antikwei\u00df, Acryl.<br \/>\nDer Schrank wird fertig montiert geliefert!<\/p>\n","protected":false},"featured_media":99968,"template":"","meta":{"_seopress_robots_primary_cat":"","_seopress_titles_title":"","_seopress_titles_desc":"","_seopress_robots_index":""},"product_brand":[],"product_cat":[4073,3748],"product_tag":[4495,4537,4474,4540,4489],"class_list":{"0":"post-119883","1":"product","2":"type-product","3":"status-publish","4":"has-post-thumbnail","6":"product_cat-mobel","7":"product_cat-wohnaccessoires","8":"product_tag-schlechte-kunst","9":"product_tag-schrank","10":"product_tag-shabbychic-de","11":"product_tag-sind-rein","12":"product_tag-weinlese","14":"first","15":"instock","16":"shipping-taxable","17":"purchasable","18":"product-type-simple"},"jetpack_sharing_enabled":true,"_links":{"self":[{"href":"https:\/\/lighthouselocarno.ch\/de\/wp-json\/wp\/v2\/product\/119883","targetHints":{"allow":["GET"]}}],"collection":[{"href":"https:\/\/lighthouselocarno.ch\/de\/wp-json\/wp\/v2\/product"}],"about":[{"href":"https:\/\/lighthouselocarno.ch\/de\/wp-json\/wp\/v2\/types\/product"}],"wp:featuredmedia":[{"embeddable":true,"href":"https:\/\/lighthouselocarno.ch\/de\/wp-json\/wp\/v2\/media\/99968"}],"wp:attachment":[{"href":"https:\/\/lighthouselocarno.ch\/de\/wp-json\/wp\/v2\/media?parent=119883"}],"wp:term":[{"taxonomy":"product_brand","embeddable":true,"href":"https:\/\/lighthouselocarno.ch\/de\/wp-json\/wp\/v2\/product_brand?post=119883"},{"taxonomy":"product_cat","embeddable":true,"href":"https:\/\/lighthouselocarno.ch\/de\/wp-json\/wp\/v2\/product_cat?post=119883"},{"taxonomy":"product_tag","embeddable":true,"href":"https:\/\/lighthouselocarno.ch\/de\/wp-json\/wp\/v2\/product_tag?post=119883"}],"curies":[{"name":"wp","href":"https:\/\/api.w.org\/{rel}","templated":true}]}}