{"id":119891,"date":"2020-01-04T11:31:41","date_gmt":"2020-01-04T11:31:41","guid":{"rendered":"https:\/\/lighthouselocarno.ch\/prodotti\/canova-barschrank\/"},"modified":"2023-08-18T07:56:29","modified_gmt":"2023-08-18T07:56:29","slug":"mobile-bar-canova-arte-pura","status":"publish","type":"product","link":"https:\/\/lighthouselocarno.ch\/de\/produkt\/mobile-bar-canova-arte-pura\/","title":{"rendered":"Canova Barschrank"},"content":{"rendered":"<p>Rahmen aus Nussbaumholz.<br \/>\nAusgestattet mit 4 Rollen, zwei T\u00fcren, Einlegeb\u00f6den und praktischen Schubladen mit dekorativen Arte Pura Metallkn\u00f6pfen.<br \/>\nHandbemalt, antikwei\u00df, Acryl.<br \/>\nWird montiert geliefert.<br \/>\nLieferfrist: ca. 3 Wochen.<\/p>\n","protected":false},"excerpt":{"rendered":"<p>Spektakul\u00e4re handgefertigte M\u00f6bel Bar.<br \/>\nAuch als K\u00fcchen- oder Badezimmerkonsole geeignet.<br \/>\nRahmen aus Tanganjika-Nussbaum, teils massiv, teils furniert.<br \/>\nAusgestattet mit 4 R\u00e4dern.<br \/>\n5 Schubladen mit Metallknauf.<br \/>\n2 Fl\u00fcgelt\u00fcren.<br \/>\nHandbemalt, antikwei\u00df, Acryl.<\/p>\n","protected":false},"featured_media":99938,"template":"","meta":{"_seopress_robots_primary_cat":"2553","_seopress_titles_title":"","_seopress_titles_desc":"","_seopress_robots_index":""},"product_brand":[],"product_cat":[4073,3748],"product_tag":[4544,4546,3807,3868,4537,4474],"class_list":{"0":"post-119891","1":"product","2":"type-product","3":"status-publish","4":"has-post-thumbnail","6":"product_cat-mobel","7":"product_cat-wohnaccessoires","8":"product_tag-kleiderschrank","9":"product_tag-mobile-bar-de","10":"product_tag-reine-kunst","11":"product_tag-schabig","12":"product_tag-schrank","13":"product_tag-shabbychic-de","15":"first","16":"instock","17":"shipping-taxable","18":"purchasable","19":"product-type-simple"},"jetpack_sharing_enabled":true,"_links":{"self":[{"href":"https:\/\/lighthouselocarno.ch\/de\/wp-json\/wp\/v2\/product\/119891","targetHints":{"allow":["GET"]}}],"collection":[{"href":"https:\/\/lighthouselocarno.ch\/de\/wp-json\/wp\/v2\/product"}],"about":[{"href":"https:\/\/lighthouselocarno.ch\/de\/wp-json\/wp\/v2\/types\/product"}],"wp:featuredmedia":[{"embeddable":true,"href":"https:\/\/lighthouselocarno.ch\/de\/wp-json\/wp\/v2\/media\/99938"}],"wp:attachment":[{"href":"https:\/\/lighthouselocarno.ch\/de\/wp-json\/wp\/v2\/media?parent=119891"}],"wp:term":[{"taxonomy":"product_brand","embeddable":true,"href":"https:\/\/lighthouselocarno.ch\/de\/wp-json\/wp\/v2\/product_brand?post=119891"},{"taxonomy":"product_cat","embeddable":true,"href":"https:\/\/lighthouselocarno.ch\/de\/wp-json\/wp\/v2\/product_cat?post=119891"},{"taxonomy":"product_tag","embeddable":true,"href":"https:\/\/lighthouselocarno.ch\/de\/wp-json\/wp\/v2\/product_tag?post=119891"}],"curies":[{"name":"wp","href":"https:\/\/api.w.org\/{rel}","templated":true}]}}