{"id":119909,"date":"2020-01-05T14:12:24","date_gmt":"2020-01-05T14:12:24","guid":{"rendered":"https:\/\/lighthouselocarno.ch\/prodotti\/carducci-nachttisch\/"},"modified":"2023-08-24T10:34:01","modified_gmt":"2023-08-24T10:34:01","slug":"nachttisch-carducci-arte-pura","status":"publish","type":"product","link":"https:\/\/lighthouselocarno.ch\/de\/produkt\/nachttisch-carducci-arte-pura\/","title":{"rendered":"Carducci Nachttisch"},"content":{"rendered":"<p>Nachttisch Arte Pura im Shabbychic-Stil.<br \/>\nHandgefertigt, wird montiert geliefert.<br \/>\nHolz: Pappel- und Fichtensperrholz.<br \/>\nFarbe antikwei\u00df, Acryl.<br \/>\nAusgestattet mit 4 R\u00e4dern, 4 Schubladen mit Zierkn\u00f6pfen, 1 Fach mit R\u00fcckwandklappe.<br \/>\nAbmessungen: 25,5&#215;54,5&#215;68,5 CM<br \/>\nGewicht: 15 kg<br \/>\nLieferfrist: ca. 3 Wochen.<\/p>\n","protected":false},"excerpt":{"rendered":"<p>Wundersch\u00f6ner Nachttisch im Shabbychic-Stil aus der Kollektion Dress our Space von Arte Pura.<br \/>\nVollst\u00e4ndig handgefertigt in Italien, hat es 4 R\u00e4der, die es Ihnen erm\u00f6glichen, es leicht zu bewegen, wo immer Sie wollen, um dieses vielseitige M\u00f6belst\u00fcck zu haben.<br \/>\nNeben der Vielseitigkeit an der Vorderseite verf\u00fcgt es \u00fcber vier praktische Schubladen, die mit unterschiedlichen Metallkn\u00f6pfen verziert sind.<br \/>\nAuf der R\u00fcckseite vervollst\u00e4ndigt ein mit einer kleinen Klappe verschlossenes Zubeh\u00f6rfach dieses kleine Kunstwerk italienischer Handwerkskunst.<br \/>\nDer Nachttisch wird montiert geliefert und ist sofort einsatzbereit.<\/p>\n<p>Holz: mehrschichtige Pappel.<br \/>\nFarbe antikwei\u00df, Acryl.<\/p>\n","protected":false},"featured_media":99980,"template":"","meta":{"_seopress_robots_primary_cat":"none","_seopress_titles_title":"","_seopress_titles_desc":"","_seopress_robots_index":""},"product_brand":[],"product_cat":[4073,3748],"product_tag":[4556,3807,4474,4489],"class_list":{"0":"post-119909","1":"product","2":"type-product","3":"status-publish","4":"has-post-thumbnail","6":"product_cat-mobel","7":"product_cat-wohnaccessoires","8":"product_tag-nachttisch","9":"product_tag-reine-kunst","10":"product_tag-shabbychic-de","11":"product_tag-weinlese","13":"first","14":"instock","15":"shipping-taxable","16":"purchasable","17":"product-type-simple"},"jetpack_sharing_enabled":true,"_links":{"self":[{"href":"https:\/\/lighthouselocarno.ch\/de\/wp-json\/wp\/v2\/product\/119909","targetHints":{"allow":["GET"]}}],"collection":[{"href":"https:\/\/lighthouselocarno.ch\/de\/wp-json\/wp\/v2\/product"}],"about":[{"href":"https:\/\/lighthouselocarno.ch\/de\/wp-json\/wp\/v2\/types\/product"}],"wp:featuredmedia":[{"embeddable":true,"href":"https:\/\/lighthouselocarno.ch\/de\/wp-json\/wp\/v2\/media\/99980"}],"wp:attachment":[{"href":"https:\/\/lighthouselocarno.ch\/de\/wp-json\/wp\/v2\/media?parent=119909"}],"wp:term":[{"taxonomy":"product_brand","embeddable":true,"href":"https:\/\/lighthouselocarno.ch\/de\/wp-json\/wp\/v2\/product_brand?post=119909"},{"taxonomy":"product_cat","embeddable":true,"href":"https:\/\/lighthouselocarno.ch\/de\/wp-json\/wp\/v2\/product_cat?post=119909"},{"taxonomy":"product_tag","embeddable":true,"href":"https:\/\/lighthouselocarno.ch\/de\/wp-json\/wp\/v2\/product_tag?post=119909"}],"curies":[{"name":"wp","href":"https:\/\/api.w.org\/{rel}","templated":true}]}}