{"id":119916,"date":"2022-02-13T11:25:55","date_gmt":"2022-02-13T11:25:55","guid":{"rendered":"https:\/\/lighthouselocarno.ch\/prodotti\/rote-lackleder-ballettschuhe-mit-fell\/"},"modified":"2022-02-13T11:25:55","modified_gmt":"2022-02-13T11:25:55","slug":"tanzer-grun-rot-2","status":"publish","type":"product","link":"https:\/\/lighthouselocarno.ch\/de\/produkt\/tanzer-grun-rot-2\/","title":{"rendered":"Rote Lackleder-Ballettschuhe mit Fell"},"content":{"rendered":"<p>Ballettschuhe aus rotem Lackleder, Innenseite aus echtem Lammfell, 1 cm Absatz.<br \/>\nT\u00e4gliches Modell, das die Zehen bedeckt.<br \/>\n100% echtes Leder.<\/p>\n","protected":false},"excerpt":{"rendered":"<p><b>Ballettschuhe aus echtem rotem Lackleder<\/b>, sehr warm, da die<b>Innenseite mit echtem Lammfell gef\u00fcttert ist<\/b>.<br \/>\nT\u00e4gliches Modell.<\/p>\n<p><strong>Handgefertigte<\/strong>, einzigartige und originelle <strong>faltbare Ledersohle<\/strong>, 1 cm hoher, tropfenf\u00f6rmiger Absatz. <strong>Bagllerina Paris<\/strong>.<\/p>\n<p>Farbe <b>Rot<\/b>. <b>Vielseitiges Modell, ideal mit einem sportlich-schicken Outfit f\u00fcr den Gang ins B\u00fcro oder unter einem schwarzen Abendkleid f\u00fcr den Theaterbesuch an kalten Winterabenden. <\/b> <\/p>\n<p>Durch Festziehen des Knotens an der Zehe k\u00f6nnen Sie Ihren Ballerina um eine halbe Gr\u00f6\u00dfe verkleinern. Ideal f\u00fcr alle, die Probleme mit halben Sachen haben! Zu Ihren Ballerinas finden Sie eine <strong>elegante Clutch<\/strong> aus demselben Leder, um sie in Ihrer Tasche zu verstauen.<\/p>\n","protected":false},"featured_media":99902,"template":"","meta":{"_seopress_robots_primary_cat":"61","_seopress_titles_title":"","_seopress_titles_desc":"","_seopress_robots_index":""},"product_brand":[],"product_cat":[3799,4345,3880,3891],"product_tag":[4532,4557,4560,4411,4559],"class_list":{"0":"post-119916","1":"product","2":"type-product","3":"status-publish","4":"has-post-thumbnail","6":"product_cat-damenmode","7":"product_cat-schuhe","8":"product_cat-schuhe-und-accessoires","9":"product_cat-vertrieb","10":"product_tag-bagllerina-de","11":"product_tag-ballerina-aus-rotem-lackleder","12":"product_tag-rote-tanzerinnen","13":"product_tag-tanzerinnen-und-tanzer","14":"product_tag-winterballerinas","16":"first","17":"instock","18":"sale","19":"shipping-taxable","20":"purchasable","21":"product-type-variable","22":"has-default-attributes"},"jetpack_sharing_enabled":true,"_links":{"self":[{"href":"https:\/\/lighthouselocarno.ch\/de\/wp-json\/wp\/v2\/product\/119916","targetHints":{"allow":["GET"]}}],"collection":[{"href":"https:\/\/lighthouselocarno.ch\/de\/wp-json\/wp\/v2\/product"}],"about":[{"href":"https:\/\/lighthouselocarno.ch\/de\/wp-json\/wp\/v2\/types\/product"}],"wp:featuredmedia":[{"embeddable":true,"href":"https:\/\/lighthouselocarno.ch\/de\/wp-json\/wp\/v2\/media\/99902"}],"wp:attachment":[{"href":"https:\/\/lighthouselocarno.ch\/de\/wp-json\/wp\/v2\/media?parent=119916"}],"wp:term":[{"taxonomy":"product_brand","embeddable":true,"href":"https:\/\/lighthouselocarno.ch\/de\/wp-json\/wp\/v2\/product_brand?post=119916"},{"taxonomy":"product_cat","embeddable":true,"href":"https:\/\/lighthouselocarno.ch\/de\/wp-json\/wp\/v2\/product_cat?post=119916"},{"taxonomy":"product_tag","embeddable":true,"href":"https:\/\/lighthouselocarno.ch\/de\/wp-json\/wp\/v2\/product_tag?post=119916"}],"curies":[{"name":"wp","href":"https:\/\/api.w.org\/{rel}","templated":true}]}}