{"id":119927,"date":"2020-01-05T14:33:02","date_gmt":"2020-01-05T14:33:02","guid":{"rendered":"https:\/\/lighthouselocarno.ch\/prodotti\/alfieri-nachttisch\/"},"modified":"2023-07-05T14:59:26","modified_gmt":"2023-07-05T14:59:26","slug":"nachttisch-alphers-art-pure","status":"publish","type":"product","link":"https:\/\/lighthouselocarno.ch\/de\/produkt\/nachttisch-alphers-art-pure\/","title":{"rendered":"Alfieri Nachttisch"},"content":{"rendered":"<p>Nachttisch Arte Pura im Shabbychic-Stil.<br \/>\nHandgefertigt, wird montiert geliefert.<br \/>\nHolz: mehrschichtige Pappel.<br \/>\nFarbe antikwei\u00df, Acryl.<br \/>\nAusgestattet mit 4 R\u00e4dern, 2 Fachb\u00f6den, 1 ausziehbarem Tablett, 1 Schublade.<br \/>\nAbmessungen: 54,5x 25&#215;62 CM<br \/>\nGewicht: 9kg<br \/>\nLieferfrist: ca. 3 Wochen.<\/p>\n","protected":false},"excerpt":{"rendered":"<p>Wundersch\u00f6ner Nachttisch im Shabbychic-Stil aus der Kollektion Dress our Space von Arte Pura.<br \/>\nVollst\u00e4ndig handgefertigt in Italien, hat es 4 R\u00e4der, die es Ihnen erm\u00f6glichen, es leicht zu bewegen, wo immer Sie wollen, um dieses vielseitige M\u00f6belst\u00fcck zu haben.<br \/>\nZus\u00e4tzlich zu seiner Vielseitigkeit verf\u00fcgt er \u00fcber ein rechteckiges Tablett mit hohem Rand, mit dem Sie das Fr\u00fchst\u00fcck sicher im Bett servieren k\u00f6nnen.<br \/>\nEine Schmuckschublade vervollst\u00e4ndigt dieses kleine Kunstwerk italienischer Handwerkskunst.<br \/>\nDer Nachttisch wird montiert geliefert und ist sofort einsatzbereit.<\/p>\n<p>Holz: mehrschichtige Pappel.<br \/>\nFarbe antikwei\u00df, Acryl.<\/p>\n","protected":false},"featured_media":99986,"template":"","meta":{"_seopress_robots_primary_cat":"","_seopress_titles_title":"","_seopress_titles_desc":"","_seopress_robots_index":""},"product_brand":[],"product_cat":[4073,3748],"product_tag":[4565,4566,4563],"class_list":{"0":"post-119927","1":"product","2":"type-product","3":"status-publish","4":"has-post-thumbnail","6":"product_cat-mobel","7":"product_cat-wohnaccessoires","8":"product_tag-handgefertigter-nachttisch-aus-holz","9":"product_tag-shabby-nachttisch","10":"product_tag-weiser-nachttisch","12":"first","13":"instock","14":"shipping-taxable","15":"purchasable","16":"product-type-simple"},"jetpack_sharing_enabled":true,"_links":{"self":[{"href":"https:\/\/lighthouselocarno.ch\/de\/wp-json\/wp\/v2\/product\/119927","targetHints":{"allow":["GET"]}}],"collection":[{"href":"https:\/\/lighthouselocarno.ch\/de\/wp-json\/wp\/v2\/product"}],"about":[{"href":"https:\/\/lighthouselocarno.ch\/de\/wp-json\/wp\/v2\/types\/product"}],"wp:featuredmedia":[{"embeddable":true,"href":"https:\/\/lighthouselocarno.ch\/de\/wp-json\/wp\/v2\/media\/99986"}],"wp:attachment":[{"href":"https:\/\/lighthouselocarno.ch\/de\/wp-json\/wp\/v2\/media?parent=119927"}],"wp:term":[{"taxonomy":"product_brand","embeddable":true,"href":"https:\/\/lighthouselocarno.ch\/de\/wp-json\/wp\/v2\/product_brand?post=119927"},{"taxonomy":"product_cat","embeddable":true,"href":"https:\/\/lighthouselocarno.ch\/de\/wp-json\/wp\/v2\/product_cat?post=119927"},{"taxonomy":"product_tag","embeddable":true,"href":"https:\/\/lighthouselocarno.ch\/de\/wp-json\/wp\/v2\/product_tag?post=119927"}],"curies":[{"name":"wp","href":"https:\/\/api.w.org\/{rel}","templated":true}]}}