{"id":119942,"date":"2020-02-12T22:04:01","date_gmt":"2020-02-12T22:04:01","guid":{"rendered":"https:\/\/lighthouselocarno.ch\/prodotti\/bellini-kassette\/"},"modified":"2023-08-18T07:56:03","modified_gmt":"2023-08-18T07:56:03","slug":"box-beauty-art-pure","status":"publish","type":"product","link":"https:\/\/lighthouselocarno.ch\/de\/produkt\/box-beauty-art-pure\/","title":{"rendered":"Bellini-Kassette"},"content":{"rendered":"<p>Paar Container-Schubladen mit Deckel und Metallverschluss auf der Vorderseite.<br \/>\nDas Modell Bellini aus der Kollektion Dress Your Space - Arte Pura ist ein echtes Sch\u00e4tzchen.<br \/>\nDiese besonderen Elemente eignen sich gut f\u00fcr die Eind\u00e4mmung, sie k\u00f6nnen allein oder paarweise verwendet werden. Sie helfen Ihnen, unendlich viele Einrichtungsl\u00f6sungen f\u00fcr jede Umgebung zu schaffen.<br \/>\nVollst\u00e4ndig von Hand ausgef\u00fchrt und bemalt.<br \/>\nFarbe: wei\u00dfer antiker Acryl-Mattlack.<br \/>\nMaterial: massives Pappelholz.<br \/>\nAbmessungen: 40 x 29 x 20<br \/>\nGewicht: 3 kg pro St\u00fcck.<br \/>\nWird montiert geliefert. 2 St\u00fcck.<br \/>\nDieses Produkt kann nur auf Bestellung geliefert werden.<br \/>\nWartezeit: etwa 3 Wochen.<\/p>\n","protected":false},"excerpt":{"rendered":"<p>Ein Paar Schubladen aus massivem Pappelholz mit Frontverschluss.<br \/>\nReine Kunst  <\/p>\n","protected":false},"featured_media":100073,"template":"","meta":{"_seopress_robots_primary_cat":"","_seopress_titles_title":"","_seopress_titles_desc":"","_seopress_robots_index":""},"product_brand":[],"product_cat":[6035,7196,3865,4073,3748],"product_tag":[4572,4574,3807,3868],"class_list":{"0":"post-119942","1":"product","2":"type-product","3":"status-publish","4":"has-post-thumbnail","6":"product_cat-accessoires-de","7":"product_cat-deko-de","8":"product_cat-kuche","9":"product_cat-mobel","10":"product_cat-wohnaccessoires","11":"product_tag-baule-de","12":"product_tag-kassette","13":"product_tag-reine-kunst","14":"product_tag-schabig","16":"first","17":"instock","18":"shipping-taxable","19":"purchasable","20":"product-type-simple"},"jetpack_sharing_enabled":true,"_links":{"self":[{"href":"https:\/\/lighthouselocarno.ch\/de\/wp-json\/wp\/v2\/product\/119942","targetHints":{"allow":["GET"]}}],"collection":[{"href":"https:\/\/lighthouselocarno.ch\/de\/wp-json\/wp\/v2\/product"}],"about":[{"href":"https:\/\/lighthouselocarno.ch\/de\/wp-json\/wp\/v2\/types\/product"}],"wp:featuredmedia":[{"embeddable":true,"href":"https:\/\/lighthouselocarno.ch\/de\/wp-json\/wp\/v2\/media\/100073"}],"wp:attachment":[{"href":"https:\/\/lighthouselocarno.ch\/de\/wp-json\/wp\/v2\/media?parent=119942"}],"wp:term":[{"taxonomy":"product_brand","embeddable":true,"href":"https:\/\/lighthouselocarno.ch\/de\/wp-json\/wp\/v2\/product_brand?post=119942"},{"taxonomy":"product_cat","embeddable":true,"href":"https:\/\/lighthouselocarno.ch\/de\/wp-json\/wp\/v2\/product_cat?post=119942"},{"taxonomy":"product_tag","embeddable":true,"href":"https:\/\/lighthouselocarno.ch\/de\/wp-json\/wp\/v2\/product_tag?post=119942"}],"curies":[{"name":"wp","href":"https:\/\/api.w.org\/{rel}","templated":true}]}}