{"id":119954,"date":"2022-05-02T11:30:14","date_gmt":"2022-05-02T11:30:14","guid":{"rendered":"https:\/\/lighthouselocarno.ch\/prodotti\/einteiliger-badeanzug-mit-gold-weisser-spitze\/"},"modified":"2022-05-02T11:30:14","modified_gmt":"2022-05-02T11:30:14","slug":"spitzenanzug-weis-gold","status":"publish","type":"product","link":"https:\/\/lighthouselocarno.ch\/de\/produkt\/spitzenanzug-weis-gold\/","title":{"rendered":"Einteiliger Badeanzug mit gold-wei\u00dfer Spitze"},"content":{"rendered":"<p><strong><em>Wie w\u00e4hlt man einen Badeanzug, um sich sch\u00f6n zu f\u00fchlen?<\/em><\/strong><\/p>\n<p>Die Wahl des <strong>perfekten Badeanzugs<\/strong> ist nicht nur eine Frage des Geschmacks. Schnitte, Farben, Muster, Tr\u00e4ger, Ausschnitte&#8230; all das sind Elemente, auf die man beim Kauf von <strong>Strandmode<\/strong> achten sollte und die zu wahren Verb\u00fcndeten werden k\u00f6nnen, wenn es darum geht, die eigene <strong>Silhouette<\/strong> zu verbessern. Denken Sie daran, dass bestimmte Arten von <strong>Bademode<\/strong> Ihnen helfen k\u00f6nnen, Ihre <strong>Figur in Einklang <\/strong>zu bringen. Der weibliche K\u00f6rper l\u00e4sst sich in vier verschiedene Figurtypen einteilen: Apfel, Birne, Rechteck und Sanduhr. Dies sind die Standardrichtlinien, die Ihnen helfen werden, den <strong>richtigen Badeanzug f\u00fcr Sie<\/strong> zu w\u00e4hlen, der die besten Teile Ihres K\u00f6rpers zur Geltung bringt. Vergessen Sie nicht, dass der richtige Badeanzug auch derjenige ist, der eventuelle Schw\u00e4chen kaschiert und Ihre St\u00e4rken zur Geltung bringt.<\/p>\n","protected":false},"excerpt":{"rendered":"<p><b>Einteiliger Badeanzug f\u00fcr Frauen <\/b>, Modell Kuba.<br \/>\nDreieckiges Oberteil, verziert mit Spitzenblumen.<br \/>\nSchn\u00fcrung im Nacken und am R\u00fccken.<br \/>\nVorne am Oberteil befestigter Mini-Slip.<br \/>\nStoff: 80% Polyamid 20% Elastan Spitze.<br \/>\nFarbe: Creme - Gold.<br \/>\nHandw\u00e4sche.<\/p>\n","protected":false},"featured_media":100145,"template":"","meta":{"_seopress_robots_primary_cat":"2544","_seopress_titles_title":"","_seopress_titles_desc":"","_seopress_robots_index":""},"product_brand":[],"product_cat":[3902,3799,3891],"product_tag":[4263,4589,4586],"class_list":{"0":"post-119954","1":"product","2":"type-product","3":"status-publish","4":"has-post-thumbnail","6":"product_cat-badeamzuege","7":"product_cat-damenmode","8":"product_cat-vertrieb","9":"product_tag-einteiliger-badeanzug-de","10":"product_tag-gold-und-spitze-kostum","11":"product_tag-liebe-und-ungerechtigkeit","13":"first","14":"instock","15":"sale","16":"shipping-taxable","17":"purchasable","18":"product-type-variable"},"jetpack_sharing_enabled":true,"_links":{"self":[{"href":"https:\/\/lighthouselocarno.ch\/de\/wp-json\/wp\/v2\/product\/119954","targetHints":{"allow":["GET"]}}],"collection":[{"href":"https:\/\/lighthouselocarno.ch\/de\/wp-json\/wp\/v2\/product"}],"about":[{"href":"https:\/\/lighthouselocarno.ch\/de\/wp-json\/wp\/v2\/types\/product"}],"wp:featuredmedia":[{"embeddable":true,"href":"https:\/\/lighthouselocarno.ch\/de\/wp-json\/wp\/v2\/media\/100145"}],"wp:attachment":[{"href":"https:\/\/lighthouselocarno.ch\/de\/wp-json\/wp\/v2\/media?parent=119954"}],"wp:term":[{"taxonomy":"product_brand","embeddable":true,"href":"https:\/\/lighthouselocarno.ch\/de\/wp-json\/wp\/v2\/product_brand?post=119954"},{"taxonomy":"product_cat","embeddable":true,"href":"https:\/\/lighthouselocarno.ch\/de\/wp-json\/wp\/v2\/product_cat?post=119954"},{"taxonomy":"product_tag","embeddable":true,"href":"https:\/\/lighthouselocarno.ch\/de\/wp-json\/wp\/v2\/product_tag?post=119954"}],"curies":[{"name":"wp","href":"https:\/\/api.w.org\/{rel}","templated":true}]}}