{"id":119961,"date":"2020-02-11T12:27:47","date_gmt":"2020-02-11T12:27:47","guid":{"rendered":"https:\/\/lighthouselocarno.ch\/prodotti\/keramik-laterne-mit-herzen\/"},"modified":"2024-06-10T15:25:22","modified_gmt":"2024-06-10T15:25:22","slug":"laterne-in-keramik-herz","status":"publish","type":"product","link":"https:\/\/lighthouselocarno.ch\/de\/produkt\/laterne-in-keramik-herz\/","title":{"rendered":"Keramik-Laterne mit Herzen"},"content":{"rendered":"<p><b>Hergestellt in Italien.<\/b><\/p>\n<p>Zwei Gr\u00f6\u00dfen: gro\u00df d50 cm, klein d30 cm.<br \/>\nFarbe wei\u00df, taupe, Seilgriff.<br \/>\nF\u00fcr den Au\u00dfen- und Innenbereich geeignet.<\/p>\n<p>Widerstandsf\u00e4hig gegen Witterungseinfl\u00fcsse und Sonnenlicht.<br \/>\nHerkunft: Toskana . Hergestellt in Italien<\/p>\n","protected":false},"excerpt":{"rendered":"<p>Romantische <b>handgefertigte Keramiklaterne mit geschnitzten Herzen<\/b>.<br \/>\nSie ist so sch\u00f6n, dass sie kaum einer Einf\u00fchrung bedarf.<br \/>\nDie Herzlaterne ist in drei Gr\u00f6\u00dfen erh\u00e4ltlich.<br \/>\nDer gro\u00dfe mit einem Durchmesser von d50 cm, der kleine mit einem Durchmesser von d30 cm.<br \/>\nWei\u00df oder lehmfarben. Der Griff ist aus Seil gefertigt.<br \/>\nIdeal f\u00fcr den Innenbereich, aber auch f\u00fcr den Au\u00dfenbereich.<br \/>\nHerkunft: Toskana. Hergestellt in Italien<\/p>\n","protected":false},"featured_media":100061,"template":"","meta":{"_seopress_robots_primary_cat":"none","_seopress_titles_title":"","_seopress_titles_desc":"","_seopress_robots_index":""},"product_brand":[],"product_cat":[4244,4594,3748],"product_tag":[4600,4607,4595,4598,4606,3868,4603],"class_list":{"0":"post-119961","1":"product","2":"type-product","3":"status-publish","4":"has-post-thumbnail","6":"product_cat-kerzen","7":"product_cat-laternen","8":"product_cat-wohnaccessoires","9":"product_tag-gartendekor","10":"product_tag-hochzeit","11":"product_tag-laterne-de","12":"product_tag-laterne-de-2","13":"product_tag-laterne-herzen","14":"product_tag-schabig","15":"product_tag-wohnkultur","17":"first","18":"instock","19":"shipping-taxable","20":"purchasable","21":"product-type-variable","22":"has-default-attributes"},"jetpack_sharing_enabled":true,"_links":{"self":[{"href":"https:\/\/lighthouselocarno.ch\/de\/wp-json\/wp\/v2\/product\/119961","targetHints":{"allow":["GET"]}}],"collection":[{"href":"https:\/\/lighthouselocarno.ch\/de\/wp-json\/wp\/v2\/product"}],"about":[{"href":"https:\/\/lighthouselocarno.ch\/de\/wp-json\/wp\/v2\/types\/product"}],"wp:featuredmedia":[{"embeddable":true,"href":"https:\/\/lighthouselocarno.ch\/de\/wp-json\/wp\/v2\/media\/100061"}],"wp:attachment":[{"href":"https:\/\/lighthouselocarno.ch\/de\/wp-json\/wp\/v2\/media?parent=119961"}],"wp:term":[{"taxonomy":"product_brand","embeddable":true,"href":"https:\/\/lighthouselocarno.ch\/de\/wp-json\/wp\/v2\/product_brand?post=119961"},{"taxonomy":"product_cat","embeddable":true,"href":"https:\/\/lighthouselocarno.ch\/de\/wp-json\/wp\/v2\/product_cat?post=119961"},{"taxonomy":"product_tag","embeddable":true,"href":"https:\/\/lighthouselocarno.ch\/de\/wp-json\/wp\/v2\/product_tag?post=119961"}],"curies":[{"name":"wp","href":"https:\/\/api.w.org\/{rel}","templated":true}]}}