{"id":119973,"date":"2024-04-02T15:52:19","date_gmt":"2024-04-02T15:52:19","guid":{"rendered":"https:\/\/lighthouselocarno.ch\/prodotti\/atollo-bettdecke\/"},"modified":"2024-03-05T13:46:18","modified_gmt":"2024-03-05T13:46:18","slug":"bettdecke-atoll-art-pure","status":"publish","type":"product","link":"https:\/\/lighthouselocarno.ch\/de\/produkt\/bettdecke-atoll-art-pure\/","title":{"rendered":"Atollo Doppelbettdecke mit Barockstickerei"},"content":{"rendered":"<p>SCH\u00d6NHEITSTIPPS<\/p>\n<p>WASH<br \/>\nMaschinenwaschbar bei 30-40 Grad.<br \/>\nAlle Kleidungsst\u00fccke von Arte Pura sind in nat\u00fcrlichen Farben handgef\u00e4rbt.<br \/>\nEs ist m\u00f6glich, dass sie bei den ersten W\u00e4schen etwas an Farbe verlieren, was zu einem Vintage-Ton f\u00fchrt, der einzigartig f\u00fcr diese Marke ist.<br \/>\nBeim Waschen von Kleidung mit alten Farben empfehle ich dringend, bei den ersten 3-4 Waschg\u00e4ngen 1 kg Meersalz in die Waschmaschine zu geben, um die Farben gut zu fixieren.<\/p>\n<p>Die zum Abt\u00f6nen verwendeten Pigmente sind alle nat\u00fcrlichen mineralischen Ursprungs.<br \/>\nDie Farben werden in speziellen B\u00e4dern gemischt, in denen die Kleidungsst\u00fccke St\u00fcck f\u00fcr St\u00fcck gef\u00e4rbt werden.<\/p>\n<p>&nbsp;<\/p>\n","protected":false},"excerpt":{"rendered":"<p>Doppelbettdecke aus Leinen und Baumwollmusselin mit elastischer Barockstickerei und Volants. Abmessungen 270&#215;270 cm.<\/p>\n<p>Tagesdecke, die in Italien aus 100% hochwertigem Leinen hergestellt wird und sich durch spezielle Behandlungen, die das nat\u00fcrliche Aussehen verst\u00e4rken, weich anf\u00fchlt.<\/p>\n<p>Dieser Stoff ist ideal f\u00fcr das Bett, da er hypoallergen und antibakteriell ist. Au\u00dferdem werden nat\u00fcrliche, nicht allergene Farbstoffe verwendet, die der Naturfaser Glanz und Lebendigkeit verleihen.<\/p>\n<p>Langlebigkeit und einfache Wartung sind weitere Pluspunkte Ihrer Wahl.<\/p>\n<p>Ideal, um Ihre Bettausstattung zu versch\u00f6nern: allein oder in Kombination mit farbigen Kissenbez\u00fcgen und Laken, um immer wieder originelle Kombinationen zu schaffen.<\/p>\n<p>Bitte lesen Sie den Abschnitt \u201eProduktpflege\u201c f\u00fcr alle Waschanweisungen.<\/p>\n<p>Wei\u00dfe Farbe, Wartezeit 10 Tage<br \/>\nAndere Farben, Wartezeit 8 Wochen<\/p>\n<p>Farbfoto: 437 Amabile Alt<br \/>\nKopfkissenbezug und Laken Farbe: 43 Powder Old<br \/>\n100% Leinen, Futter 100% Baumwolle<\/p>\n<p>Maschinenwaschbar bei 30-40 Grad.<br \/>\nAlle Kleidungsst\u00fccke von Arte Pura sind mit nat\u00fcrlichen Mineralfarben handgef\u00e4rbt.<br \/>\nEs ist m\u00f6glich, dass sie bei den ersten W\u00e4schen etwas an Farbe verlieren, was ihnen einen f\u00fcr diese Marke typischen Vintage-Ton verleiht.<br \/>\nBeim Waschen von Kleidung mit alten Farben empfehle ich dringend, bei den ersten 3-4 Waschg\u00e4ngen 1 kg Meersalz in die Waschmaschine zu geben, um die Farben gut zu fixieren.<\/p>\n","protected":false},"featured_media":100163,"template":"","meta":{"_seopress_robots_primary_cat":"81","_seopress_titles_title":"","_seopress_titles_desc":"","_seopress_robots_index":""},"product_brand":[],"product_cat":[5957,6127,3748],"product_tag":[4601,3807,4605],"class_list":{"0":"post-119973","1":"product","2":"type-product","3":"status-publish","4":"has-post-thumbnail","6":"product_cat-bettwaesche","7":"product_cat-bettwasche-komplett","8":"product_cat-wohnaccessoires","9":"product_tag-bett","10":"product_tag-reine-kunst","11":"product_tag-tagesdecke","12":"pa_colore-alter-gedanke-441","13":"pa_colore-alter-lehm-048","14":"pa_colore-bonbon-alt-429","15":"pa_colore-butter-alt-047","16":"pa_colore-convivio-438-de","17":"pa_colore-engel-alt-401","18":"pa_colore-ereignis-alt-436","19":"pa_colore-essenza-alt-409","20":"pa_colore-fee-alt-405","21":"pa_colore-granit-alt-427","22":"pa_colore-hauch-alt-415","23":"pa_colore-kreide-alt-044","24":"pa_colore-lava-alt-037","25":"pa_colore-lebenslauf-alt-433","26":"pa_colore-liebenswerte-alte-437","27":"pa_colore-luxus-alt-432","28":"pa_colore-malta-alt-414","29":"pa_colore-mineralien-alt-410","30":"pa_colore-ostsee-alt-428","31":"pa_colore-pfingstrose-alt-417","32":"pa_colore-puder-alt-043","33":"pa_colore-retro-900-de","34":"pa_colore-roma-alt-435","35":"pa_colore-schwarz-021","36":"pa_colore-see-440","37":"pa_colore-see-old-440","38":"pa_colore-stein-alt-425","39":"pa_colore-suser-alter-434","40":"pa_colore-weis-019","42":"first","43":"instock","44":"shipping-taxable","45":"purchasable","46":"product-type-variable","47":"has-default-attributes"},"jetpack_sharing_enabled":true,"_links":{"self":[{"href":"https:\/\/lighthouselocarno.ch\/de\/wp-json\/wp\/v2\/product\/119973","targetHints":{"allow":["GET"]}}],"collection":[{"href":"https:\/\/lighthouselocarno.ch\/de\/wp-json\/wp\/v2\/product"}],"about":[{"href":"https:\/\/lighthouselocarno.ch\/de\/wp-json\/wp\/v2\/types\/product"}],"wp:featuredmedia":[{"embeddable":true,"href":"https:\/\/lighthouselocarno.ch\/de\/wp-json\/wp\/v2\/media\/100163"}],"wp:attachment":[{"href":"https:\/\/lighthouselocarno.ch\/de\/wp-json\/wp\/v2\/media?parent=119973"}],"wp:term":[{"taxonomy":"product_brand","embeddable":true,"href":"https:\/\/lighthouselocarno.ch\/de\/wp-json\/wp\/v2\/product_brand?post=119973"},{"taxonomy":"product_cat","embeddable":true,"href":"https:\/\/lighthouselocarno.ch\/de\/wp-json\/wp\/v2\/product_cat?post=119973"},{"taxonomy":"product_tag","embeddable":true,"href":"https:\/\/lighthouselocarno.ch\/de\/wp-json\/wp\/v2\/product_tag?post=119973"}],"curies":[{"name":"wp","href":"https:\/\/api.w.org\/{rel}","templated":true}]}}