{"id":119975,"date":"2022-05-02T15:08:02","date_gmt":"2022-05-02T15:08:02","guid":{"rendered":"https:\/\/lighthouselocarno.ch\/prodotti\/weisser-bikini-mit-juwelenverzierung\/"},"modified":"2023-08-30T16:03:46","modified_gmt":"2023-08-30T16:03:46","slug":"bikini-weis-mit-verzierung-schmuck","status":"publish","type":"product","link":"https:\/\/lighthouselocarno.ch\/de\/produkt\/bikini-weis-mit-verzierung-schmuck\/","title":{"rendered":"Wei\u00dfer Bikini mit Juwelenverzierung"},"content":{"rendered":"<p><strong><em>Wie w\u00e4hlt man einen Badeanzug, um sich sch\u00f6n zu f\u00fchlen?<\/em><\/strong><\/p>\n<p>Die Wahl des <strong>perfekten Badeanzugs<\/strong> ist nicht nur eine Frage des Geschmacks. Schnitte, Farben, Muster, Schultertr\u00e4ger, Ausschnitte, was auch immer&#8230; all das sind Elemente, auf die man beim Einkauf von <strong>Strandmode<\/strong> achten sollte und die zu wahren Verb\u00fcndeten werden k\u00f6nnen, wenn es darum geht, die eigene <strong>Silhouette<\/strong> zu betonen, ohne dass man sich daran st\u00f6rt. Denken Sie daran, dass bestimmte Arten von <strong>Bademode<\/strong> Ihnen helfen k\u00f6nnen, Ihre <strong>Figur in Einklang <\/strong>zu bringen. Der weibliche K\u00f6rper l\u00e4sst sich in vier verschiedene Figurtypen einteilen: Apfel, Birne, Rechteck und Sanduhr. Dies sind die Standardrichtlinien, die Ihnen helfen werden, den <strong>richtigen Badeanzug f\u00fcr Sie<\/strong> zu w\u00e4hlen, der die besten Teile Ihres K\u00f6rpers zur Geltung bringt. Vergessen Sie nicht, dass der richtige Badeanzug auch derjenige ist, der eventuelle Schw\u00e4chen kaschiert und Ihre St\u00e4rken zur Geltung bringt.<\/p>\n<p>&nbsp;<\/p>\n","protected":false},"excerpt":{"rendered":"<p><b>Eleganter Bandeau-Bikini <\/b>mit <b>Swarovski-Kristallschmuck<\/b> auf der linken Seite des Unterteils.<\/p>\n<p><b>Die Sch\u00e4rpe wird auf dem R\u00fccken gebunden und hat zwei abnehmbare Riemen.<\/b><br \/>\nFarbe: wei\u00dfes Bandeau mit silberner Lurex-Stickerei, wei\u00dfer Slip mit goldener Metallringverzierung und Steinen.<br \/>\nHandgefertigt.<br \/>\nMaterial: 80% Polyamid 20% Elastan<\/p>\n","protected":false},"featured_media":100118,"template":"","meta":{"_seopress_robots_primary_cat":"2544","_seopress_titles_title":"","_seopress_titles_desc":"","_seopress_robots_index":""},"product_brand":[],"product_cat":[3891],"product_tag":[3892,4580,4604],"class_list":{"0":"post-119975","1":"product","2":"type-product","3":"status-publish","4":"has-post-thumbnail","6":"product_cat-vertrieb","7":"product_tag-bikini-de","8":"product_tag-ilaria-vitagliano-de","9":"product_tag-strandbekleidung-2020","11":"first","12":"instock","13":"sale","14":"shipping-taxable","15":"purchasable","16":"product-type-variable","17":"has-default-attributes"},"jetpack_sharing_enabled":true,"_links":{"self":[{"href":"https:\/\/lighthouselocarno.ch\/de\/wp-json\/wp\/v2\/product\/119975","targetHints":{"allow":["GET"]}}],"collection":[{"href":"https:\/\/lighthouselocarno.ch\/de\/wp-json\/wp\/v2\/product"}],"about":[{"href":"https:\/\/lighthouselocarno.ch\/de\/wp-json\/wp\/v2\/types\/product"}],"wp:featuredmedia":[{"embeddable":true,"href":"https:\/\/lighthouselocarno.ch\/de\/wp-json\/wp\/v2\/media\/100118"}],"wp:attachment":[{"href":"https:\/\/lighthouselocarno.ch\/de\/wp-json\/wp\/v2\/media?parent=119975"}],"wp:term":[{"taxonomy":"product_brand","embeddable":true,"href":"https:\/\/lighthouselocarno.ch\/de\/wp-json\/wp\/v2\/product_brand?post=119975"},{"taxonomy":"product_cat","embeddable":true,"href":"https:\/\/lighthouselocarno.ch\/de\/wp-json\/wp\/v2\/product_cat?post=119975"},{"taxonomy":"product_tag","embeddable":true,"href":"https:\/\/lighthouselocarno.ch\/de\/wp-json\/wp\/v2\/product_tag?post=119975"}],"curies":[{"name":"wp","href":"https:\/\/api.w.org\/{rel}","templated":true}]}}