{"id":119976,"date":"2020-02-12T22:22:49","date_gmt":"2020-02-12T22:22:49","guid":{"rendered":"https:\/\/lighthouselocarno.ch\/prodotti\/ungaretti-rahmen\/"},"modified":"2023-08-18T07:55:26","modified_gmt":"2023-08-18T07:55:26","slug":"rahmen-ungaretti-kunst-pura","status":"publish","type":"product","link":"https:\/\/lighthouselocarno.ch\/de\/produkt\/rahmen-ungaretti-kunst-pura\/","title":{"rendered":"Ungaretti-Rahmen"},"content":{"rendered":"<p>Rahmen mit Ungaretti-Muster aus der Kollektion Dress Your Space - Arte Pura.<br \/>\nSie sind dazu bestimmt, mit Fotos in beliebiger Reihenfolge gef\u00fcllt zu werden.<br \/>\nDa es aber Raum f\u00fcr Kreativit\u00e4t l\u00e4sst, eignet es sich f\u00fcr viele andere Zwecke.<br \/>\nIch habe Badspiegel, aber auch Schlafzimmerspiegel, Eingangsspiegel&#8230;<br \/>\nDer Rahmen ist mit Haken zum Aufh\u00e4ngen wie ein Gem\u00e4lde ausgestattet.<br \/>\nVollst\u00e4ndig von Hand ausgef\u00fchrt und bemalt.<br \/>\nFarbe: wei\u00dfer antiker Acryl-Mattlack.<br \/>\nMaterial: Massivholz Fichte\/Pappel.<br \/>\nAbmessungen: 85 x 96<br \/>\nGewicht: 4kg<br \/>\nWird montiert geliefert.<br \/>\nDieses Produkt kann nur auf Bestellung geliefert werden.<br \/>\nWartezeit: etwa 3 Wochen.<\/p>\n","protected":false},"excerpt":{"rendered":"<p>Fotorahmen oder Spiegelhalter im Shabby-Stil.<br \/>\nReine Kunst<\/p>\n","protected":false},"featured_media":100082,"template":"","meta":{"_seopress_robots_primary_cat":"","_seopress_titles_title":"","_seopress_titles_desc":"","_seopress_robots_index":""},"product_brand":[],"product_cat":[6035,7196,4073,3748],"product_tag":[],"class_list":{"0":"post-119976","1":"product","2":"type-product","3":"status-publish","4":"has-post-thumbnail","6":"product_cat-accessoires-de","7":"product_cat-deko-de","8":"product_cat-mobel","9":"product_cat-wohnaccessoires","11":"first","12":"instock","13":"shipping-taxable","14":"purchasable","15":"product-type-simple"},"jetpack_sharing_enabled":true,"_links":{"self":[{"href":"https:\/\/lighthouselocarno.ch\/de\/wp-json\/wp\/v2\/product\/119976","targetHints":{"allow":["GET"]}}],"collection":[{"href":"https:\/\/lighthouselocarno.ch\/de\/wp-json\/wp\/v2\/product"}],"about":[{"href":"https:\/\/lighthouselocarno.ch\/de\/wp-json\/wp\/v2\/types\/product"}],"wp:featuredmedia":[{"embeddable":true,"href":"https:\/\/lighthouselocarno.ch\/de\/wp-json\/wp\/v2\/media\/100082"}],"wp:attachment":[{"href":"https:\/\/lighthouselocarno.ch\/de\/wp-json\/wp\/v2\/media?parent=119976"}],"wp:term":[{"taxonomy":"product_brand","embeddable":true,"href":"https:\/\/lighthouselocarno.ch\/de\/wp-json\/wp\/v2\/product_brand?post=119976"},{"taxonomy":"product_cat","embeddable":true,"href":"https:\/\/lighthouselocarno.ch\/de\/wp-json\/wp\/v2\/product_cat?post=119976"},{"taxonomy":"product_tag","embeddable":true,"href":"https:\/\/lighthouselocarno.ch\/de\/wp-json\/wp\/v2\/product_tag?post=119976"}],"curies":[{"name":"wp","href":"https:\/\/api.w.org\/{rel}","templated":true}]}}