{"id":120086,"date":"2020-03-09T15:10:03","date_gmt":"2020-03-09T15:10:03","guid":{"rendered":"https:\/\/lighthouselocarno.ch\/prodotti\/laeufer-mit-rueschen-und-korinthischer-spitze\/"},"modified":"2023-07-05T14:59:30","modified_gmt":"2023-07-05T14:59:30","slug":"runner-volant-corinthian-by-chez-moi","status":"publish","type":"product","link":"https:\/\/lighthouselocarno.ch\/de\/produkt\/runner-volant-corinthian-by-chez-moi\/","title":{"rendered":"L\u00e4ufer mit R\u00fcschen und korinthischer Spitze"},"content":{"rendered":"<p>L\u00c4UFER MIT VOLANT UND KORINTISCHER SPITZE, Kollektion CHEZ MOI.<\/p>\n<p>Streifen f\u00fcr den Tisch aus reinem Leinen mit Spitze und Leinenr\u00fcschen, ideal f\u00fcr die Tischdekoration und zum \u00dcberziehen von Tischt\u00fcchern w\u00e4hrend der Mahlzeiten.<br \/>\nHergestellt in Italien.<\/p>\n<p>Erh\u00e4ltlich in den Farben:<br \/>\nWei\u00df, Lehm, Elfenbein, Zement, Puder und Minze.<br \/>\nAbmessungen: 50 x 160 cm.<br \/>\nStoff: 100% Leinen, Spitze 80% Nylon 20% Baumwolle.<br \/>\nLieferfrist: 2-3 Wochen.<\/p>\n","protected":false},"excerpt":{"rendered":"<p>L\u00c4UFER MIT CORINZIO VOLANT, Kollektion CHEZ MOI.<br \/>\nAbmessungen: 50 x 160 cm.<br \/>\nStoff: 100% Leinen und Spitze.<\/p>\n","protected":false},"featured_media":100220,"template":"","meta":{"_seopress_robots_primary_cat":"","_seopress_titles_title":"","_seopress_titles_desc":"","_seopress_robots_index":""},"product_brand":[],"product_cat":[3755,6288,3748],"product_tag":[4634,3868,4633,4632],"class_list":{"0":"post-120086","1":"product","2":"type-product","3":"status-publish","4":"has-post-thumbnail","6":"product_cat-tisch-zu-behoer","7":"product_cat-tischlaufer","8":"product_cat-wohnaccessoires","9":"product_tag-durchziehen","10":"product_tag-schabig","11":"product_tag-streifen-mit-rusche","12":"product_tag-tischlaufer","14":"first","15":"instock","16":"shipping-taxable","17":"purchasable","18":"product-type-variable","19":"has-default-attributes"},"jetpack_sharing_enabled":true,"_links":{"self":[{"href":"https:\/\/lighthouselocarno.ch\/de\/wp-json\/wp\/v2\/product\/120086","targetHints":{"allow":["GET"]}}],"collection":[{"href":"https:\/\/lighthouselocarno.ch\/de\/wp-json\/wp\/v2\/product"}],"about":[{"href":"https:\/\/lighthouselocarno.ch\/de\/wp-json\/wp\/v2\/types\/product"}],"wp:featuredmedia":[{"embeddable":true,"href":"https:\/\/lighthouselocarno.ch\/de\/wp-json\/wp\/v2\/media\/100220"}],"wp:attachment":[{"href":"https:\/\/lighthouselocarno.ch\/de\/wp-json\/wp\/v2\/media?parent=120086"}],"wp:term":[{"taxonomy":"product_brand","embeddable":true,"href":"https:\/\/lighthouselocarno.ch\/de\/wp-json\/wp\/v2\/product_brand?post=120086"},{"taxonomy":"product_cat","embeddable":true,"href":"https:\/\/lighthouselocarno.ch\/de\/wp-json\/wp\/v2\/product_cat?post=120086"},{"taxonomy":"product_tag","embeddable":true,"href":"https:\/\/lighthouselocarno.ch\/de\/wp-json\/wp\/v2\/product_tag?post=120086"}],"curies":[{"name":"wp","href":"https:\/\/api.w.org\/{rel}","templated":true}]}}