{"id":120108,"date":"2020-03-09T16:58:24","date_gmt":"2020-03-09T16:58:24","guid":{"rendered":"https:\/\/lighthouselocarno.ch\/prodotti\/korinthische-suite-vorhang-220-x-300\/"},"modified":"2023-08-29T16:01:14","modified_gmt":"2023-08-29T16:01:14","slug":"tenda-suite-corinzio-220-x-300","status":"publish","type":"product","link":"https:\/\/lighthouselocarno.ch\/de\/produkt\/tenda-suite-corinzio-220-x-300\/","title":{"rendered":"Korinthische Suite Vorhang 220 x 300"},"content":{"rendered":"<p>CURTAIN SUITE CORINZIO CHEZ MOI Kollektion.<br \/>\nVorhang aus Viskose und korinthischer Spitze.<br \/>\nEr besteht aus drei 70 cm breiten Spitzenb\u00e4ndern, hinter denen sich Viskose-Cannoli verbergen, die sich am Ende des Vorhangs \u00f6ffnen. Der Vorhang hat eine mit Spitze \u00fcberzogene Stockschlaufe und Schn\u00fcre, um ihn am Stock zu befestigen.<br \/>\nAlle in Italien hergestellt.<br \/>\nDie Tonfarbe ist ein sehr zartes Beige, das gut zu Taubengrau und Grau passt.<br \/>\nAuch in Elfenbein erh\u00e4ltlich.<\/p>\n<p>Stoff: 100% Viskose.<br \/>\nAbmessungen: L 220 x 300 H<\/p>\n<p>Lieferfrist: 2-3 Wochen<\/p>\n","protected":false},"excerpt":{"rendered":"<p>KORINTHISCHE ZELT-SUITE,<br \/>\nCHEZ MOI Kollektion.<br \/>\nStoff: 100% VISCOSE<br \/>\nAbmessungen: L 220 x 300 H<\/p>\n","protected":false},"featured_media":100202,"template":"","meta":{"_seopress_robots_primary_cat":"81","_seopress_titles_title":"","_seopress_titles_desc":"","_seopress_robots_index":""},"product_brand":[],"product_cat":[6091,7195,3748],"product_tag":[3868,4401,4637,4636],"class_list":{"0":"post-120108","1":"product","2":"type-product","3":"status-publish","4":"has-post-thumbnail","6":"product_cat-vorhange","7":"product_cat-vorhaenge-de","8":"product_cat-wohnaccessoires","9":"product_tag-schabig","10":"product_tag-spitze-de","11":"product_tag-spitzenvorhang","12":"product_tag-vorhang-de","14":"first","15":"instock","16":"shipping-taxable","17":"purchasable","18":"product-type-variable"},"jetpack_sharing_enabled":true,"_links":{"self":[{"href":"https:\/\/lighthouselocarno.ch\/de\/wp-json\/wp\/v2\/product\/120108","targetHints":{"allow":["GET"]}}],"collection":[{"href":"https:\/\/lighthouselocarno.ch\/de\/wp-json\/wp\/v2\/product"}],"about":[{"href":"https:\/\/lighthouselocarno.ch\/de\/wp-json\/wp\/v2\/types\/product"}],"wp:featuredmedia":[{"embeddable":true,"href":"https:\/\/lighthouselocarno.ch\/de\/wp-json\/wp\/v2\/media\/100202"}],"wp:attachment":[{"href":"https:\/\/lighthouselocarno.ch\/de\/wp-json\/wp\/v2\/media?parent=120108"}],"wp:term":[{"taxonomy":"product_brand","embeddable":true,"href":"https:\/\/lighthouselocarno.ch\/de\/wp-json\/wp\/v2\/product_brand?post=120108"},{"taxonomy":"product_cat","embeddable":true,"href":"https:\/\/lighthouselocarno.ch\/de\/wp-json\/wp\/v2\/product_cat?post=120108"},{"taxonomy":"product_tag","embeddable":true,"href":"https:\/\/lighthouselocarno.ch\/de\/wp-json\/wp\/v2\/product_tag?post=120108"}],"curies":[{"name":"wp","href":"https:\/\/api.w.org\/{rel}","templated":true}]}}