{"id":120178,"date":"2020-03-06T16:49:49","date_gmt":"2020-03-06T16:49:49","guid":{"rendered":"https:\/\/lighthouselocarno.ch\/prodotti\/kissenbezug-40x40-pizzo-farnese\/"},"modified":"2023-07-05T14:52:56","modified_gmt":"2023-07-05T14:52:56","slug":"kissenbezug-kissen-40x40-lace-farnish-art-pure","status":"publish","type":"product","link":"https:\/\/lighthouselocarno.ch\/de\/produkt\/kissenbezug-kissen-40x40-lace-farnish-art-pure\/","title":{"rendered":"Kissenbezug 40&#215;40 Pizzo Farnese"},"content":{"rendered":"<p>SCH\u00d6NHEITSTIPPS<\/p>\n<p>WASH<br \/>\nMaschinenwaschbar bei 30-40 Grad.<br \/>\nAlle Kleidungsst\u00fccke von Arte Pura sind in nat\u00fcrlichen Farben handgef\u00e4rbt.<br \/>\nEs ist m\u00f6glich, dass sie bei den ersten W\u00e4schen etwas an Farbe verlieren, was zu einem Vintage-Ton f\u00fchrt, der einzigartig f\u00fcr diese Marke ist.<br \/>\nBeim Waschen von Kleidung mit alten Farben empfehle ich dringend, bei den ersten 3-4 Waschg\u00e4ngen 1 kg Meersalz in die Waschmaschine zu geben, um die Farben gut zu fixieren.<\/p>\n<p>Die zum Abt\u00f6nen verwendeten Pigmente sind alle nat\u00fcrlichen mineralischen Ursprungs.<br \/>\nDie Farben werden in speziellen B\u00e4dern gemischt, in denen die Kleidungsst\u00fccke St\u00fcck f\u00fcr St\u00fcck gef\u00e4rbt werden.<\/p>\n","protected":false},"excerpt":{"rendered":"<p>Kissenbezug verziert mit Farnese-Spitze wie auf dem Bild - Arte Pura.<br \/>\n100% Leinen, 40 x 40 cm gro\u00df.<br \/>\nSpitze: Baumwolle und Organza<br \/>\nKn\u00f6pfe aus Perlmutt<br \/>\nGr\u00f6\u00dfe: 40&#215;40<br \/>\nNachbestellungen innerhalb von 10 Tagen m\u00f6glich!<\/p>\n","protected":false},"featured_media":100181,"template":"","meta":{"_seopress_robots_primary_cat":"","_seopress_titles_title":"","_seopress_titles_desc":"","_seopress_robots_index":""},"product_brand":[],"product_cat":[5957,5958,3748],"product_tag":[4653,4652],"class_list":{"0":"post-120178","1":"product","2":"type-product","3":"status-publish","4":"has-post-thumbnail","6":"product_cat-bettwaesche","7":"product_cat-kissenbezuge","8":"product_cat-wohnaccessoires","9":"product_tag-dekorativer-kopfkissenbezug","10":"product_tag-kissen-40x40","12":"first","13":"instock","14":"shipping-taxable","15":"purchasable","16":"product-type-variable","17":"has-default-attributes"},"jetpack_sharing_enabled":true,"_links":{"self":[{"href":"https:\/\/lighthouselocarno.ch\/de\/wp-json\/wp\/v2\/product\/120178","targetHints":{"allow":["GET"]}}],"collection":[{"href":"https:\/\/lighthouselocarno.ch\/de\/wp-json\/wp\/v2\/product"}],"about":[{"href":"https:\/\/lighthouselocarno.ch\/de\/wp-json\/wp\/v2\/types\/product"}],"wp:featuredmedia":[{"embeddable":true,"href":"https:\/\/lighthouselocarno.ch\/de\/wp-json\/wp\/v2\/media\/100181"}],"wp:attachment":[{"href":"https:\/\/lighthouselocarno.ch\/de\/wp-json\/wp\/v2\/media?parent=120178"}],"wp:term":[{"taxonomy":"product_brand","embeddable":true,"href":"https:\/\/lighthouselocarno.ch\/de\/wp-json\/wp\/v2\/product_brand?post=120178"},{"taxonomy":"product_cat","embeddable":true,"href":"https:\/\/lighthouselocarno.ch\/de\/wp-json\/wp\/v2\/product_cat?post=120178"},{"taxonomy":"product_tag","embeddable":true,"href":"https:\/\/lighthouselocarno.ch\/de\/wp-json\/wp\/v2\/product_tag?post=120178"}],"curies":[{"name":"wp","href":"https:\/\/api.w.org\/{rel}","templated":true}]}}