{"id":120226,"date":"2020-05-09T18:49:04","date_gmt":"2020-05-09T18:49:04","guid":{"rendered":"https:\/\/lighthouselocarno.ch\/prodotti\/eponge-wandleuchte\/"},"modified":"2023-07-05T14:49:56","modified_gmt":"2023-07-05T14:49:56","slug":"eponge-applique-charlot-cie","status":"publish","type":"product","link":"https:\/\/lighthouselocarno.ch\/de\/produkt\/eponge-applique-charlot-cie\/","title":{"rendered":"\u00c9PONGE - Wandleuchte"},"content":{"rendered":"<p>Hergestellt in Frankreich<\/p>\n","protected":false},"excerpt":{"rendered":"<p>Sch\u00f6ne, vollst\u00e4ndig handgefertigte Designer-Wandleuchte. Besteht aus einer feinen Drahtbasis, die mit Krepppapier in Form eines l\u00e4nglichen Meeresschwamms \u00fcberzogen ist.<\/p>\n<p>Abmessungen<br \/>\nGro\u00df: 85 x 60 cm<br \/>\nKlein: 45 x 35 cm<\/p>\n<p>Farbe: Wei\u00df<\/p>\n<p>Alle Lampen werden zum Zeitpunkt des Kaufs in der Werkstatt des K\u00fcnstlers hergestellt.<br \/>\nLieferzeit: ca. 3-4 Wochen<\/p>\n","protected":false},"featured_media":100370,"template":"","meta":{"_seopress_robots_primary_cat":"","_seopress_titles_title":"","_seopress_titles_desc":"","_seopress_robots_index":""},"product_brand":[],"product_cat":[7193,3748],"product_tag":[4659,4662],"class_list":{"0":"post-120226","1":"product","2":"type-product","3":"status-publish","4":"has-post-thumbnail","6":"product_cat-lampen","7":"product_cat-wohnaccessoires","8":"product_tag-design-wandleuchter","9":"product_tag-wandleuchte","11":"first","12":"instock","13":"shipping-taxable","14":"purchasable","15":"product-type-variable","16":"has-default-attributes"},"jetpack_sharing_enabled":true,"_links":{"self":[{"href":"https:\/\/lighthouselocarno.ch\/de\/wp-json\/wp\/v2\/product\/120226","targetHints":{"allow":["GET"]}}],"collection":[{"href":"https:\/\/lighthouselocarno.ch\/de\/wp-json\/wp\/v2\/product"}],"about":[{"href":"https:\/\/lighthouselocarno.ch\/de\/wp-json\/wp\/v2\/types\/product"}],"wp:featuredmedia":[{"embeddable":true,"href":"https:\/\/lighthouselocarno.ch\/de\/wp-json\/wp\/v2\/media\/100370"}],"wp:attachment":[{"href":"https:\/\/lighthouselocarno.ch\/de\/wp-json\/wp\/v2\/media?parent=120226"}],"wp:term":[{"taxonomy":"product_brand","embeddable":true,"href":"https:\/\/lighthouselocarno.ch\/de\/wp-json\/wp\/v2\/product_brand?post=120226"},{"taxonomy":"product_cat","embeddable":true,"href":"https:\/\/lighthouselocarno.ch\/de\/wp-json\/wp\/v2\/product_cat?post=120226"},{"taxonomy":"product_tag","embeddable":true,"href":"https:\/\/lighthouselocarno.ch\/de\/wp-json\/wp\/v2\/product_tag?post=120226"}],"curies":[{"name":"wp","href":"https:\/\/api.w.org\/{rel}","templated":true}]}}