{"id":120263,"date":"2020-05-10T08:13:04","date_gmt":"2020-05-10T08:13:04","guid":{"rendered":"https:\/\/lighthouselocarno.ch\/prodotti\/micoraline-mehrzweckleuchte\/"},"modified":"2023-08-24T09:50:42","modified_gmt":"2023-08-24T09:50:42","slug":"mycoral-applique-charlot-cie","status":"publish","type":"product","link":"https:\/\/lighthouselocarno.ch\/de\/produkt\/mycoral-applique-charlot-cie\/","title":{"rendered":"MICORALINE - Mehrzweckleuchte"},"content":{"rendered":"<p>Vielseitige Designerlampe.<br \/>\nKann als Tisch-, Wand- oder Deckenleuchte verwendet werden.<br \/>\nVollst\u00e4ndig handgefertigt. Bestehend aus einem feinen, mit Krepppapier \u00fcberzogenen Drahtsockel mit einem dichten Spiel von zentralen Punkten und einer l\u00e4nglichen Basis.<\/p>\n<p>Abmessungen<br \/>\nGro\u00df: 90 x 40 cm<br \/>\nKlein: 45 x 20 cm<\/p>\n<p>Farbe: Wei\u00df<\/p>\n<p>Alle Lampen werden zum Zeitpunkt des Kaufs in der Werkstatt des K\u00fcnstlers hergestellt.<br \/>\nLieferzeit: ca. 3-4 Wochen<\/p>\n","protected":false},"excerpt":{"rendered":"<p>Handgefertigte Designerlampe.<\/p>\n","protected":false},"featured_media":100394,"template":"","meta":{"_seopress_robots_primary_cat":"none","_seopress_titles_title":"","_seopress_titles_desc":"","_seopress_robots_index":""},"product_brand":[],"product_cat":[7193,3748],"product_tag":[],"class_list":{"0":"post-120263","1":"product","2":"type-product","3":"status-publish","4":"has-post-thumbnail","6":"product_cat-lampen","7":"product_cat-wohnaccessoires","9":"first","10":"instock","11":"shipping-taxable","12":"purchasable","13":"product-type-variable"},"jetpack_sharing_enabled":true,"_links":{"self":[{"href":"https:\/\/lighthouselocarno.ch\/de\/wp-json\/wp\/v2\/product\/120263","targetHints":{"allow":["GET"]}}],"collection":[{"href":"https:\/\/lighthouselocarno.ch\/de\/wp-json\/wp\/v2\/product"}],"about":[{"href":"https:\/\/lighthouselocarno.ch\/de\/wp-json\/wp\/v2\/types\/product"}],"wp:featuredmedia":[{"embeddable":true,"href":"https:\/\/lighthouselocarno.ch\/de\/wp-json\/wp\/v2\/media\/100394"}],"wp:attachment":[{"href":"https:\/\/lighthouselocarno.ch\/de\/wp-json\/wp\/v2\/media?parent=120263"}],"wp:term":[{"taxonomy":"product_brand","embeddable":true,"href":"https:\/\/lighthouselocarno.ch\/de\/wp-json\/wp\/v2\/product_brand?post=120263"},{"taxonomy":"product_cat","embeddable":true,"href":"https:\/\/lighthouselocarno.ch\/de\/wp-json\/wp\/v2\/product_cat?post=120263"},{"taxonomy":"product_tag","embeddable":true,"href":"https:\/\/lighthouselocarno.ch\/de\/wp-json\/wp\/v2\/product_tag?post=120263"}],"curies":[{"name":"wp","href":"https:\/\/api.w.org\/{rel}","templated":true}]}}