{"id":120268,"date":"2022-05-07T12:45:25","date_gmt":"2022-05-07T12:45:25","guid":{"rendered":"https:\/\/lighthouselocarno.ch\/prodotti\/organza-vorhang-weiss-019\/"},"modified":"2023-08-30T16:31:28","modified_gmt":"2023-08-30T16:31:28","slug":"zelt-in-organisation-weis-019","status":"publish","type":"product","link":"https:\/\/lighthouselocarno.ch\/de\/produkt\/zelt-in-organisation-weis-019\/","title":{"rendered":"Organza-Vorhang - Wei\u00df 019"},"content":{"rendered":"<p>Wei\u00dfer Organza-Vorhang mit Organza-Volant. Oberer Teil mit Vorbereitung f\u00fcr einen Stock und Verschluss mit Agoya-Perlmuttkn\u00f6pfen. Gr\u00f6\u00dfe 130&#215;300 cm.<\/p>\n","protected":false},"excerpt":{"rendered":"<p>Wei\u00dfer Organza-Vorhang mit Organza-Volant. Oberer Teil mit Vorbereitung f\u00fcr einen Stock und Verschluss mit Agoya-Perlmuttkn\u00f6pfen. Gr\u00f6\u00dfe 130&#215;300 cm.<\/p>\n","protected":false},"featured_media":106157,"template":"","meta":{"_seopress_robots_primary_cat":"","_seopress_titles_title":"","_seopress_titles_desc":"","_seopress_robots_index":""},"product_brand":[],"product_cat":[6091,7195,3748],"product_tag":[],"class_list":{"0":"post-120268","1":"product","2":"type-product","3":"status-publish","4":"has-post-thumbnail","6":"product_cat-vorhange","7":"product_cat-vorhaenge-de","8":"product_cat-wohnaccessoires","10":"first","11":"instock","12":"shipping-taxable","13":"purchasable","14":"product-type-simple"},"jetpack_sharing_enabled":true,"_links":{"self":[{"href":"https:\/\/lighthouselocarno.ch\/de\/wp-json\/wp\/v2\/product\/120268","targetHints":{"allow":["GET"]}}],"collection":[{"href":"https:\/\/lighthouselocarno.ch\/de\/wp-json\/wp\/v2\/product"}],"about":[{"href":"https:\/\/lighthouselocarno.ch\/de\/wp-json\/wp\/v2\/types\/product"}],"wp:featuredmedia":[{"embeddable":true,"href":"https:\/\/lighthouselocarno.ch\/de\/wp-json\/wp\/v2\/media\/106157"}],"wp:attachment":[{"href":"https:\/\/lighthouselocarno.ch\/de\/wp-json\/wp\/v2\/media?parent=120268"}],"wp:term":[{"taxonomy":"product_brand","embeddable":true,"href":"https:\/\/lighthouselocarno.ch\/de\/wp-json\/wp\/v2\/product_brand?post=120268"},{"taxonomy":"product_cat","embeddable":true,"href":"https:\/\/lighthouselocarno.ch\/de\/wp-json\/wp\/v2\/product_cat?post=120268"},{"taxonomy":"product_tag","embeddable":true,"href":"https:\/\/lighthouselocarno.ch\/de\/wp-json\/wp\/v2\/product_tag?post=120268"}],"curies":[{"name":"wp","href":"https:\/\/api.w.org\/{rel}","templated":true}]}}